{"id":93,"date":"2014-07-15T15:35:29","date_gmt":"2014-07-15T15:35:29","guid":{"rendered":"https:\/\/www.museedelaguerre.ca\/premiere-guerre-mondial\/?page_id=93"},"modified":"2015-03-25T18:40:29","modified_gmt":"2015-03-25T18:40:29","slug":"le-debut-de-la-guerre-des-tranchees","status":"publish","type":"page","link":"https:\/\/www.museedelaguerre.ca\/premiereguerremondiale\/histoire\/lentree-en-guerre\/origines-et-premieres-phases\/le-debut-de-la-guerre-des-tranchees\/","title":{"rendered":"Le d\u00e9but de la guerre des tranch\u00e9es"},"content":{"rendered":"<p class=\"excerpt\">La technologie des armes avait remarquablement progress\u00e9 au cours des 50 ann\u00e9es pr\u00e9c\u00e9dant la Premi\u00e8re Guerre mondiale. En d\u00e9pit des quelques guerres \u00ab\u00a0modernes\u00a0\u00bb qui avaient eu lieu de 1861 \u00e0 1913, peu d&rsquo;observateurs pr\u00e9voyaient que la puissance de feu allait commander le champ de bataille.<\/p>\n<p>Au d\u00e9but de la guerre, les g\u00e9n\u00e9raux oppos\u00e9s s&rsquo;attendaient \u00e0 des victoires rapides. Mais quand les arm\u00e9es s&rsquo;avanc\u00e8rent en terrain ouvert, elles subirent de graves pertes du fait des mitrailleuses, de l&rsquo;artillerie \u00e0 tir rapide et du tir de fusils mass\u00e9s. Quand les tentatives de d\u00e9bordement, les attaques surprises ou m\u00eame les d\u00e9barquements c\u00f4tiers eurent \u00e9chou\u00e9, il ne restait plus qu&rsquo;\u00e0 \u00ab\u00a0creuser\u00a0\u00bb pendant que le tir d&rsquo;artillerie ami pilonnait les d\u00e9fenses ennemies.<\/p>\n<h2>L&rsquo;impasse des tranch\u00e9es<\/h2>\n<p>Ces positions, d&rsquo;abord gu\u00e8re plus que des foss\u00e9s occup\u00e9s, devinrent progressivement des tranch\u00e9es.<\/p>\n<p>Les attaques de front contre elles caus\u00e8rent des pertes terribles, et il n&rsquo;y avait aucun moyen de les contourner, car le r\u00e9seau compliqu\u00e9 s&rsquo;\u00e9tirait sur un front continu de 700 kilom\u00e8tres, de la fronti\u00e8re suisse \u00e0 la Manche pr\u00e8s de Nieuport, en Belgique.<\/p>\n<p>Les lignes de tranch\u00e9es le long du front de l&rsquo;Ouest demeur\u00e8rent plus ou moins stationnaires au cours des quatre ann\u00e9es suivantes, malgr\u00e9 des efforts consid\u00e9rables, surtout de la part de forces fran\u00e7aises et britanniques, pour d\u00e9nouer l&rsquo;impasse. La puissance de la d\u00e9fensive &#8211; fil de fer barbel\u00e9, tranch\u00e9es profondes, arriv\u00e9e constante de renforts, mitrailleuses et artillerie &#8211; faisait en sorte que la plupart des attaques \u00e9taient d\u00e9jou\u00e9es et repouss\u00e9es avant qu&rsquo;on puisse atteindre les lignes de d\u00e9fense. M\u00eame celles qui allaient au-del\u00e0 des premi\u00e8res positions des d\u00e9fenseurs pouvaient rarement \u00eatre renforc\u00e9es et se voyaient donc g\u00e9n\u00e9ralement repouss\u00e9es par des contre-attaques.<\/p>\n<p>Les chars, les gaz toxiques et les nouvelles tactiques, tous con\u00e7us pour d\u00e9nouer l&rsquo;impasse, ne pouvaient \u00e0 eux seuls assurer \u00e0 un camp une victoire d\u00e9cisive. Avec le temps, tous les r\u00e9seaux de tranch\u00e9es devinrent plus complexes et r\u00e9sistants. Les forces allemandes, sur la d\u00e9fensive pendant la plus grande partie de la p\u00e9riode de 1915 \u00e0 1918, s&rsquo;av\u00e9r\u00e8rent particuli\u00e8rement expertes dans ce type de guerre.<\/p>\n<h2>Des millions de morts<\/h2>\n<p>Sur les champs de bataille balay\u00e9s par les tirs, une guerre d&rsquo;usure fit des millions de morts. Les forces attaquantes en vinrent \u00e0 introduire des tactiques, des id\u00e9es et des armes nouvelles pour vaincre la puissance des d\u00e9fenseurs prot\u00e9g\u00e9s par des tranch\u00e9es et la puissance du feu.<\/p>\n<h3>Poursuivez votre exploration avec ces sujets :<\/h3>\n<ul class=\"related\">\n<li><a href=\"\/premiereguerremondiale\/histoire\/batailles-et-combats\/armes-terrestres\/artillerie-et-mortiers\/\">Artillerie et mortiers<\/a><\/li>\n<li><a href=\"\/premiereguerremondiale\/histoire\/la-vie-au-front\/les-conditions-dans-les-tranchees\/la-vie-quotidienne-dans-les-tranchees\/\">La vie quotidienne dans les tranch\u00e9es<\/a><\/li>\n<li><a href=\"\/premiereguerremondiale\/histoire\/batailles-et-combats\/la-guerre-sur-terre\/fournir-le-materiel-necessaire-a-la-guerre\/\">Fournir le mat\u00e9riel n\u00e9cessaire \u00e0 la guerre<\/a><\/li>\n<\/ul>\n","protected":false},"excerpt":{"rendered":"<p>La technologie des armes avait remarquablement progress\u00e9 au cours des 50 ann\u00e9es pr\u00e9c\u00e9dant la Premi\u00e8re Guerre mondiale. En d\u00e9pit des quelques guerres \u00ab\u00a0modernes\u00a0\u00bb qui avaient eu lieu de 1861 \u00e0 1913, peu d&rsquo;observateurs pr\u00e9voyaient que la puissance de feu allait commander le champ de bataille. Au d\u00e9but de la guerre, les g\u00e9n\u00e9raux oppos\u00e9s s&rsquo;attendaient \u00e0 [&hellip;]<\/p>\n","protected":false},"author":1,"featured_media":95,"parent":26,"menu_order":3,"comment_status":"open","ping_status":"open","template":"single-history.php","meta":{"footnotes":""},"_links":{"self":[{"href":"https:\/\/www.museedelaguerre.ca\/premiereguerremondiale\/wp-json\/wp\/v2\/pages\/93"}],"collection":[{"href":"https:\/\/www.museedelaguerre.ca\/premiereguerremondiale\/wp-json\/wp\/v2\/pages"}],"about":[{"href":"https:\/\/www.museedelaguerre.ca\/premiereguerremondiale\/wp-json\/wp\/v2\/types\/page"}],"author":[{"embeddable":true,"href":"https:\/\/www.museedelaguerre.ca\/premiereguerremondiale\/wp-json\/wp\/v2\/users\/1"}],"replies":[{"embeddable":true,"href":"https:\/\/www.museedelaguerre.ca\/premiereguerremondiale\/wp-json\/wp\/v2\/comments?post=93"}],"version-history":[{"count":5,"href":"https:\/\/www.museedelaguerre.ca\/premiereguerremondiale\/wp-json\/wp\/v2\/pages\/93\/revisions"}],"predecessor-version":[{"id":3337,"href":"https:\/\/www.museedelaguerre.ca\/premiereguerremondiale\/wp-json\/wp\/v2\/pages\/93\/revisions\/3337"}],"up":[{"embeddable":true,"href":"https:\/\/www.museedelaguerre.ca\/premiereguerremondiale\/wp-json\/wp\/v2\/pages\/26"}],"wp:featuredmedia":[{"embeddable":true,"href":"https:\/\/www.museedelaguerre.ca\/premiereguerremondiale\/wp-json\/wp\/v2\/media\/95"}],"wp:attachment":[{"href":"https:\/\/www.museedelaguerre.ca\/premiereguerremondiale\/wp-json\/wp\/v2\/media?parent=93"}],"curies":[{"name":"wp","href":"https:\/\/api.w.org\/{rel}","templated":true}]}}