{"id":875,"date":"2014-07-24T19:00:25","date_gmt":"2014-07-24T19:00:25","guid":{"rendered":"https:\/\/www.museedelaguerre.ca\/premiereguerremondiale\/?page_id=875"},"modified":"2014-07-24T19:00:25","modified_gmt":"2014-07-24T19:00:25","slug":"canon-de-campagne-de-18-livres","status":"publish","type":"page","link":"https:\/\/www.museedelaguerre.ca\/premiereguerremondiale\/objets-et-photos\/armes-et-munitions\/pieces-dartillerie-et-grenades\/canon-de-campagne-de-18-livres\/","title":{"rendered":"Canon de campagne de 18 livres"},"content":{"rendered":"<p>Le canon de 18 livres \u00e9tait le canon de campagne le plus utilis\u00e9 par le Commonwealth britannique pendant la Premi\u00e8re Guerre mondiale. Plus de 10 000 de ces canons furent produits, de divers types, dont des variantes antia\u00e9riennes. Les canons britanniques de 18 livres tir\u00e8rent environ 100 millions d&rsquo;obus pendant la guerre, soit une moyenne de 43 coups par minute de 1914 \u00e0 1918.<\/p>\n","protected":false},"excerpt":{"rendered":"<p>Le canon de 18 livres \u00e9tait le canon de campagne le plus utilis\u00e9 par le Commonwealth britannique pendant la Premi\u00e8re Guerre mondiale. Plus de 10 000 de ces canons furent produits, de divers types, dont des variantes antia\u00e9riennes. Les canons britanniques de 18 livres tir\u00e8rent environ 100 millions d&rsquo;obus pendant la guerre, soit une moyenne [&hellip;]<\/p>\n","protected":false},"author":1,"featured_media":178,"parent":826,"menu_order":5,"comment_status":"open","ping_status":"open","template":"single-object.php","meta":{"footnotes":""},"_links":{"self":[{"href":"https:\/\/www.museedelaguerre.ca\/premiereguerremondiale\/wp-json\/wp\/v2\/pages\/875"}],"collection":[{"href":"https:\/\/www.museedelaguerre.ca\/premiereguerremondiale\/wp-json\/wp\/v2\/pages"}],"about":[{"href":"https:\/\/www.museedelaguerre.ca\/premiereguerremondiale\/wp-json\/wp\/v2\/types\/page"}],"author":[{"embeddable":true,"href":"https:\/\/www.museedelaguerre.ca\/premiereguerremondiale\/wp-json\/wp\/v2\/users\/1"}],"replies":[{"embeddable":true,"href":"https:\/\/www.museedelaguerre.ca\/premiereguerremondiale\/wp-json\/wp\/v2\/comments?post=875"}],"version-history":[{"count":1,"href":"https:\/\/www.museedelaguerre.ca\/premiereguerremondiale\/wp-json\/wp\/v2\/pages\/875\/revisions"}],"predecessor-version":[{"id":876,"href":"https:\/\/www.museedelaguerre.ca\/premiereguerremondiale\/wp-json\/wp\/v2\/pages\/875\/revisions\/876"}],"up":[{"embeddable":true,"href":"https:\/\/www.museedelaguerre.ca\/premiereguerremondiale\/wp-json\/wp\/v2\/pages\/826"}],"wp:featuredmedia":[{"embeddable":true,"href":"https:\/\/www.museedelaguerre.ca\/premiereguerremondiale\/wp-json\/wp\/v2\/media\/178"}],"wp:attachment":[{"href":"https:\/\/www.museedelaguerre.ca\/premiereguerremondiale\/wp-json\/wp\/v2\/media?parent=875"}],"curies":[{"name":"wp","href":"https:\/\/api.w.org\/{rel}","templated":true}]}}