{"id":83,"date":"2014-07-15T15:03:15","date_gmt":"2014-07-15T15:03:15","guid":{"rendered":"https:\/\/www.museedelaguerre.ca\/premiere-guerre-mondial\/?page_id=83"},"modified":"2015-03-25T18:38:07","modified_gmt":"2015-03-25T18:38:07","slug":"premiers-combats","status":"publish","type":"page","link":"https:\/\/www.museedelaguerre.ca\/premiereguerremondiale\/histoire\/lentree-en-guerre\/origines-et-premieres-phases\/premiers-combats\/","title":{"rendered":"Premiers combats"},"content":{"rendered":"<p class=\"excerpt\">La guerre commen\u00e7a comme on s&rsquo;y attendait, les arm\u00e9es oppos\u00e9es progressant rapidement les unes contre les autres et man\u0153uvrant pour prendre l&rsquo;avantage.<\/p>\n<h2>Premiers mouvements<\/h2>\n<p>Les Allemands envahirent la Belgique neutre pour s&rsquo;introduire dans le nord de la France dans le cadre d&rsquo;une strat\u00e9gie pr\u00e9par\u00e9e longtemps \u00e0 l&rsquo;avance, le \u00ab\u00a0Plan Schlieffen\u00a0\u00bb. Les Fran\u00e7ais gagn\u00e8rent l&rsquo;est pour reprendre l&rsquo;Alsace-Lorraine.<\/p>\n<p>La Grande-Bretagne s&rsquo;acquitta de ses obligations envers la France et la Belgique en d\u00e9ployant des troupes sur le chemin des forces allemandes dans les Flandres, le long de la fronti\u00e8re entre la France et la Belgique pr\u00e8s de la Manche.<\/p>\n<p>Les forces autrichiennes attaqu\u00e8rent la Serbie, la Russie avan\u00e7a vers l&rsquo;est de l&rsquo;Allemagne, et les forces russes et austro-hongroises s&rsquo;oppos\u00e8rent en Europe centrale.<\/p>\n<h2>Quasi-d\u00e9faite pour la France et la Grande-Bretagne<\/h2>\n<p>La guerre dans l&rsquo;ouest \u00e9tait presque perdue. Les arm\u00e9es allemandes se dirig\u00e8rent vers le sud, les forces fran\u00e7aises \u00e9tant stopp\u00e9es, ayant subi de lourdes pertes, dans leur offensive vers l&rsquo;est. Mais apr\u00e8s que les forces allemandes eurent avanc\u00e9 sur plusieurs centaines de kilom\u00e8tres vers Paris, une force franco-britannique les arr\u00eata au cours de la bataille de la Marne, qui fit rage durant cinq jours au d\u00e9but du mois de septembre. Les Allemands, \u00e9puis\u00e9s, battirent en retraite pour \u00e9tablir des positions d\u00e9fensives plus solides. La bataille sauva la France, mais une large bande de territoire avait \u00e9t\u00e9 perdue, et des dizaines de milliers de personnes furent tu\u00e9es.<\/p>\n<h2>La Course en mer<\/h2>\n<p>\u00c0 la suite de la bataille de la Marne, les arm\u00e9es allemande et alli\u00e9es man\u0153uvr\u00e8rent les unes contre les autres, cherchant un flanc ouvert pour s&rsquo;y glisser et forcer l&rsquo;ennemi \u00e0 battre en retraite.<\/p>\n<p>Dans une s\u00e9rie de batailles connues collectivement sous le nom de \u00ab\u00a0Course en mer\u00a0\u00bb, chaque camp emp\u00eacha l&rsquo;autre de le d\u00e9border. Le front de combat de Paris \u00e0 la Manche se remplit alors de lignes de d\u00e9fense oppos\u00e9es, les effets des tirs ennemis obligeant les soldats \u00e0 creuser des tranch\u00e9es au niveau du sol, et sous terre.<\/p>\n<h2>Impasse<\/h2>\n<p>Au bout de quelques mois, et apr\u00e8s des centaines de milliers de pertes, tout mouvement avait cess\u00e9. Les arm\u00e9es s&rsquo;affrontaient \u00e0 travers un \u00e9norme syst\u00e8me de tranch\u00e9es d&rsquo;environ 700 kilom\u00e8tres qui s&rsquo;\u00e9tendait de la Suisse \u00e0 la mer du Nord. Des attaques de front contre l&rsquo;artillerie, les mitrailleuses et les tirs massifs de fusils caus\u00e8rent de terribles pertes.<\/p>\n<p>La guerre \u00e9clair dans l&rsquo;Ouest avait men\u00e9 \u00e0 une impasse et \u00e0 une phase statique rarement interrompue au cours des quatre ann\u00e9es suivantes. \u00c0 certains endroits, particuli\u00e8rement sur le vaste front oriental ou dans les d\u00e9serts du Moyen-Orient, les arm\u00e9es demeur\u00e8rent plus mobiles, mais dans l&rsquo;ouest de l&rsquo;Europe, dans le nord de l&rsquo;Italie, dans les Balkans et partout o\u00f9 la puissance de feu pouvait dominer le mouvement, les soldats creus\u00e8rent le sol et ce fut le d\u00e9but de la guerre des tranch\u00e9es.<\/p>\n<h3>Poursuivez votre exploration avec ces sujets :<\/h3>\n<ul class=\"related\">\n<li><a href=\"\/premiereguerremondiale\/histoire\/batailles-et-combats\/armes-terrestres\/mitrailleuses\/\">Mitrailleuses<\/a><\/li>\n<li><a href=\"\/premiereguerremondiale\/histoire\/batailles-et-combats\/armes-terrestres\/armes-a-feu\/\">Armes \u00e0 feu<\/a><\/li>\n<li><a href=\"\/premiereguerremondiale\/histoire\/batailles-et-combats\/la-guerre-en-mer\/la-marine-royale-du-canada\/\">Marine royale du Canada<\/a><\/li>\n<\/ul>\n","protected":false},"excerpt":{"rendered":"<p>La guerre commen\u00e7a comme on s&rsquo;y attendait, les arm\u00e9es oppos\u00e9es progressant rapidement les unes contre les autres et man\u0153uvrant pour prendre l&rsquo;avantage. Premiers mouvements Les Allemands envahirent la Belgique neutre pour s&rsquo;introduire dans le nord de la France dans le cadre d&rsquo;une strat\u00e9gie pr\u00e9par\u00e9e longtemps \u00e0 l&rsquo;avance, le \u00ab\u00a0Plan Schlieffen\u00a0\u00bb. Les Fran\u00e7ais gagn\u00e8rent l&rsquo;est pour [&hellip;]<\/p>\n","protected":false},"author":1,"featured_media":85,"parent":26,"menu_order":2,"comment_status":"open","ping_status":"open","template":"single-history.php","meta":{"footnotes":""},"_links":{"self":[{"href":"https:\/\/www.museedelaguerre.ca\/premiereguerremondiale\/wp-json\/wp\/v2\/pages\/83"}],"collection":[{"href":"https:\/\/www.museedelaguerre.ca\/premiereguerremondiale\/wp-json\/wp\/v2\/pages"}],"about":[{"href":"https:\/\/www.museedelaguerre.ca\/premiereguerremondiale\/wp-json\/wp\/v2\/types\/page"}],"author":[{"embeddable":true,"href":"https:\/\/www.museedelaguerre.ca\/premiereguerremondiale\/wp-json\/wp\/v2\/users\/1"}],"replies":[{"embeddable":true,"href":"https:\/\/www.museedelaguerre.ca\/premiereguerremondiale\/wp-json\/wp\/v2\/comments?post=83"}],"version-history":[{"count":6,"href":"https:\/\/www.museedelaguerre.ca\/premiereguerremondiale\/wp-json\/wp\/v2\/pages\/83\/revisions"}],"predecessor-version":[{"id":3336,"href":"https:\/\/www.museedelaguerre.ca\/premiereguerremondiale\/wp-json\/wp\/v2\/pages\/83\/revisions\/3336"}],"up":[{"embeddable":true,"href":"https:\/\/www.museedelaguerre.ca\/premiereguerremondiale\/wp-json\/wp\/v2\/pages\/26"}],"wp:featuredmedia":[{"embeddable":true,"href":"https:\/\/www.museedelaguerre.ca\/premiereguerremondiale\/wp-json\/wp\/v2\/media\/85"}],"wp:attachment":[{"href":"https:\/\/www.museedelaguerre.ca\/premiereguerremondiale\/wp-json\/wp\/v2\/media?parent=83"}],"curies":[{"name":"wp","href":"https:\/\/api.w.org\/{rel}","templated":true}]}}