{"id":532,"date":"2014-07-21T20:08:52","date_gmt":"2014-07-21T20:08:52","guid":{"rendered":"https:\/\/www.museedelaguerre.ca\/premiere-guerre-mondial\/?page_id=532"},"modified":"2015-03-30T13:46:48","modified_gmt":"2015-03-30T13:46:48","slug":"le-memorial-de-vimy","status":"publish","type":"page","link":"https:\/\/www.museedelaguerre.ca\/premiereguerremondiale\/histoire\/apres-la-guerre\/se-souvenir\/le-memorial-de-vimy\/","title":{"rendered":"Le M\u00e9morial de Vimy"},"content":{"rendered":"<p class=\"excerpt\">La cr\u00eate de Vimy dans le nord de la France est le plus vaste lieu comm\u00e9moratif national canadien outre-mer.<\/p>\n<h2>Le m\u00e9morial<\/h2>\n<p>Situ\u00e9 sur un terrain offert par la France au peuple canadien, le monument domine le lieu o\u00f9 s&rsquo;est d\u00e9roul\u00e9e la mobilisation du Canada la plus reconnue de la Premi\u00e8re Guerre mondiale, la bataille de la cr\u00eate de Vimy, qui a eu lieu du 9 au 12 avril 1917. L&rsquo;imposante structure est l&rsquo;\u0153uvre de Walter Allward, un des plus c\u00e9l\u00e8bres sculpteurs canadiens, \u00e0 qui fut notamment command\u00e9 le monument comm\u00e9moratif national rappelant la participation du Canada \u00e0 la guerre d&rsquo;Afrique du Sud (1899-1902).<\/p>\n<p>Allward commen\u00e7a \u00e0 travailler au M\u00e9morial de Vimy en 1925 et le termina 11 ans plus tard, au co\u00fbt de 1,5 million de dollars. Il est orn\u00e9 de 20 figures all\u00e9goriques repr\u00e9sentant la foi, la justice, la paix, l&rsquo;honneur, la charit\u00e9, la v\u00e9rit\u00e9, la connaissance et l&rsquo;esp\u00e9rance. La figure centrale \u00ab\u00a0Le Canada pleurant ses fils disparus\u00a0\u00bb rappelle les pertes subies par le pays pendant la guerre. Le M\u00e9morial de Vimy porte les noms des 11 285 Canadiens qui ont \u00e9t\u00e9 tu\u00e9s sur le sol fran\u00e7ais et dont le lieu de s\u00e9pulture est inconnu.<\/p>\n<h2>Le legs<\/h2>\n<p>Le M\u00e9morial de Vimy fut inaugur\u00e9 en juillet 1936 devant une foule de plus de 100 000 personnes au nombre desquelles figuraient 6000 anciens combattants canadiens qui avaient fait le voyage outre-mer pour assister \u00e0 la c\u00e9r\u00e9monie. Le M\u00e9morial surv\u00e9cut \u00e0 la Deuxi\u00e8me Guerre mondiale malgr\u00e9 les craintes que les forces allemandes le d\u00e9truisent apr\u00e8s la reddition de la France. Adolf Hitler visita le M\u00e9morial et y fut photographi\u00e9 en 1940. Depuis la Deuxi\u00e8me Guerre mondiale, de nombreux Canadiens sont venus en p\u00e8lerinage, officiel ou non, au M\u00e9morial et \u00e0 son parc de 91 hectares entour\u00e9 d&rsquo;arbres et d&rsquo;arbustes.<\/p>\n<p>En 2007, apr\u00e8s plusieurs ann\u00e9es de restauration de grande envergure, le M\u00e9morial de la cr\u00eate de Vimy fut inaugur\u00e9 devant des dignitaires et plusieurs milliers de visiteurs canadiens. C&rsquo;est le principal site canadien comm\u00e9moratif et consacr\u00e9 au souvenir outre-mer, et un des symboles les plus largement reconnus du pass\u00e9 militaire du Canada.<\/p>\n<h3>Poursuivez votre exploration avec ces sujets :<\/h3>\n<ul class=\"related\">\n<li><a href=\"\/premiereguerremondiale\/histoire\/batailles-et-combats\/batailles-terrestres\/crete-de-vimy\/\">Cr\u00eate de Vimy<\/a><\/li>\n<li><a href=\"https:\/\/www.museedelaguerre.ca\/premiereguerremondiale\/histoire\/apres-la-guerre\/legs\/le-cout-de-la-guerre-du-canada\/\">Le co\u00fbt de la guerre du Canada<\/a><\/li>\n<li><a href=\"\/premiereguerremondiale\/histoire\/les-gens\/generaux\/sir-julian-byng\/\">Sir Julian Byng<\/a><\/li>\n<\/ul>\n","protected":false},"excerpt":{"rendered":"<p>La cr\u00eate de Vimy dans le nord de la France est le plus vaste lieu comm\u00e9moratif national canadien outre-mer. Le m\u00e9morial Situ\u00e9 sur un terrain offert par la France au peuple canadien, le monument domine le lieu o\u00f9 s&rsquo;est d\u00e9roul\u00e9e la mobilisation du Canada la plus reconnue de la Premi\u00e8re Guerre mondiale, la bataille de [&hellip;]<\/p>\n","protected":false},"author":1,"featured_media":505,"parent":513,"menu_order":7,"comment_status":"open","ping_status":"open","template":"single-history.php","meta":{"footnotes":""},"_links":{"self":[{"href":"https:\/\/www.museedelaguerre.ca\/premiereguerremondiale\/wp-json\/wp\/v2\/pages\/532"}],"collection":[{"href":"https:\/\/www.museedelaguerre.ca\/premiereguerremondiale\/wp-json\/wp\/v2\/pages"}],"about":[{"href":"https:\/\/www.museedelaguerre.ca\/premiereguerremondiale\/wp-json\/wp\/v2\/types\/page"}],"author":[{"embeddable":true,"href":"https:\/\/www.museedelaguerre.ca\/premiereguerremondiale\/wp-json\/wp\/v2\/users\/1"}],"replies":[{"embeddable":true,"href":"https:\/\/www.museedelaguerre.ca\/premiereguerremondiale\/wp-json\/wp\/v2\/comments?post=532"}],"version-history":[{"count":5,"href":"https:\/\/www.museedelaguerre.ca\/premiereguerremondiale\/wp-json\/wp\/v2\/pages\/532\/revisions"}],"predecessor-version":[{"id":3451,"href":"https:\/\/www.museedelaguerre.ca\/premiereguerremondiale\/wp-json\/wp\/v2\/pages\/532\/revisions\/3451"}],"up":[{"embeddable":true,"href":"https:\/\/www.museedelaguerre.ca\/premiereguerremondiale\/wp-json\/wp\/v2\/pages\/513"}],"wp:featuredmedia":[{"embeddable":true,"href":"https:\/\/www.museedelaguerre.ca\/premiereguerremondiale\/wp-json\/wp\/v2\/media\/505"}],"wp:attachment":[{"href":"https:\/\/www.museedelaguerre.ca\/premiereguerremondiale\/wp-json\/wp\/v2\/media?parent=532"}],"curies":[{"name":"wp","href":"https:\/\/api.w.org\/{rel}","templated":true}]}}