{"id":530,"date":"2014-07-21T19:52:03","date_gmt":"2014-07-21T19:52:03","guid":{"rendered":"https:\/\/www.museedelaguerre.ca\/premiere-guerre-mondial\/?page_id=530"},"modified":"2015-03-30T16:28:37","modified_gmt":"2015-03-30T16:28:37","slug":"le-monument-commemoratif-de-terre-neuve-a-beaumont-hamel","status":"publish","type":"page","link":"https:\/\/www.museedelaguerre.ca\/premiereguerremondiale\/histoire\/apres-la-guerre\/se-souvenir\/le-monument-commemoratif-de-terre-neuve-a-beaumont-hamel\/","title":{"rendered":"Le monument comm\u00e9moratif de Terre-Neuve \u00e0 Beaumont-Hamel"},"content":{"rendered":"<p class=\"excerpt\">Le monument comm\u00e9moratif de Terre-Neuve \u00e0 Beaumont-Hamel rappelle les sacrifices des Terre-Neuviens au cours de la Premi\u00e8re Guerre mondiale, et particuli\u00e8rement les morts dont la tombe est rest\u00e9e anonyme. Il s&rsquo;agit du plus vaste et du plus visit\u00e9 des cinq lieux comm\u00e9moratifs en souvenir des Terre-Neuviens en France et en Belgique.<\/p>\n<h2>Le monument<\/h2>\n<p>Le site de Beaumont-Hamel fut officiellement inaugur\u00e9 par le feld-mar\u00e9chal Earl Haig le 7 juin 1925, et il est le plus grand des cinq lieux comm\u00e9moratifs consacr\u00e9s au 1er bataillon du Royal Newfoundland Regiment. C&rsquo;est \u00e0 Beaumont-Hamel qu&rsquo;eut lieu le d\u00e9sastreux assaut contre les positions allemandes du 1re\u00a0juillet 1916, le premier jour de la bataille de la Somme.<\/p>\n<p>Le site comprend un champ de bataille bien conserv\u00e9, un des rares de tout le front occidental. Un immense caribou de bronze se dresse sur un \u00e9peron rocheux au-dessus de trois plaques comm\u00e9moratives de bronze, pr\u00e8s des tranch\u00e9es originales contre lesquelles se sont avanc\u00e9s les Terre-Neuviens le 1er juillet. Sur ces plaques sont inscrits les noms des 814 Terre-Neuviens du Newfoundland Regiment, de la Newfoundland Royal Naval Reserve et de la marine marchande qui moururent en service pendant la Premi\u00e8re Guerre mondiale et dont les tombes sont rest\u00e9es anonymes. Quelques corps furent retrouv\u00e9s par la suite et identifi\u00e9s apr\u00e8s l&rsquo;inauguration du monument comm\u00e9moratif en 1925.<\/p>\n<h2>Un lieu permanent du Souvenir<\/h2>\n<p>Beaumont-Hamel demeure un lieu important de p\u00e8lerinage pour les Canadiens, mais tout particuli\u00e8rement pour les habitants de Terre-Neuve et du Labrador. Tout comme \u00e0 la cr\u00eate de Vimy, de jeunes guides canadiens et un centre d&rsquo;interpr\u00e9tation sur place expliquent la bataille et ses cons\u00e9quences. Le site englobe \u00e9galement trois cimeti\u00e8res entretenus par la Commission des s\u00e9pultures de guerre du Commonwealth et deux monuments comm\u00e9moratifs de division en souvenir de la 51e\u00a0division (Highland) et de la 29e\u00a0division britannique, dont le Newfoundland Regiment faisait partie. Beaumont-Hamel fut d\u00e9sign\u00e9 Lieu historique national canadien en 1997.<\/p>\n<h3>Poursuivez votre exploration avec ces sujets :<\/h3>\n<ul class=\"related\">\n<li><a href=\"\/premiereguerremondiale\/histoire\/les-gens\/en-uniforme\/les-terre-neuviens\/\">Les Terre-Neuviens<\/a><\/li>\n<li><a href=\"\/premiereguerremondiale\/histoire\/batailles-et-combats\/batailles-terrestres\/la-somme\/\">La Somme<\/a><\/li>\n<li><a href=\"\/premiereguerremondiale\/histoire\/apres-la-guerre\/se-souvenir\/le-memorial-de-vimy\/\">Le M\u00e9morial de Vimy<\/a><\/li>\n<\/ul>\n","protected":false},"excerpt":{"rendered":"<p>Le monument comm\u00e9moratif de Terre-Neuve \u00e0 Beaumont-Hamel rappelle les sacrifices des Terre-Neuviens au cours de la Premi\u00e8re Guerre mondiale, et particuli\u00e8rement les morts dont la tombe est rest\u00e9e anonyme. Il s&rsquo;agit du plus vaste et du plus visit\u00e9 des cinq lieux comm\u00e9moratifs en souvenir des Terre-Neuviens en France et en Belgique. Le monument Le site [&hellip;]<\/p>\n","protected":false},"author":1,"featured_media":3221,"parent":513,"menu_order":6,"comment_status":"open","ping_status":"open","template":"single-history.php","meta":{"footnotes":""},"_links":{"self":[{"href":"https:\/\/www.museedelaguerre.ca\/premiereguerremondiale\/wp-json\/wp\/v2\/pages\/530"}],"collection":[{"href":"https:\/\/www.museedelaguerre.ca\/premiereguerremondiale\/wp-json\/wp\/v2\/pages"}],"about":[{"href":"https:\/\/www.museedelaguerre.ca\/premiereguerremondiale\/wp-json\/wp\/v2\/types\/page"}],"author":[{"embeddable":true,"href":"https:\/\/www.museedelaguerre.ca\/premiereguerremondiale\/wp-json\/wp\/v2\/users\/1"}],"replies":[{"embeddable":true,"href":"https:\/\/www.museedelaguerre.ca\/premiereguerremondiale\/wp-json\/wp\/v2\/comments?post=530"}],"version-history":[{"count":8,"href":"https:\/\/www.museedelaguerre.ca\/premiereguerremondiale\/wp-json\/wp\/v2\/pages\/530\/revisions"}],"predecessor-version":[{"id":3452,"href":"https:\/\/www.museedelaguerre.ca\/premiereguerremondiale\/wp-json\/wp\/v2\/pages\/530\/revisions\/3452"}],"up":[{"embeddable":true,"href":"https:\/\/www.museedelaguerre.ca\/premiereguerremondiale\/wp-json\/wp\/v2\/pages\/513"}],"wp:featuredmedia":[{"embeddable":true,"href":"https:\/\/www.museedelaguerre.ca\/premiereguerremondiale\/wp-json\/wp\/v2\/media\/3221"}],"wp:attachment":[{"href":"https:\/\/www.museedelaguerre.ca\/premiereguerremondiale\/wp-json\/wp\/v2\/media?parent=530"}],"curies":[{"name":"wp","href":"https:\/\/api.w.org\/{rel}","templated":true}]}}