{"id":528,"date":"2014-07-21T19:47:08","date_gmt":"2014-07-21T19:47:08","guid":{"rendered":"https:\/\/www.museedelaguerre.ca\/premiere-guerre-mondial\/?page_id=528"},"modified":"2015-03-30T13:41:45","modified_gmt":"2015-03-30T13:41:45","slug":"les-monuments-commemoratifs-du-canada","status":"publish","type":"page","link":"https:\/\/www.museedelaguerre.ca\/premiereguerremondiale\/histoire\/apres-la-guerre\/se-souvenir\/les-monuments-commemoratifs-du-canada\/","title":{"rendered":"Les monuments comm\u00e9moratifs du Canada"},"content":{"rendered":"<p class=\"excerpt\">\u00c0 l&rsquo;\u00e9chelle nationale, locale et individuelle, le Canada comm\u00e9more les sacrifices consentis par les siens au cours de la Premi\u00e8re Guerre mondiale.<\/p>\n<h2>Monuments comm\u00e9moratifs nationaux<\/h2>\n<p>Le Monument comm\u00e9moratif national de guerre du Canada, inaugur\u00e9 en 1939 par le roi George VI et la reine Elizabeth s&rsquo;\u00e9l\u00e8ve Place de la Conf\u00e9d\u00e9ration, \u00e0 Ottawa. Il fallut 13 ans pour \u00e9difier cette \u0153uvre de Vernon March. Vingt-deux figures repr\u00e9sentant l&rsquo;infanterie, l&rsquo;artillerie, l&rsquo;aviation, les infirmi\u00e8res, la cavalerie, les services de soutien, les b\u00fbcherons et la marine franchissent un arc de triomphe. Des figures all\u00e9goriques repr\u00e9sentant la paix et la libert\u00e9 surmontent l&rsquo;arc. Il fut \u00e9difi\u00e9 \u00e0 l&rsquo;origine pour rendre hommage aux sacrifices de ceux qui avaient servi pendant la Premi\u00e8re Guerre mondiale, mais en 1982 on inscrivit \u00e9galement les dates de la Seconde Guerre mondiale et de la guerre de Cor\u00e9e. En l&rsquo;an 2000, la Tombe du soldat inconnu fut ajout\u00e9e \u00e0 la base du monument. C&rsquo;est l\u00e0 que se d\u00e9roule chaque ann\u00e9e, le 11 novembre, la c\u00e9r\u00e9monie du Jour du Souvenir.<\/p>\n<p>La Tour de la Paix sur la Colline du Parlement, qui est visible du monument comm\u00e9moratif, fut achev\u00e9e en 1927 en tant que monument comm\u00e9moratif de guerre apr\u00e8s qu&rsquo;un incendie eut d\u00e9truit le Parlement canadien en 1916. La Chapelle du Souvenir au pied de la tour abrite les Livres du Souvenir, comm\u00e9morant tous les Canadiens qui sont morts sous l&rsquo;uniforme depuis la Conf\u00e9d\u00e9ration. Le fait qu&rsquo;il y ait eu plus de 60\u00a0000 morts au cours de la Premi\u00e8re Guerre mondiale fut \u00e0 l&rsquo;origine de la cr\u00e9ation de ces livres, et Le Livre du Souvenir de la Premi\u00e8re Guerre mondiale fut le premier \u00e0 voir le jour. Il est toujours le plus long, contenant plus de 66\u00a0000 noms, y compris ceux de tous les membres du personnel militaire d\u00e9c\u00e9d\u00e9s entre le 4 ao\u00fbt 1914 et le 31 avril 1922. \u00c9tant donn\u00e9 que plusieurs milliers de soldats sont morts apr\u00e8s le d\u00e9mant\u00e8lement du Corps exp\u00e9ditionnaire canadien, ce nombre est plus \u00e9lev\u00e9 que celui que l&rsquo;on avance d&rsquo;habitude pour les Canadiens morts pendant la guerre.<\/p>\n<h2>Monuments comm\u00e9moratifs locaux<\/h2>\n<p>Presque toutes les municipalit\u00e9s du Canada, ainsi que de nombreux quartiers, associations publiques et groupes de citoyens, entretiennent un monument comm\u00e9moratif de guerre. Les restes des soldats canadiens reposant dans des cimeti\u00e8res de l&rsquo;Empire outre-mer, les Canadiens comm\u00e9mor\u00e8rent leurs morts au pays en collectant des fonds pour \u00e9riger des monuments comm\u00e9moratifs qui \u00e9taient normalement dress\u00e9s dans des endroits bien en vue pr\u00e8s des h\u00f4tels de ville, dans des parcs du centre-ville ou pr\u00e8s d&rsquo;autres monuments comm\u00e9moratifs. Sur ces monuments \u00e9taient g\u00e9n\u00e9ralement inscrits les noms des morts de la localit\u00e9, et leur construction, leur installation et leur appellation furent des pr\u00e9occupations civiles majeures pendant une bonne partie des ann\u00e9es 1920 et 1930.<\/p>\n<p>Les localit\u00e9s comm\u00e9moraient les morts et perp\u00e9tuaient \u00e9galement leur souvenir d&rsquo;autres fa\u00e7ons, notamment\u00a0:<\/p>\n<ul>\n<li>en donnant \u00e0 des parcs, des rues et des lieux g\u00e9ographiques le nom de soldats ou de batailles;<\/li>\n<li>en \u00e9rigeant des plaques et des panneaux historiques;<\/li>\n<li>en r\u00e9digeant des histoires et des ouvrages comm\u00e9moratifs pour les \u00e9coles, les entreprises et les associations;<\/li>\n<li>en installant des vitraux dans des \u00e9glises et des b\u00e2timents publics.<\/li>\n<\/ul>\n<h2>Comm\u00e9moration individuelle<\/h2>\n<p>Les familles et les personnes ch\u00e8res des soldats d\u00e9c\u00e9d\u00e9s devaient traverser la douleur et la tristesse de la mort sans que des rites fun\u00e9raires ou un enterrement au pays ne viennent concr\u00e9tiser leur deuil. Leur fa\u00e7on de perp\u00e9tuer le souvenir peut avoir \u00e9t\u00e9 de participer \u00e0 des activit\u00e9s nationales ou locales de comm\u00e9moration, mais \u00e9galement avoir pris la forme de traditions orales\u00a0: garder et exposer des photos, des lettres ou des souvenirs que l&rsquo;on ch\u00e9rissait, et conserver des objets physiques pour pr\u00e9server le souvenir.<\/p>\n<p>De plus, les effets personnels ou les documents de la personne d\u00e9c\u00e9d\u00e9e pouvaient \u00e9galement comprendre des objets de comm\u00e9moration officielle. Le gouvernement britannique, par exemple, remit une Plaque du Souvenir, ainsi qu&rsquo;un parchemin comm\u00e9moratif au parent le plus proche de chaque membre du personnel militaire d\u00e9c\u00e9d\u00e9 pendant la guerre. Appel\u00e9 officieusement le\u00a0\u00ab\u00a0Dead Man&rsquo;s Penny\u00a0\u00bb (le sou du mort), la plaque \u00e9tait en bronze et comportait le nom complet du d\u00e9funt mais pas son grade. En 1919, le gouvernement du Canada institua la Croix du Souvenir, plus connue sous le nom de Croix d&rsquo;argent, pour les m\u00e8res et les veuves de soldats canadiens tu\u00e9s en service actif. Elle est toujours d\u00e9cern\u00e9e.<\/p>\n<h3>Poursuivez votre exploration avec ces sujets :<\/h3>\n<ul class=\"related\">\n<li><a href=\"\/premiereguerremondiale\/histoire\/apres-la-guerre\/legs\/lincidence-de-la-guerre-sur-le-canada\/\">L\u2019incidence de la guerre sur le Canada<\/a><\/li>\n<li><a href=\"\/premiereguerremondiale\/histoire\/apres-la-guerre\/se-souvenir\/le-soldat-inconnu\/\">Le soldat inconnu<\/a><\/li>\n<li><a href=\"\/premiereguerremondiale\/histoire\/apres-la-guerre\/legs\/le-cout-de-la-guerre-du-canada\/\">Le co\u00fbt de la guerre du Canada<\/a><\/li>\n<\/ul>\n","protected":false},"excerpt":{"rendered":"<p>\u00c0 l&rsquo;\u00e9chelle nationale, locale et individuelle, le Canada comm\u00e9more les sacrifices consentis par les siens au cours de la Premi\u00e8re Guerre mondiale. Monuments comm\u00e9moratifs nationaux Le Monument comm\u00e9moratif national de guerre du Canada, inaugur\u00e9 en 1939 par le roi George VI et la reine Elizabeth s&rsquo;\u00e9l\u00e8ve Place de la Conf\u00e9d\u00e9ration, \u00e0 Ottawa. Il fallut 13 [&hellip;]<\/p>\n","protected":false},"author":1,"featured_media":510,"parent":513,"menu_order":5,"comment_status":"open","ping_status":"open","template":"single-history.php","meta":{"footnotes":""},"_links":{"self":[{"href":"https:\/\/www.museedelaguerre.ca\/premiereguerremondiale\/wp-json\/wp\/v2\/pages\/528"}],"collection":[{"href":"https:\/\/www.museedelaguerre.ca\/premiereguerremondiale\/wp-json\/wp\/v2\/pages"}],"about":[{"href":"https:\/\/www.museedelaguerre.ca\/premiereguerremondiale\/wp-json\/wp\/v2\/types\/page"}],"author":[{"embeddable":true,"href":"https:\/\/www.museedelaguerre.ca\/premiereguerremondiale\/wp-json\/wp\/v2\/users\/1"}],"replies":[{"embeddable":true,"href":"https:\/\/www.museedelaguerre.ca\/premiereguerremondiale\/wp-json\/wp\/v2\/comments?post=528"}],"version-history":[{"count":4,"href":"https:\/\/www.museedelaguerre.ca\/premiereguerremondiale\/wp-json\/wp\/v2\/pages\/528\/revisions"}],"predecessor-version":[{"id":3448,"href":"https:\/\/www.museedelaguerre.ca\/premiereguerremondiale\/wp-json\/wp\/v2\/pages\/528\/revisions\/3448"}],"up":[{"embeddable":true,"href":"https:\/\/www.museedelaguerre.ca\/premiereguerremondiale\/wp-json\/wp\/v2\/pages\/513"}],"wp:featuredmedia":[{"embeddable":true,"href":"https:\/\/www.museedelaguerre.ca\/premiereguerremondiale\/wp-json\/wp\/v2\/media\/510"}],"wp:attachment":[{"href":"https:\/\/www.museedelaguerre.ca\/premiereguerremondiale\/wp-json\/wp\/v2\/media?parent=528"}],"curies":[{"name":"wp","href":"https:\/\/api.w.org\/{rel}","templated":true}]}}