{"id":526,"date":"2014-07-21T19:23:35","date_gmt":"2014-07-21T19:23:35","guid":{"rendered":"https:\/\/www.museedelaguerre.ca\/premiere-guerre-mondial\/?page_id=526"},"modified":"2015-03-30T13:39:57","modified_gmt":"2015-03-30T13:39:57","slug":"la-commission-des-sepultures-de-guerre-du-commonwealth","status":"publish","type":"page","link":"https:\/\/www.museedelaguerre.ca\/premiereguerremondiale\/histoire\/apres-la-guerre\/se-souvenir\/la-commission-des-sepultures-de-guerre-du-commonwealth\/","title":{"rendered":"La Commission des s\u00e9pultures de guerre du Commonwealth"},"content":{"rendered":"<p class=\"excerpt\">Le gouvernement britannique \u00e9tablit l&rsquo;Imperial War Graves Commission en 1917 pour s&rsquo;occuper des s\u00e9pultures des soldats de l&rsquo;Empire morts outre-mer. Cette nouvelle organisation issue de la Graves Registration Commission de l&rsquo;Empire britannique, cr\u00e9\u00e9e en 1915, fut renomm\u00e9e en 1960 Commission des s\u00e9pultures de guerre du Commonwealth (CSGC).<\/p>\n<h2>Inhumer les morts<\/h2>\n<p>L&rsquo;Empire britannique choisit d&rsquo;enterrer ses morts sur les champs de bataille de la Premi\u00e8re Guerre mondiale pr\u00e8s des lieux o\u00f9 ils \u00e9taient tomb\u00e9s, et de ne pas les rapatrier dans leur pays d&rsquo;origine comme l&rsquo;avaient r\u00e9clam\u00e9 de nombreux politiciens et familles en deuil. Alors que des milliers de corps avaient \u00e9t\u00e9 enterr\u00e9s dans des tombes de fortune pendant les combats, les unit\u00e9s militaires, d&rsquo;abord second\u00e9es par la Croix-Rouge et plus tard par des pr\u00e9pos\u00e9s officiels \u00e0 l&rsquo;enregistrement des s\u00e9pultures, s&rsquo;\u00e9taient efforc\u00e9es de noter l&#8217;emplacement des tombes temporaires pour les r\u00e9inhumations futures. Apr\u00e8s les combats, des d\u00e9tachements sp\u00e9ciaux affect\u00e9s aux s\u00e9pultures s&rsquo;effor\u00e7aient de r\u00e9cup\u00e9rer les morts laiss\u00e9s sans s\u00e9pulture pour les inhumer d\u00e9cemment et d&rsquo;exhumer les restes des s\u00e9pultures temporaires pour les r\u00e9inhumer convenablement ailleurs. Apr\u00e8s l&rsquo;Armistice, l&rsquo;Imperial War Graves Commission, qui avait beaucoup grandi, s&rsquo;acquitta de cette t\u00e2che avec soin, transportant les restes dans des cimeti\u00e8res militaires nouvellement \u00e9tablis. Le processus concernait des dizaines de milliers de s\u00e9pultures et exigea de longues ann\u00e9es. Il se poursuit toujours, \u00e0 une \u00e9chelle plus r\u00e9duite, alors que les travaux d&rsquo;agriculture ou de construction sur les sites des anciens champs de bataille am\u00e8nent r\u00e9guli\u00e8rement l&rsquo;exhumation d&rsquo;autres restes humains.<\/p>\n<h2>La Commission des s\u00e9pultures de guerre<\/h2>\n<p>La Commission imposa l&rsquo;\u00e9galit\u00e9 sociale dans ses cimeti\u00e8res et le grade militaire ne fut aucunement pris en compte dans la conception des st\u00e8les fun\u00e9raires. Chacune des st\u00e8les, blanche et de forme simple, comporte le nom, le rang et le symbole de l&rsquo;unit\u00e9 du d\u00e9funt ainsi qu&rsquo;un symbole religieux si on connaissait la religion du soldat. Les s\u00e9pultures des morts anonymes re\u00e7urent une inscription choisie par l&rsquo;auteur britannique Rudyard Kipling, qui avait perdu un fils pendant la guerre\u00a0: \u00ab\u00a0A Soldier of the Great War &#8211; Known Unto God\u00a0\u00bb (Un soldat de la Grande guerre &#8211; Connu de Dieu seul). Aucun ajout personnalisant la st\u00e8le ne fut permis autre que la possibilit\u00e9 pour le parent le plus proche d&rsquo;y inscrire au bas une courte phrase.<\/p>\n<p>Aujourd&rsquo;hui, la CSGC s&rsquo;occupe des s\u00e9pultures de 1,7 million de membres des forces du Commonwealth dans 2500 cimeti\u00e8res dans plus de 170 pays. La Commission est constitu\u00e9e de six pays membres\u00a0: le Royaume-Uni, le Canada, l&rsquo;Australie, la Nouvelle-Z\u00e9lande, l&rsquo;Inde et l&rsquo;Afrique du Sud. Les \u00c9tats membres financent conjointement les activit\u00e9s de la Commission, mais le Royaume-Uni paye plus de 75 pour cent des co\u00fbts.<\/p>\n<h3>Poursuivez votre exploration avec ces sujets :<\/h3>\n<ul class=\"related\">\n<li><a href=\"\/premiereguerremondiale\/histoire\/lentree-en-guerre\/origines-et-premieres-phases\/leurope-avant-la-guerre\/\">L&rsquo;Europe avant la guerre<\/a><\/li>\n<li><a href=\"\/premiereguerremondiale\/histoire\/lentree-en-guerre\/le-canada-entre-en-guerre\/le-canada-a-la-guerre\/\">Le Canada \u00e0 la guerre<\/a><\/li>\n<li><a href=\"\/premiereguerremondiale\/histoire\/apres-la-guerre\/legs\/lincidence-de-la-guerre-sur-le-canada\/\">L\u2019incidence de la guerre sur le Canada<\/a><\/li>\n<\/ul>\n","protected":false},"excerpt":{"rendered":"<p>Le gouvernement britannique \u00e9tablit l&rsquo;Imperial War Graves Commission en 1917 pour s&rsquo;occuper des s\u00e9pultures des soldats de l&rsquo;Empire morts outre-mer. Cette nouvelle organisation issue de la Graves Registration Commission de l&rsquo;Empire britannique, cr\u00e9\u00e9e en 1915, fut renomm\u00e9e en 1960 Commission des s\u00e9pultures de guerre du Commonwealth (CSGC). Inhumer les morts L&rsquo;Empire britannique choisit d&rsquo;enterrer ses [&hellip;]<\/p>\n","protected":false},"author":1,"featured_media":504,"parent":513,"menu_order":4,"comment_status":"open","ping_status":"open","template":"single-history.php","meta":{"footnotes":""},"_links":{"self":[{"href":"https:\/\/www.museedelaguerre.ca\/premiereguerremondiale\/wp-json\/wp\/v2\/pages\/526"}],"collection":[{"href":"https:\/\/www.museedelaguerre.ca\/premiereguerremondiale\/wp-json\/wp\/v2\/pages"}],"about":[{"href":"https:\/\/www.museedelaguerre.ca\/premiereguerremondiale\/wp-json\/wp\/v2\/types\/page"}],"author":[{"embeddable":true,"href":"https:\/\/www.museedelaguerre.ca\/premiereguerremondiale\/wp-json\/wp\/v2\/users\/1"}],"replies":[{"embeddable":true,"href":"https:\/\/www.museedelaguerre.ca\/premiereguerremondiale\/wp-json\/wp\/v2\/comments?post=526"}],"version-history":[{"count":5,"href":"https:\/\/www.museedelaguerre.ca\/premiereguerremondiale\/wp-json\/wp\/v2\/pages\/526\/revisions"}],"predecessor-version":[{"id":3447,"href":"https:\/\/www.museedelaguerre.ca\/premiereguerremondiale\/wp-json\/wp\/v2\/pages\/526\/revisions\/3447"}],"up":[{"embeddable":true,"href":"https:\/\/www.museedelaguerre.ca\/premiereguerremondiale\/wp-json\/wp\/v2\/pages\/513"}],"wp:featuredmedia":[{"embeddable":true,"href":"https:\/\/www.museedelaguerre.ca\/premiereguerremondiale\/wp-json\/wp\/v2\/media\/504"}],"wp:attachment":[{"href":"https:\/\/www.museedelaguerre.ca\/premiereguerremondiale\/wp-json\/wp\/v2\/media?parent=526"}],"curies":[{"name":"wp","href":"https:\/\/api.w.org\/{rel}","templated":true}]}}