{"id":524,"date":"2014-07-21T19:19:44","date_gmt":"2014-07-21T19:19:44","guid":{"rendered":"https:\/\/www.museedelaguerre.ca\/premiere-guerre-mondial\/?page_id=524"},"modified":"2015-03-30T13:37:39","modified_gmt":"2015-03-30T13:37:39","slug":"le-soldat-inconnu","status":"publish","type":"page","link":"https:\/\/www.museedelaguerre.ca\/premiereguerremondiale\/histoire\/apres-la-guerre\/se-souvenir\/le-soldat-inconnu\/","title":{"rendered":"Le soldat inconnu"},"content":{"rendered":"<p class=\"excerpt\">Le Canada rapatria de France les restes d&rsquo;un soldat inconnu en mai 2000 et les inhuma au Monument comm\u00e9moratif de guerre, \u00e0 Ottawa. Cette id\u00e9e \u00e9tait \u00e0 l&rsquo;origine un projet du mill\u00e9naire de la L\u00e9gion royale canadienne. Le projet fut coordonn\u00e9 par Anciens Combattants Canada.<\/p>\n<h2>Ce que repr\u00e9sente le soldat inconnu<\/h2>\n<p>Le soldat inconnu devait au d\u00e9part repr\u00e9senter tous les morts de la guerre dont les restes n&rsquo;avaient pas \u00e9t\u00e9 identifi\u00e9s, probl\u00e8me courant le long des champs de bataille statiques de la Premi\u00e8re Guerre mondiale fr\u00e9quemment labour\u00e9s par l&rsquo;artillerie et noy\u00e9s sous la boue. Depuis 1920, un unique soldat inconnu dans l&rsquo;abbaye de Westminster (Londres) devait repr\u00e9senter les morts de la guerre non identifi\u00e9s du Canada et d&rsquo;autres pays du Commonwealth. \u00c0 la premi\u00e8re c\u00e9r\u00e9monie, pr\u00e9sid\u00e9e par le roi George V, nombre des r\u00e9cipiendaires de la Croix de Victoria de l&rsquo;Empire britannique ainsi qu&rsquo;un groupe de 100 femmes ayant chacune perdu leur mari et tous leurs fils pendant la guerre avaient \u00e9t\u00e9 pr\u00e9sents. La France et les \u00c9tats-Unis suivirent l&rsquo;exemple de la Grande-Bretagne au cours des ann\u00e9es suivantes. Ces tombes et monuments comm\u00e9moratifs en vinrent \u00e0 acqu\u00e9rir une signification plus large, devenant des lieux du souvenir et de deuil \u00e0 la m\u00e9moire de tous les morts de la guerre, ainsi que pour des c\u00e9r\u00e9monies civiles consacr\u00e9es au souvenir et non simplement \u00e0 la comm\u00e9moration militaire.<\/p>\n<h2>Le soldat inconnu du Canada<\/h2>\n<p>En 1993, l&rsquo;Australie c\u00e9l\u00e9bra le 75e anniversaire de la fin de la Premi\u00e8re Guerre mondiale par le rapatriement de France des restes de son propre soldat inconnu, devenant le premier pays du Commonwealth \u00e0 le faire depuis 1920. Il fut inhum\u00e9 dans l&rsquo;Australian War Memorial&rsquo;s Hall of Memory, \u00e0 Canberra.<\/p>\n<p>Le Canada suivit l&rsquo;exemple de l&rsquo;Australie en 2000 sur le conseil de la L\u00e9gion royale canadienne et d&rsquo;autres groupes. Les restes d&rsquo;un seul soldat furent choisis parmi les 6846 soldats canadiens anonymes de la Premi\u00e8re Guerre mondiale, pour \u00eatre rapatri\u00e9s au Canada et inhum\u00e9s \u00e0 nouveau au Monument comm\u00e9moratif de guerre d&rsquo;Ottawa. Le soldat inconnu venait d&rsquo;un cimeti\u00e8re des environs de la cr\u00eate de Vimy et ses restes voyag\u00e8rent en avion avant d&rsquo;\u00eatre expos\u00e9s en chapelle ardente dans le Hall d&rsquo;honneur de l&rsquo;\u00e9difice du Centre du Parlement, du 25 au 28 mai 2000, o\u00f9 des dizaines de milliers de personnes vinrent lui rendre un dernier hommage.<\/p>\n<p>Le soldat inconnu fut inhum\u00e9 dans l&rsquo;apr\u00e8s-midi du 28 mai 2000 au cours d&rsquo;une c\u00e9r\u00e9monie t\u00e9l\u00e9vis\u00e9e. Cet endroit devint un lieu important de comm\u00e9moration, particuli\u00e8rement le 11 novembre lors du service pour le jour du Souvenir au Monument comm\u00e9moratif.<\/p>\n<h3>Poursuivez votre exploration avec ces sujets :<\/h3>\n<ul class=\"related\">\n<li><a href=\"\/premiereguerremondiale\/histoire\/apres-la-guerre\/se-souvenir\/les-monuments-commemoratifs-du-canada\/\">Les monuments comm\u00e9moratifs du Canada<\/a><\/li>\n<li><a href=\"\/premiereguerremondiale\/histoire\/batailles-et-combats\/batailles-terrestres\/passchendaele\/\">Passchendaele<\/a><\/li>\n<li><a href=\"\/premiereguerremondiale\/histoire\/apres-la-guerre\/se-souvenir\/jour-du-souvenir\/\">Jour du Souvenir<\/a><\/li>\n<\/ul>\n","protected":false},"excerpt":{"rendered":"<p>Le Canada rapatria de France les restes d&rsquo;un soldat inconnu en mai 2000 et les inhuma au Monument comm\u00e9moratif de guerre, \u00e0 Ottawa. Cette id\u00e9e \u00e9tait \u00e0 l&rsquo;origine un projet du mill\u00e9naire de la L\u00e9gion royale canadienne. Le projet fut coordonn\u00e9 par Anciens Combattants Canada. Ce que repr\u00e9sente le soldat inconnu Le soldat inconnu devait [&hellip;]<\/p>\n","protected":false},"author":1,"featured_media":508,"parent":513,"menu_order":3,"comment_status":"open","ping_status":"open","template":"single-history.php","meta":{"footnotes":""},"_links":{"self":[{"href":"https:\/\/www.museedelaguerre.ca\/premiereguerremondiale\/wp-json\/wp\/v2\/pages\/524"}],"collection":[{"href":"https:\/\/www.museedelaguerre.ca\/premiereguerremondiale\/wp-json\/wp\/v2\/pages"}],"about":[{"href":"https:\/\/www.museedelaguerre.ca\/premiereguerremondiale\/wp-json\/wp\/v2\/types\/page"}],"author":[{"embeddable":true,"href":"https:\/\/www.museedelaguerre.ca\/premiereguerremondiale\/wp-json\/wp\/v2\/users\/1"}],"replies":[{"embeddable":true,"href":"https:\/\/www.museedelaguerre.ca\/premiereguerremondiale\/wp-json\/wp\/v2\/comments?post=524"}],"version-history":[{"count":4,"href":"https:\/\/www.museedelaguerre.ca\/premiereguerremondiale\/wp-json\/wp\/v2\/pages\/524\/revisions"}],"predecessor-version":[{"id":3445,"href":"https:\/\/www.museedelaguerre.ca\/premiereguerremondiale\/wp-json\/wp\/v2\/pages\/524\/revisions\/3445"}],"up":[{"embeddable":true,"href":"https:\/\/www.museedelaguerre.ca\/premiereguerremondiale\/wp-json\/wp\/v2\/pages\/513"}],"wp:featuredmedia":[{"embeddable":true,"href":"https:\/\/www.museedelaguerre.ca\/premiereguerremondiale\/wp-json\/wp\/v2\/media\/508"}],"wp:attachment":[{"href":"https:\/\/www.museedelaguerre.ca\/premiereguerremondiale\/wp-json\/wp\/v2\/media?parent=524"}],"curies":[{"name":"wp","href":"https:\/\/api.w.org\/{rel}","templated":true}]}}