{"id":522,"date":"2014-07-21T19:10:08","date_gmt":"2014-07-21T19:10:08","guid":{"rendered":"https:\/\/www.museedelaguerre.ca\/premiere-guerre-mondial\/?page_id=522"},"modified":"2015-10-08T12:36:03","modified_gmt":"2015-10-08T12:36:03","slug":"au-champ-dhonneur-et-john-mccrae","status":"publish","type":"page","link":"https:\/\/www.museedelaguerre.ca\/premiereguerremondiale\/histoire\/apres-la-guerre\/se-souvenir\/au-champ-dhonneur-et-john-mccrae\/","title":{"rendered":"Au champ d&rsquo;honneur et John McCrae"},"content":{"rendered":"<p class=\"excerpt\">On se souvient surtout de John McCrae comme de l&rsquo;auteur de\u00a0<i>Au champ d&rsquo;honneur<\/i>, le po\u00e8me le plus connu de la Premi\u00e8re Guerre mondiale.<\/p>\n<h2>L&rsquo;homme<\/h2>\n<p>McCrae naquit \u00e0 Guelph (Ontario) et servit comme artilleur pendant la guerre d&rsquo;Afrique du Sud. Il fut plus tard professeur de m\u00e9decine et m\u00e9decin \u00e0 l&rsquo;Universit\u00e9 McGill \u00e0 Montr\u00e9al. McCrae s&rsquo;enr\u00f4la d\u00e8s le d\u00e9but de la Premi\u00e8re Guerre mondiale, esp\u00e9rant une affectation d&rsquo;artilleur, mais en raison de la p\u00e9nurie de m\u00e9decins il accepta un poste de chirurgien de brigade dans une brigade d&rsquo;artillerie.<\/p>\n<h2>Le po\u00e8me<\/h2>\n<p>Au cours de la deuxi\u00e8me bataille d&rsquo;Ypres, en avril 1915, McCrae soigna les bless\u00e9s et pratiqua des chirurgies sur des soldats canadiens et alli\u00e9s pendant 17 jours. \u00c9puis\u00e9 et attrist\u00e9 par la mort d&rsquo;un ami cher, il composa\u00a0<i>Au champ d&rsquo;honneur<\/i>\u00a0au cours d&rsquo;une br\u00e8ve p\u00e9riode de repos. Le po\u00e8me fut publi\u00e9 le 8 d\u00e9cembre 1915 dans le\u00a0<i>Punch<\/i>, o\u00f9 il connut un succ\u00e8s mondial presque imm\u00e9diat. Il illustrait l&rsquo;humeur belliqueuse des Alli\u00e9s et affirmait la n\u00e9cessit\u00e9 de rester fid\u00e8le \u00e0 ceux qui \u00e9taient d\u00e9j\u00e0 morts.<\/p>\n<h2>Le legs<\/h2>\n<p>McCrae \u00e9tait devenu un po\u00e8te de renomm\u00e9e mondiale, mais il continua de travailler comme chirurgien. Il servit dans plusieurs d&rsquo;h\u00f4pitaux canadiens au cours de la guerre, ne m\u00e9nageant ni son personnel ni sa propre personne. McCrae fut souvent malade mais se reposait peu et il succomba \u00e0 une pneumonie le 28 janvier 1918. Il est inhum\u00e9 au cimeti\u00e8re de Wimereux, en France. Des millions de personnes au Canada et \u00e0 travers de monde lisent le po\u00e8me de McRae \u00e0 chaque jour du Souvenir. Un mus\u00e9e historique situ\u00e9 dans la Halle aux draps, \u00e0 Ypres (Belgique) a \u00e9t\u00e9 baptis\u00e9 en l&rsquo;honneur de ce po\u00e8me; la salle des expositions sp\u00e9ciales du Mus\u00e9e canadien de la guerre, le mus\u00e9e national d&rsquo;histoire militaire du Canada, porte le nom de McCrae.<\/p>\n<h3>Poursuivez votre exploration avec ces sujets :<\/h3>\n<ul class=\"related\">\n<li><a href=\"\/premiereguerremondiale\/histoire\/la-vie-au-front\/medecine\/corps-de-sante-royal-canadien\/\">Corps m\u00e9dical de l\u2019arm\u00e9e canadienne<\/a><\/li>\n<li><a href=\"\/premiereguerremondiale\/histoire\/batailles-et-combats\/batailles-terrestres\/deuxieme-bataille-dypres\/\">Deuxi\u00e8me bataille d&rsquo;Ypres<\/a><\/li>\n<li><a href=\"\/premiereguerremondiale\/histoire\/la-vie-au-front\/la-culture-des-tranchees\/journaux-des-tranchees\/\">Journaux des tranch\u00e9es<\/a><\/li>\n<\/ul>\n","protected":false},"excerpt":{"rendered":"<p>On se souvient surtout de John McCrae comme de l&rsquo;auteur de\u00a0Au champ d&rsquo;honneur, le po\u00e8me le plus connu de la Premi\u00e8re Guerre mondiale. L&rsquo;homme McCrae naquit \u00e0 Guelph (Ontario) et servit comme artilleur pendant la guerre d&rsquo;Afrique du Sud. Il fut plus tard professeur de m\u00e9decine et m\u00e9decin \u00e0 l&rsquo;Universit\u00e9 McGill \u00e0 Montr\u00e9al. McCrae s&rsquo;enr\u00f4la [&hellip;]<\/p>\n","protected":false},"author":1,"featured_media":507,"parent":513,"menu_order":2,"comment_status":"closed","ping_status":"closed","template":"single-history.php","meta":{"footnotes":""},"_links":{"self":[{"href":"https:\/\/www.museedelaguerre.ca\/premiereguerremondiale\/wp-json\/wp\/v2\/pages\/522"}],"collection":[{"href":"https:\/\/www.museedelaguerre.ca\/premiereguerremondiale\/wp-json\/wp\/v2\/pages"}],"about":[{"href":"https:\/\/www.museedelaguerre.ca\/premiereguerremondiale\/wp-json\/wp\/v2\/types\/page"}],"author":[{"embeddable":true,"href":"https:\/\/www.museedelaguerre.ca\/premiereguerremondiale\/wp-json\/wp\/v2\/users\/1"}],"replies":[{"embeddable":true,"href":"https:\/\/www.museedelaguerre.ca\/premiereguerremondiale\/wp-json\/wp\/v2\/comments?post=522"}],"version-history":[{"count":5,"href":"https:\/\/www.museedelaguerre.ca\/premiereguerremondiale\/wp-json\/wp\/v2\/pages\/522\/revisions"}],"predecessor-version":[{"id":3492,"href":"https:\/\/www.museedelaguerre.ca\/premiereguerremondiale\/wp-json\/wp\/v2\/pages\/522\/revisions\/3492"}],"up":[{"embeddable":true,"href":"https:\/\/www.museedelaguerre.ca\/premiereguerremondiale\/wp-json\/wp\/v2\/pages\/513"}],"wp:featuredmedia":[{"embeddable":true,"href":"https:\/\/www.museedelaguerre.ca\/premiereguerremondiale\/wp-json\/wp\/v2\/media\/507"}],"wp:attachment":[{"href":"https:\/\/www.museedelaguerre.ca\/premiereguerremondiale\/wp-json\/wp\/v2\/media?parent=522"}],"curies":[{"name":"wp","href":"https:\/\/api.w.org\/{rel}","templated":true}]}}