{"id":520,"date":"2014-07-21T19:05:07","date_gmt":"2014-07-21T19:05:07","guid":{"rendered":"https:\/\/www.museedelaguerre.ca\/premiere-guerre-mondial\/?page_id=520"},"modified":"2015-03-30T13:35:26","modified_gmt":"2015-03-30T13:35:26","slug":"le-coquelicot","status":"publish","type":"page","link":"https:\/\/www.museedelaguerre.ca\/premiereguerremondiale\/histoire\/apres-la-guerre\/se-souvenir\/le-coquelicot\/","title":{"rendered":"Le coquelicot"},"content":{"rendered":"<p class=\"excerpt\">Le coquelicot rouge, une plante indig\u00e8ne le long de la majeure partie du front occidental de la Premi\u00e8re Guerre mondiale, est devenu un symbole \u00e9loquent du souvenir. C&rsquo;est le principal embl\u00e8me de la L\u00e9gion royale canadienne, qui en distribue des millions chaque ann\u00e9e aux Canadiens, qui les portent le jour du Souvenir.<\/p>\n<h2>\u00ab\u00a0Au champ d&rsquo;honneur les coquelicots sont parsem\u00e9s..\u00a0\u00bb<\/h2>\n<p>Le symbole familier du coquelicot doit une bonne part de sa c\u00e9l\u00e9brit\u00e9 au po\u00e8te et soldat canadien John McCrae. Le po\u00e8me le plus connu de McCrae,\u00a0<i>Au champ d&rsquo;honneur<\/i>, lui fut inspir\u00e9 par les coquelicots qui poussaient le long du front occidental et auxquels il fait allusion. Le po\u00e8me d\u00e9bute ainsi \u00ab\u00a0Au champ d&rsquo;honneur les coquelicots\/ Sont parsem\u00e9s de lot en lot\/pr\u00e8s des croix..\u00a0\u00bb<\/p>\n<p>Le coquelicot rouge sang est depuis longtemps associ\u00e9 aux arm\u00e9es combattant en Europe, et ces fleurs envahissaient souvent les fosses communes laiss\u00e9es par les batailles. Pendant la Premi\u00e8re Guerre mondiale, des bombardements d&rsquo;artillerie intensifs boulevers\u00e8rent compl\u00e8tement le paysage, m\u00ealant de la chaux aux sols crayeux. Les coquelicots s&rsquo;\u00e9panouirent dans ce milieu, leur couleur flamboyant au milieu de ce terrain bombard\u00e9.<\/p>\n<h2>Un symbole persistant<\/h2>\n<p>En 1921, la Great War Veteran&rsquo;s Association, le plus importants des groupes d&rsquo;anciens combattants canadiens, choisit le coquelicot comme symbole du souvenir. La L\u00e9gion canadienne, cr\u00e9\u00e9e en 1925, l&rsquo;adopta \u00e0 son tour. Le coquelicot \u00e9tait port\u00e9 sur le revers gauche et pr\u00e8s du c\u0153ur pour rendre hommage au sacrifice des soldats en temps de guerre. Ils furent d&rsquo;abord confectionn\u00e9s par des anciens combattants handicap\u00e9s. Les recettes de la vente servent, maintenant comme alors, \u00e0 r\u00e9pondre aux besoins des anciens combattants.<\/p>\n<p>Le coquelicot demeure au Canada, en Grande-Bretagne, dans les pays du Commonwealth et aux \u00c9tats-Unis un symbole durable du souvenir de ceux qui ont servi leur pays ou qui sont morts pour lui.<\/p>\n<h3>Poursuivez votre exploration avec ces sujets :<\/h3>\n<ul class=\"related\">\n<li><a href=\"\/premiereguerremondiale\/histoire\/apres-la-guerre\/se-souvenir\/au-champ-dhonneur-et-john-mccrae\/\">Au champ d&rsquo;honneur et John McCrae<\/a><\/li>\n<li><a href=\"\/premiereguerremondiale\/histoire\/apres-la-guerre\/legs\/le-cout-de-la-guerre-du-canada\/\">Le co\u00fbt de la guerre\u00a0du Canada<\/a><\/li>\n<li><a href=\"\/premiereguerremondiale\/histoire\/batailles-et-combats\/armes-terrestres\/artillerie-et-mortiers\/\">Artillerie et mortiers<\/a><\/li>\n<\/ul>\n","protected":false},"excerpt":{"rendered":"<p>Le coquelicot rouge, une plante indig\u00e8ne le long de la majeure partie du front occidental de la Premi\u00e8re Guerre mondiale, est devenu un symbole \u00e9loquent du souvenir. C&rsquo;est le principal embl\u00e8me de la L\u00e9gion royale canadienne, qui en distribue des millions chaque ann\u00e9e aux Canadiens, qui les portent le jour du Souvenir. \u00ab\u00a0Au champ d&rsquo;honneur [&hellip;]<\/p>\n","protected":false},"author":1,"featured_media":512,"parent":513,"menu_order":1,"comment_status":"open","ping_status":"open","template":"single-history.php","meta":{"footnotes":""},"_links":{"self":[{"href":"https:\/\/www.museedelaguerre.ca\/premiereguerremondiale\/wp-json\/wp\/v2\/pages\/520"}],"collection":[{"href":"https:\/\/www.museedelaguerre.ca\/premiereguerremondiale\/wp-json\/wp\/v2\/pages"}],"about":[{"href":"https:\/\/www.museedelaguerre.ca\/premiereguerremondiale\/wp-json\/wp\/v2\/types\/page"}],"author":[{"embeddable":true,"href":"https:\/\/www.museedelaguerre.ca\/premiereguerremondiale\/wp-json\/wp\/v2\/users\/1"}],"replies":[{"embeddable":true,"href":"https:\/\/www.museedelaguerre.ca\/premiereguerremondiale\/wp-json\/wp\/v2\/comments?post=520"}],"version-history":[{"count":5,"href":"https:\/\/www.museedelaguerre.ca\/premiereguerremondiale\/wp-json\/wp\/v2\/pages\/520\/revisions"}],"predecessor-version":[{"id":3443,"href":"https:\/\/www.museedelaguerre.ca\/premiereguerremondiale\/wp-json\/wp\/v2\/pages\/520\/revisions\/3443"}],"up":[{"embeddable":true,"href":"https:\/\/www.museedelaguerre.ca\/premiereguerremondiale\/wp-json\/wp\/v2\/pages\/513"}],"wp:featuredmedia":[{"embeddable":true,"href":"https:\/\/www.museedelaguerre.ca\/premiereguerremondiale\/wp-json\/wp\/v2\/media\/512"}],"wp:attachment":[{"href":"https:\/\/www.museedelaguerre.ca\/premiereguerremondiale\/wp-json\/wp\/v2\/media?parent=520"}],"curies":[{"name":"wp","href":"https:\/\/api.w.org\/{rel}","templated":true}]}}