{"id":515,"date":"2014-07-21T18:54:58","date_gmt":"2014-07-21T18:54:58","guid":{"rendered":"https:\/\/www.museedelaguerre.ca\/premiere-guerre-mondial\/?page_id=515"},"modified":"2015-03-30T13:34:15","modified_gmt":"2015-03-30T13:34:15","slug":"jour-du-souvenir","status":"publish","type":"page","link":"https:\/\/www.museedelaguerre.ca\/premiereguerremondiale\/histoire\/apres-la-guerre\/se-souvenir\/jour-du-souvenir\/","title":{"rendered":"Jour du Souvenir"},"content":{"rendered":"<p class=\"excerpt\">Les Canadiens c\u00e9l\u00e8brent le jour du Souvenir, autrefois appel\u00e9 jour de l&rsquo;Armistice, tous les 11 novembre \u00e0 11 h. Ce jour rappelle la fin de la Premi\u00e8re Guerre mondiale et est une occasion de se souvenir de tous ceux qui ont d\u00e9fendu la nation.<\/p>\n<h2>Jour de l&rsquo;Armistice<\/h2>\n<p>Le jour de l&rsquo;Armistice fut instaur\u00e9 en 1919 \u00e0 travers la majeure partie de l&rsquo;Empire britannique, mais il \u00e9tait c\u00e9l\u00e9br\u00e9 le deuxi\u00e8me dimanche de novembre. En 1921, le Parlement du Canada adopta la Loi du jour de l&rsquo;Armistice \u00e9non\u00e7ant que des c\u00e9r\u00e9monies seraient organis\u00e9es le premier lundi de la semaine du 11 novembre, mais de ce fait l&rsquo;\u00e9v\u00e8nement se trouvait jumel\u00e9 avec l&rsquo;Action de gr\u00e2ce. Pendant la plus grande partie des ann\u00e9es 1920, les Canadiens soulign\u00e8rent cette journ\u00e9e sans organiser beaucoup de manifestations publiques. Les anciens combattants et leurs familles se rassemblaient \u00e0 l&rsquo;\u00e9glise et autour de monuments comm\u00e9moratifs locaux, mais d&rsquo;autres Canadiens y participaient.<\/p>\n<p>En 1928, certains citoyens \u00e9minents, dont un bon nombre \u00e9taient des anciens combattants, firent des pressions pour que ce jour soit davantage reconnu et qu&rsquo;on comm\u00e9more les sacrifices du temps de guerre \u00e0 un autre moment que le cong\u00e9 de l&rsquo;Action de gr\u00e2ce. En 1931, le gouvernement f\u00e9d\u00e9ral d\u00e9cr\u00e9ta que ce qu&rsquo;on appellerait d\u00e9sormais le jour du Souvenir serait observ\u00e9 le 11 novembre et que le jour de l&rsquo;Action de gr\u00e2ce serait d\u00e9plac\u00e9 \u00e0 une autre date. Le jour du Souvenir serait davantage d\u00e9di\u00e9 \u00e0 la m\u00e9moire des soldats d\u00e9c\u00e9d\u00e9s qu&rsquo;\u00e0 celle des \u00e9v\u00e8nements politiques et militaires qui avaient men\u00e9 \u00e0 la victoire lors de la Premi\u00e8re Guerre mondiale.<\/p>\n<h2>Le 11 novembre<\/h2>\n<p>Le jour du Souvenir raviva l&rsquo;int\u00e9r\u00eat du public envers le souvenir de la guerre et du sacrifice militaire, attirant des milliers de personnes aux c\u00e9r\u00e9monies dans les grandes et petites villes du pays. Il demeura un jour consacr\u00e9 au souvenir des morts, mais il arrivait aussi qu&rsquo;au cours de certaines c\u00e9r\u00e9monies traditionnelles on incite les gens \u00e0 se souvenir des horreurs de la guerre et \u00e0 \u0153uvrer pour la paix. Les c\u00e9r\u00e9monies du jour du Souvenir se d\u00e9roulaient g\u00e9n\u00e9ralement devant les c\u00e9notaphes et monuments comm\u00e9moratifs de guerre communautaires ou parfois dans des \u00e9coles ou d&rsquo;autres lieux publics. Observer deux minutes de silence, interpr\u00e9ter la \u00ab\u00a0Derni\u00e8re sonnerie\u00a0\u00bb, r\u00e9citer\u00a0<i>Au champ d&rsquo;honneur<\/i>\u00a0et porter le coquelicot devinrent bient\u00f4t des \u00e9l\u00e9ments incontournables de la c\u00e9r\u00e9monie.<\/p>\n<p>Si le jour du Souvenir a connu des p\u00e9riodes o\u00f9 il fut observ\u00e9 avec une grande ferveur, il est \u00e9galement tomb\u00e9 p\u00e9riodiquement dans l&rsquo;oubli. Le 50e anniversaire de la fin de la Deuxi\u00e8me Guerre mondiale en 1995 marqua un sensible regain de l&rsquo;int\u00e9r\u00eat du public, qui n&rsquo;a pas faibli au cours des derni\u00e8res ann\u00e9es. C&rsquo;est maintenant un cong\u00e9 national pour les fonctionnaires f\u00e9d\u00e9raux et de nombreuses provinces, et des dizaines de milliers de personnes assistent aux c\u00e9r\u00e9monies de plus grande envergure dans les principales villes du pays. La c\u00e9r\u00e9monie au Monument comm\u00e9moratif de guerre \u00e0 Ottawa est t\u00e9l\u00e9diffus\u00e9e partout au pays et la plupart des m\u00e9dias, notamment les journaux, les magazines, les cha\u00eenes de t\u00e9l\u00e9vision et de radio et les sites Internet, diffusent des reportages sp\u00e9ciaux, des entrevues ou des enqu\u00eates-reportages sur l&rsquo;histoire militaire ou des th\u00e8mes li\u00e9s au souvenir.<\/p>\n<h3>Poursuivez votre exploration avec ces sujets :<\/h3>\n<ul class=\"related\">\n<li><a href=\"premiereguerremondiale\/histoire\/apres-la-guerre\/se-souvenir\/les-monuments-commemoratifs-du-canada\/\">Les monuments comm\u00e9moratifs du Canada<\/a><\/li>\n<li><a href=\"\/premiereguerremondiale\/histoire\/apres-la-guerre\/legs\/le-cout-de-la-guerre-du-canada\/\">Le co\u00fbt de la guerre\u00a0du Canada<\/a><\/li>\n<li><a href=\"\/premiereguerremondiale\/histoire\/batailles-et-combats\/batailles-terrestres\/mons\/\">Mons<\/a><\/li>\n<\/ul>\n","protected":false},"excerpt":{"rendered":"<p>Les Canadiens c\u00e9l\u00e8brent le jour du Souvenir, autrefois appel\u00e9 jour de l&rsquo;Armistice, tous les 11 novembre \u00e0 11 h. Ce jour rappelle la fin de la Premi\u00e8re Guerre mondiale et est une occasion de se souvenir de tous ceux qui ont d\u00e9fendu la nation. Jour de l&rsquo;Armistice Le jour de l&rsquo;Armistice fut instaur\u00e9 en 1919 [&hellip;]<\/p>\n","protected":false},"author":1,"featured_media":511,"parent":513,"menu_order":0,"comment_status":"open","ping_status":"open","template":"single-history.php","meta":{"footnotes":""},"_links":{"self":[{"href":"https:\/\/www.museedelaguerre.ca\/premiereguerremondiale\/wp-json\/wp\/v2\/pages\/515"}],"collection":[{"href":"https:\/\/www.museedelaguerre.ca\/premiereguerremondiale\/wp-json\/wp\/v2\/pages"}],"about":[{"href":"https:\/\/www.museedelaguerre.ca\/premiereguerremondiale\/wp-json\/wp\/v2\/types\/page"}],"author":[{"embeddable":true,"href":"https:\/\/www.museedelaguerre.ca\/premiereguerremondiale\/wp-json\/wp\/v2\/users\/1"}],"replies":[{"embeddable":true,"href":"https:\/\/www.museedelaguerre.ca\/premiereguerremondiale\/wp-json\/wp\/v2\/comments?post=515"}],"version-history":[{"count":7,"href":"https:\/\/www.museedelaguerre.ca\/premiereguerremondiale\/wp-json\/wp\/v2\/pages\/515\/revisions"}],"predecessor-version":[{"id":3442,"href":"https:\/\/www.museedelaguerre.ca\/premiereguerremondiale\/wp-json\/wp\/v2\/pages\/515\/revisions\/3442"}],"up":[{"embeddable":true,"href":"https:\/\/www.museedelaguerre.ca\/premiereguerremondiale\/wp-json\/wp\/v2\/pages\/513"}],"wp:featuredmedia":[{"embeddable":true,"href":"https:\/\/www.museedelaguerre.ca\/premiereguerremondiale\/wp-json\/wp\/v2\/media\/511"}],"wp:attachment":[{"href":"https:\/\/www.museedelaguerre.ca\/premiereguerremondiale\/wp-json\/wp\/v2\/media?parent=515"}],"curies":[{"name":"wp","href":"https:\/\/api.w.org\/{rel}","templated":true}]}}