{"id":513,"date":"2014-07-21T18:50:44","date_gmt":"2014-07-21T18:50:44","guid":{"rendered":"https:\/\/www.museedelaguerre.ca\/premiere-guerre-mondial\/?page_id=513"},"modified":"2014-07-21T18:50:44","modified_gmt":"2014-07-21T18:50:44","slug":"se-souvenir","status":"publish","type":"page","link":"https:\/\/www.museedelaguerre.ca\/premiereguerremondiale\/histoire\/apres-la-guerre\/se-souvenir\/","title":{"rendered":"Se souvenir"},"content":{"rendered":"<p>Les Canadiens perp\u00e9tuent le souvenir de la Premi\u00e8re Guerre mondiale par des c\u00e9r\u00e9monies et des symboles nationaux, des monuments comm\u00e9moratifs locaux ainsi que des rituels priv\u00e9s et des po\u00e8mes.<\/p>\n","protected":false},"excerpt":{"rendered":"<p>Les Canadiens perp\u00e9tuent le souvenir de la Premi\u00e8re Guerre mondiale par des c\u00e9r\u00e9monies et des symboles nationaux, des monuments comm\u00e9moratifs locaux ainsi que des rituels priv\u00e9s et des po\u00e8mes.<\/p>\n","protected":false},"author":1,"featured_media":509,"parent":467,"menu_order":3,"comment_status":"open","ping_status":"open","template":"listing-history.php","meta":{"footnotes":""},"_links":{"self":[{"href":"https:\/\/www.museedelaguerre.ca\/premiereguerremondiale\/wp-json\/wp\/v2\/pages\/513"}],"collection":[{"href":"https:\/\/www.museedelaguerre.ca\/premiereguerremondiale\/wp-json\/wp\/v2\/pages"}],"about":[{"href":"https:\/\/www.museedelaguerre.ca\/premiereguerremondiale\/wp-json\/wp\/v2\/types\/page"}],"author":[{"embeddable":true,"href":"https:\/\/www.museedelaguerre.ca\/premiereguerremondiale\/wp-json\/wp\/v2\/users\/1"}],"replies":[{"embeddable":true,"href":"https:\/\/www.museedelaguerre.ca\/premiereguerremondiale\/wp-json\/wp\/v2\/comments?post=513"}],"version-history":[{"count":1,"href":"https:\/\/www.museedelaguerre.ca\/premiereguerremondiale\/wp-json\/wp\/v2\/pages\/513\/revisions"}],"predecessor-version":[{"id":514,"href":"https:\/\/www.museedelaguerre.ca\/premiereguerremondiale\/wp-json\/wp\/v2\/pages\/513\/revisions\/514"}],"up":[{"embeddable":true,"href":"https:\/\/www.museedelaguerre.ca\/premiereguerremondiale\/wp-json\/wp\/v2\/pages\/467"}],"wp:featuredmedia":[{"embeddable":true,"href":"https:\/\/www.museedelaguerre.ca\/premiereguerremondiale\/wp-json\/wp\/v2\/media\/509"}],"wp:attachment":[{"href":"https:\/\/www.museedelaguerre.ca\/premiereguerremondiale\/wp-json\/wp\/v2\/media?parent=513"}],"curies":[{"name":"wp","href":"https:\/\/api.w.org\/{rel}","templated":true}]}}