{"id":487,"date":"2014-07-21T16:06:31","date_gmt":"2014-07-21T16:06:31","guid":{"rendered":"https:\/\/www.museedelaguerre.ca\/premiere-guerre-mondial\/?page_id=487"},"modified":"2015-03-30T13:29:19","modified_gmt":"2015-03-30T13:29:19","slug":"lincidence-de-la-guerre-sur-le-canada","status":"publish","type":"page","link":"https:\/\/www.museedelaguerre.ca\/premiereguerremondiale\/histoire\/apres-la-guerre\/legs\/lincidence-de-la-guerre-sur-le-canada\/","title":{"rendered":"L&rsquo;incidence de la guerre sur le Canada"},"content":{"rendered":"<p class=\"excerpt\">Le Canada, apr\u00e8s la Premi\u00e8re Guerre mondiale, \u00e9tait devenu un pays fier et victorieux avec un tout nouveau statut dans le monde. Il se retrouvait \u00e9galement en deuil et divis\u00e9, transform\u00e9 \u00e0 jamais par les efforts sans pr\u00e9c\u00e9dent et les co\u00fbts horribles de la guerre.<\/p>\n<h2>Un pays fondamentalement transform\u00e9<\/h2>\n<p>La guerre unit la plupart des Canadiens dans une cause commune, m\u00eame si l&rsquo;effort national en vint presque \u00e0 d\u00e9chirer le pays. Rares \u00e9taient ceux qui s&rsquo;\u00e9taient attendu \u00e0 la dur\u00e9e du conflit ou au bilan en pertes humaines. Une guerre livr\u00e9e soi-disant pour la libert\u00e9 contre le militarisme prussien avait r\u00e9v\u00e9l\u00e9 des contradictions difficiles \u00e0 surmonter, dont le service militaire obligatoire, les promesses non tenues aux agriculteurs et aux syndicats, le taux d&rsquo;inflation \u00e9lev\u00e9, les divisions sociales et linguistiques profondes et la suspension de beaucoup de libert\u00e9s civiles. Certaines femmes s&rsquo;\u00e9taient vu accorder le droit de vote, mais d&rsquo;autres Canadiens &#8211; des immigrants r\u00e9cents associ\u00e9s \u00e0 des pays ennemis &#8211; avaient perdu ce droit.<\/p>\n<p>Le gouvernement \u00e9tait intervenu dans la vie des Canadiens \u00e0 un degr\u00e9 sans pr\u00e9c\u00e9dent, introduisant des politiques qui aboutiraient\u00a0\u00e0 un v\u00e9ritable syst\u00e8me de protection sociale. Mais il n&rsquo;avait pas emp\u00each\u00e9 la r\u00e9alisation de profits excessifs pendant la guerre, les gr\u00e8ves ou les d\u00e9sastres \u00e9conomiques, ce qui conduisit un grand nombre de gens \u00e0 douter que les Canadiens riches se soient si peu que ce soit sacrifi\u00e9s. Une participation volontaire massive et sans pr\u00e9c\u00e9dent avait soutenu les troupes outre-mer et on avait pr\u00eat\u00e9 \u00e0 Ottawa l&rsquo;argent dont il avait besoin pour la guerre. La dette qui en avait r\u00e9sult\u00e9 apr\u00e8s-guerre &#8211; environ 2 milliards de dollars &#8211; avait surtout \u00e9t\u00e9 contract\u00e9e envers d&rsquo;autres Canadiens, fait qui transforma radicalement la nature de l&rsquo;\u00e9conomie d&rsquo;apr\u00e8s-guerre.<\/p>\n<p>Politiquement, la guerre fut \u00e9galement un tournant important. Les efforts de Borden pour remporter les \u00e9lections de 1917 et emmener la nation vers la victoire furent couronn\u00e9s de succ\u00e8s \u00e0 court terme, mais divis\u00e8rent le pays selon des crit\u00e8res r\u00e9gionaux, culturels, linguistiques et de classe. Les relations entre anglophones et francophones n&rsquo;avaient jamais \u00e9t\u00e9 aussi mauvaises, et les accusations de tra\u00eetrise contre les francophones et de militarisme contre les anglophones n&rsquo;allaient pas \u00eatre oubli\u00e9es de sit\u00f4t. Le Qu\u00e9bec serait un d\u00e9sert pour les conservateurs f\u00e9d\u00e9raux pendant la plus grande partie des 40 ann\u00e9es suivantes. La position d\u00e9sesp\u00e9r\u00e9e de Laurier contre la conscription lui valut de perdre les \u00e9lections et divisa son parti, mais contribua \u00e0 \u00e9tablir la cr\u00e9dibilit\u00e9 nationale des lib\u00e9raux, leur assurant une base solide au Canada fran\u00e7ais, pour les dizaines d&rsquo;ann\u00e9es \u00e0 venir.<\/p>\n<p>Les syndicats, auxquels leur r\u00f4le important dans le soutien \u00e0 l&rsquo;effort de guerre avait donn\u00e9 des ailes, r\u00e9clam\u00e8rent davantage de droits, d&rsquo;abord par des n\u00e9gociations, puis par des gr\u00e8ves. Les agriculteurs \u00e9taient furieux contre les politiques agricoles et la promesse non tenue d&rsquo;Ottawa sur la conscription. Dans la p\u00e9riode d&rsquo;apr\u00e8s-guerre, les deux groupes formeraient de nouveaux partis politiques et r\u00e9gionaux puissants.<\/p>\n<h2>Autonomie et politique \u00e9trang\u00e8re<\/h2>\n<p>La guerre acc\u00e9l\u00e9ra la transformation de l&rsquo;Empire britannique, qui devint le Commonwealth, et d\u00e9montra que la Grande-Bretagne avait besoin, tant militairement qu&rsquo;\u00e9conomiquement, des dominions autonomes. La plupart des principaux chefs de gouvernement du Commonwealth reconnurent ce fait et virent clairement dans leurs contributions du temps de guerre la voie vers une plus grande ind\u00e9pendance et une plus grande importance dans les conseils imp\u00e9riaux.<\/p>\n<p>Le premier ministre sir Robert Borden orchestra un effort national massif \u00e0 l&rsquo;appui de la m\u00e8re patrie, mais exigea aussi que la Grande-Bretagne reconnaisse les sacrifices du Canada en temps de guerre en lui accordant une plus grande autonomie apr\u00e8s le conflit. Le Canada signa de fa\u00e7on ind\u00e9pendante le Trait\u00e9 de Versailles (1919), qui mettait officiellement fin \u00e0 la guerre, et joua un r\u00f4le prudent et discret au sein de la toute nouvelle Soci\u00e9t\u00e9 des Nations. L&rsquo;acceptation de Londres pendant la guerre de r\u00e9\u00e9valuer les accords constitutionnels entre la Grande-Bretagne et ses dominions aboutit au Statut de Westminster (1931), qui \u00e9tablissait officiellement que les dominions avaient la ma\u00eetrise de leur politique \u00e9trang\u00e8re. La d\u00e9termination du Canada \u00e0 le faire de toute mani\u00e8re avait \u00e9t\u00e9 \u00e9vidente lors de la crise de Chanak, en 1922, quand Ottawa insista pour qu&rsquo;il y ait un d\u00e9bat parlementaire avant d&rsquo;envisager un \u00e9ventuel appui \u00e0 la Grande-Bretagne dans une confrontation militaire avec la Turquie.<\/p>\n<h2>Statut sans pr\u00e9c\u00e9dent<\/h2>\n<p>En d\u00e9pit des d\u00e9fis sociaux et politiques de l&rsquo;apr\u00e8s-guerre, la plupart des Canadiens croyaient, \u00e0 l&rsquo;issue du conflit, qu&rsquo;ils avaient fait ensemble des choses importantes et difficiles. Leur principale force de combat au front, le Corps canadien, s&rsquo;\u00e9tait m\u00e9rit\u00e9 la r\u00e9putation d&rsquo;\u00eatre une des formations les plus efficaces du front occidental. Leurs g\u00e9n\u00e9raux et politiciens avaient jou\u00e9 un r\u00f4le \u00e9vident dans la victoire, et le pays lui-m\u00eame s&rsquo;\u00e9tait valu un statut international que peu d&rsquo;observateurs en 1914 auraient pu pr\u00e9voir.<\/p>\n<h3>Poursuivez votre exploration avec ces sujets :<\/h3>\n<ul class=\"related\">\n<li><a href=\"\/premiereguerremondiale\/histoire\/les-gens\/leaders-canadiens\/sir-robert-borden\/\">Sir Robert Borden<\/a><\/li>\n<li><a href=\"\/premiereguerremondiale\/histoire\/lentree-en-guerre\/le-canada-entre-en-guerre\/le-canada-a-la-guerre\/\">Le Canada \u00e0 la guerre<\/a><\/li>\n<li><a href=\"\/premiereguerremondiale\/histoire\/batailles-et-combats\/batailles-terrestres\/crete-de-vimy\/\">Cr\u00eate de Vimy<\/a><\/li>\n<\/ul>\n","protected":false},"excerpt":{"rendered":"<p>Le Canada, apr\u00e8s la Premi\u00e8re Guerre mondiale, \u00e9tait devenu un pays fier et victorieux avec un tout nouveau statut dans le monde. Il se retrouvait \u00e9galement en deuil et divis\u00e9, transform\u00e9 \u00e0 jamais par les efforts sans pr\u00e9c\u00e9dent et les co\u00fbts horribles de la guerre. Un pays fondamentalement transform\u00e9 La guerre unit la plupart des [&hellip;]<\/p>\n","protected":false},"author":1,"featured_media":481,"parent":483,"menu_order":1,"comment_status":"open","ping_status":"open","template":"single-history.php","meta":{"footnotes":""},"_links":{"self":[{"href":"https:\/\/www.museedelaguerre.ca\/premiereguerremondiale\/wp-json\/wp\/v2\/pages\/487"}],"collection":[{"href":"https:\/\/www.museedelaguerre.ca\/premiereguerremondiale\/wp-json\/wp\/v2\/pages"}],"about":[{"href":"https:\/\/www.museedelaguerre.ca\/premiereguerremondiale\/wp-json\/wp\/v2\/types\/page"}],"author":[{"embeddable":true,"href":"https:\/\/www.museedelaguerre.ca\/premiereguerremondiale\/wp-json\/wp\/v2\/users\/1"}],"replies":[{"embeddable":true,"href":"https:\/\/www.museedelaguerre.ca\/premiereguerremondiale\/wp-json\/wp\/v2\/comments?post=487"}],"version-history":[{"count":4,"href":"https:\/\/www.museedelaguerre.ca\/premiereguerremondiale\/wp-json\/wp\/v2\/pages\/487\/revisions"}],"predecessor-version":[{"id":3438,"href":"https:\/\/www.museedelaguerre.ca\/premiereguerremondiale\/wp-json\/wp\/v2\/pages\/487\/revisions\/3438"}],"up":[{"embeddable":true,"href":"https:\/\/www.museedelaguerre.ca\/premiereguerremondiale\/wp-json\/wp\/v2\/pages\/483"}],"wp:featuredmedia":[{"embeddable":true,"href":"https:\/\/www.museedelaguerre.ca\/premiereguerremondiale\/wp-json\/wp\/v2\/media\/481"}],"wp:attachment":[{"href":"https:\/\/www.museedelaguerre.ca\/premiereguerremondiale\/wp-json\/wp\/v2\/media?parent=487"}],"curies":[{"name":"wp","href":"https:\/\/api.w.org\/{rel}","templated":true}]}}