{"id":485,"date":"2014-07-21T16:00:29","date_gmt":"2014-07-21T16:00:29","guid":{"rendered":"https:\/\/www.museedelaguerre.ca\/premiere-guerre-mondial\/?page_id=485"},"modified":"2017-12-18T18:37:37","modified_gmt":"2017-12-18T18:37:37","slug":"le-cout-de-la-guerre-du-canada","status":"publish","type":"page","link":"https:\/\/www.museedelaguerre.ca\/premiereguerremondiale\/histoire\/apres-la-guerre\/legs\/le-cout-de-la-guerre-du-canada\/","title":{"rendered":"Le co\u00fbt de la guerre du Canada"},"content":{"rendered":"<p class=\"excerpt\">Pr\u00e8s de 61\u00a0000 Canadiens furent tu\u00e9s au cours de la guerre, et 172\u00a0000 autres furent bless\u00e9s. Un tr\u00e8s grand nombre, encore, rentra au pays l&rsquo;esprit et le corps bris\u00e9s. Dans la petite colonie de Terre-Neuve, on compta 1305 morts et plusieurs milliers de bless\u00e9s.<\/p>\n<h2>Les morts<\/h2>\n<p>Pendant la guerre, 619\u00a0636 Canadiens s&rsquo;enr\u00f4l\u00e8rent dans le Corps exp\u00e9ditionnaire canadien, et environ 424\u00a0000 servirent outre-mer. Parmi ces hommes et ces femmes, 59\u00a0544 membres du CEC moururent pendant la guerre, dont 51\u00a0748 du fait d&rsquo;une action de l&rsquo;ennemi. La petite Marine royale du Canada fit \u00e9tat de 150 morts de toutes causes. On ne dispose d&rsquo;aucun chiffre pour les Canadiens ayant servi comme volontaires dans la Royal Navy ou l&rsquo;arm\u00e9e britannique. En outre, 1388 Canadiens moururent alors qu&rsquo;ils servaient dans l&rsquo;aviation britannique.<\/p>\n<h2>Les bless\u00e9s<\/h2>\n<p>Parmi les Canadiens &#8211; plus de 172\u00a0000 &#8211; bless\u00e9s pendant la guerre, les autorit\u00e9s m\u00e9dicales en d\u00e9nombr\u00e8rent environ 138\u00a0000 parmi les pertes au combat. Les autres \u00e9taient des blessures subies hors de la zone de guerre. Parmi les bless\u00e9s ayant surv\u00e9cu, 3461 hommes et une femme se firent amputer un membre. Un soldat, Curley Christian, est le seul Canadien \u00e0 avoir surv\u00e9cu \u00e0 l&rsquo;amputation de ses quatre membres. Aucune m\u00e9thode fiable n&rsquo;existait pour d\u00e9pister ou traiter les blessures psychologiques, mais les autorit\u00e9s diagnostiqu\u00e8rent des traumatismes dus aux bombardements chez plus de 9000 Canadiens.<\/p>\n<h3>Poursuivez votre exploration avec ces sujets :<\/h3>\n<ul class=\"related\">\n<li><a href=\"\/premiereguerremondiale\/histoire\/la-vie-au-front\/medecine\/traitements-medicaux\/\">Traitements m\u00e9dicaux<\/a><\/li>\n<li><a href=\"\/premiereguerremondiale\/histoire\/la-vie-au-front\/les-conditions-dans-les-tranchees\/traumatismes-dus-aux-bombardements\/\">Traumatisme dus aux bombardements<\/a><\/li>\n<li><a href=\"\/premiereguerremondiale\/histoire\/les-gens\/en-uniforme\/les-infirmieres\/\">Les infirmi\u00e8res<\/a><\/li>\n<\/ul>\n","protected":false},"excerpt":{"rendered":"<p>Pr\u00e8s de 61\u00a0000 Canadiens furent tu\u00e9s au cours de la guerre, et 172\u00a0000 autres furent bless\u00e9s. Un tr\u00e8s grand nombre, encore, rentra au pays l&rsquo;esprit et le corps bris\u00e9s. Dans la petite colonie de Terre-Neuve, on compta 1305 morts et plusieurs milliers de bless\u00e9s. Les morts Pendant la guerre, 619\u00a0636 Canadiens s&rsquo;enr\u00f4l\u00e8rent dans le Corps [&hellip;]<\/p>\n","protected":false},"author":1,"featured_media":480,"parent":483,"menu_order":0,"comment_status":"open","ping_status":"open","template":"single-history.php","meta":{"footnotes":""},"_links":{"self":[{"href":"https:\/\/www.museedelaguerre.ca\/premiereguerremondiale\/wp-json\/wp\/v2\/pages\/485"}],"collection":[{"href":"https:\/\/www.museedelaguerre.ca\/premiereguerremondiale\/wp-json\/wp\/v2\/pages"}],"about":[{"href":"https:\/\/www.museedelaguerre.ca\/premiereguerremondiale\/wp-json\/wp\/v2\/types\/page"}],"author":[{"embeddable":true,"href":"https:\/\/www.museedelaguerre.ca\/premiereguerremondiale\/wp-json\/wp\/v2\/users\/1"}],"replies":[{"embeddable":true,"href":"https:\/\/www.museedelaguerre.ca\/premiereguerremondiale\/wp-json\/wp\/v2\/comments?post=485"}],"version-history":[{"count":5,"href":"https:\/\/www.museedelaguerre.ca\/premiereguerremondiale\/wp-json\/wp\/v2\/pages\/485\/revisions"}],"predecessor-version":[{"id":3511,"href":"https:\/\/www.museedelaguerre.ca\/premiereguerremondiale\/wp-json\/wp\/v2\/pages\/485\/revisions\/3511"}],"up":[{"embeddable":true,"href":"https:\/\/www.museedelaguerre.ca\/premiereguerremondiale\/wp-json\/wp\/v2\/pages\/483"}],"wp:featuredmedia":[{"embeddable":true,"href":"https:\/\/www.museedelaguerre.ca\/premiereguerremondiale\/wp-json\/wp\/v2\/media\/480"}],"wp:attachment":[{"href":"https:\/\/www.museedelaguerre.ca\/premiereguerremondiale\/wp-json\/wp\/v2\/media?parent=485"}],"curies":[{"name":"wp","href":"https:\/\/api.w.org\/{rel}","templated":true}]}}