{"id":483,"date":"2014-07-21T15:54:49","date_gmt":"2014-07-21T15:54:49","guid":{"rendered":"https:\/\/www.museedelaguerre.ca\/premiere-guerre-mondial\/?page_id=483"},"modified":"2014-07-21T15:54:49","modified_gmt":"2014-07-21T15:54:49","slug":"legs","status":"publish","type":"page","link":"https:\/\/www.museedelaguerre.ca\/premiereguerremondiale\/histoire\/apres-la-guerre\/legs\/","title":{"rendered":"Legs"},"content":{"rendered":"<p>La Premi\u00e8re Guerre mondiale fut un des \u00e9v\u00e8nements les plus traumatisants et dont la port\u00e9e fut la plus vaste de l&rsquo;histoire du Canada. Apprenez-en davantage sur les chiffres des pertes, la plus grande autonomie du Canada, les changements politiques et soci\u00e9taux, et comment les tensions engendr\u00e9es par la guerre faillirent d\u00e9truire le pays.<\/p>\n","protected":false},"excerpt":{"rendered":"<p>La Premi\u00e8re Guerre mondiale fut un des \u00e9v\u00e8nements les plus traumatisants et dont la port\u00e9e fut la plus vaste de l&rsquo;histoire du Canada. Apprenez-en davantage sur les chiffres des pertes, la plus grande autonomie du Canada, les changements politiques et soci\u00e9taux, et comment les tensions engendr\u00e9es par la guerre faillirent d\u00e9truire le pays.<\/p>\n","protected":false},"author":1,"featured_media":482,"parent":467,"menu_order":1,"comment_status":"open","ping_status":"open","template":"listing-history.php","meta":{"footnotes":""},"_links":{"self":[{"href":"https:\/\/www.museedelaguerre.ca\/premiereguerremondiale\/wp-json\/wp\/v2\/pages\/483"}],"collection":[{"href":"https:\/\/www.museedelaguerre.ca\/premiereguerremondiale\/wp-json\/wp\/v2\/pages"}],"about":[{"href":"https:\/\/www.museedelaguerre.ca\/premiereguerremondiale\/wp-json\/wp\/v2\/types\/page"}],"author":[{"embeddable":true,"href":"https:\/\/www.museedelaguerre.ca\/premiereguerremondiale\/wp-json\/wp\/v2\/users\/1"}],"replies":[{"embeddable":true,"href":"https:\/\/www.museedelaguerre.ca\/premiereguerremondiale\/wp-json\/wp\/v2\/comments?post=483"}],"version-history":[{"count":1,"href":"https:\/\/www.museedelaguerre.ca\/premiereguerremondiale\/wp-json\/wp\/v2\/pages\/483\/revisions"}],"predecessor-version":[{"id":484,"href":"https:\/\/www.museedelaguerre.ca\/premiereguerremondiale\/wp-json\/wp\/v2\/pages\/483\/revisions\/484"}],"up":[{"embeddable":true,"href":"https:\/\/www.museedelaguerre.ca\/premiereguerremondiale\/wp-json\/wp\/v2\/pages\/467"}],"wp:featuredmedia":[{"embeddable":true,"href":"https:\/\/www.museedelaguerre.ca\/premiereguerremondiale\/wp-json\/wp\/v2\/media\/482"}],"wp:attachment":[{"href":"https:\/\/www.museedelaguerre.ca\/premiereguerremondiale\/wp-json\/wp\/v2\/media?parent=483"}],"curies":[{"name":"wp","href":"https:\/\/api.w.org\/{rel}","templated":true}]}}