{"id":465,"date":"2014-07-21T14:56:44","date_gmt":"2014-07-21T14:56:44","guid":{"rendered":"https:\/\/www.museedelaguerre.ca\/premiere-guerre-mondial\/?page_id=465"},"modified":"2015-03-27T20:10:35","modified_gmt":"2015-03-27T20:10:35","slug":"a-g-l-mcnaughton","status":"publish","type":"page","link":"https:\/\/www.museedelaguerre.ca\/premiereguerremondiale\/histoire\/les-gens\/generaux\/a-g-l-mcnaughton\/","title":{"rendered":"A.G.L McNaughton"},"content":{"rendered":"<p class=\"excerpt\">Ing\u00e9nieur civil et sp\u00e9cialiste de l&rsquo;artillerie, Andrew McNaughton, au d\u00e9part commandant d&rsquo;une unique batterie, en 1914, fut promu jusqu&rsquo;\u00e0 devenir chef de l&rsquo;artillerie lourde du Corps canadien \u00e0 la fin de 1918.<\/p>\n<h2>Un artilleur scientifique<\/h2>\n<p>McNaughton, officier de la milice avant-guerre, commandait une batterie de canons en septembre 1914 et fut bless\u00e9 \u00e0 Ypres en avril suivant. Ing\u00e9nieur dou\u00e9 qui avait enseign\u00e9 \u00e0 l&rsquo;Universit\u00e9 McGill, \u00e0 Montr\u00e9al, McNaughton \u00e9tait un passionn\u00e9 des sciences et il entretenait des relations cordiales avec les gens, ce qui lui valut respect, r\u00e9ussite et promotions.<\/p>\n<p>Apr\u00e8s avoir command\u00e9 plusieurs batteries, McNaughton se vit confier le poste important d&rsquo;officier d&rsquo;\u00e9tat-major de contrebatterie en f\u00e9vrier 1917. Il \u00e9labora ou perfectionna de nouveaux principes d&rsquo;artillerie scientifiques, dont le rep\u00e9rage par \u00e9clats et le rep\u00e9rage par le son, pour am\u00e9liorer la capacit\u00e9 des Canadiens d&rsquo;identifier, cibler et neutraliser les positions d&rsquo;artillerie ennemies. Associ\u00e9 \u00e0 des bombardements intenses, des rideaux de tirs de mitrailleuse indirects, des obus fumig\u00e8nes, des avions et des barrages roulants, les tirs de contrebatterie devinrent maintenant de plus en plus efficaces pour supprimer les canons ennemis. Ces techniques permirent aux troupes alli\u00e9es de se rapprocher de leurs objectifs en subissant moins de pertes, particuli\u00e8rement quand elles franchissaient le no man&rsquo;s land, et rendaient difficile pour les forces ennemies d&rsquo;avancer pour appuyer des secteurs menac\u00e9s. McNaughton fut d\u00e9cor\u00e9 plusieurs fois pendant la guerre pour ses r\u00e9alisations. \u00c0 la fin de 1918, brigadier par int\u00e9rim de 31 ans, il commanda l&rsquo;ensemble des forces d&rsquo;artillerie lourde et de contrebatterie du Corps canadien.<\/p>\n<h2>R\u00e9alisations apr\u00e8s-guerre<\/h2>\n<p>McNaughton connut une carri\u00e8re apr\u00e8s-guerre longue et illustre. Il fut chef d&rsquo;\u00e9tat-major g\u00e9n\u00e9ral de 1929 \u00e0 1935 et pr\u00e9sident du Conseil national de recherches de 1935 \u00e0 1939. Pendant la Seconde Guerre mondiale, il commanda successivement une division d&rsquo;infanterie, un corps et la Premi\u00e8re Arm\u00e9e canadienne. Il abandonna ce dernier commandement en d\u00e9cembre 1943 quand des critiques de la part de g\u00e9n\u00e9raux britanniques contribu\u00e8rent \u00e0 amoindrir ses soutiens politiques. McNaughton d\u00e9tint le portefeuille de la d\u00e9fense en 1944-1945 dans le gouvernement de W.L.M. King, et au cours des deux d\u00e9cennies suivantes il fut un \u00e9minent diplomate canadien et un personnage public. Il est d\u00e9c\u00e9d\u00e9 en 1966.<\/p>\n<h3>Poursuivez votre exploration avec les sujets suivants :<\/h3>\n<ul class=\"related\">\n<li><a href=\"\/premiereguerremondiale\/histoire\/batailles-et-combats\/armes-terrestres\/artillerie-et-mortiers\/\">Artillerie et mortiers<\/a><\/li>\n<li><a href=\"\/premiereguerremondiale\/histoire\/batailles-et-combats\/la-guerre-sur-terre\/mettre-fin-a-limpasse-dans-les-tranchees\/\">Mettre fin \u00e0 l\u2019impasse dans les tranch\u00e9es<\/a><\/li>\n<li><a href=\"\/premiereguerremondiale\/histoire\/batailles-et-combats\/batailles-terrestres\/crete-de-vimy\/\">Cr\u00eate de Vimy<\/a><\/li>\n<\/ul>\n","protected":false},"excerpt":{"rendered":"<p>Ing\u00e9nieur civil et sp\u00e9cialiste de l&rsquo;artillerie, Andrew McNaughton, au d\u00e9part commandant d&rsquo;une unique batterie, en 1914, fut promu jusqu&rsquo;\u00e0 devenir chef de l&rsquo;artillerie lourde du Corps canadien \u00e0 la fin de 1918. Un artilleur scientifique McNaughton, officier de la milice avant-guerre, commandait une batterie de canons en septembre 1914 et fut bless\u00e9 \u00e0 Ypres en [&hellip;]<\/p>\n","protected":false},"author":1,"featured_media":3210,"parent":454,"menu_order":4,"comment_status":"open","ping_status":"open","template":"single-history.php","meta":{"footnotes":""},"_links":{"self":[{"href":"https:\/\/www.museedelaguerre.ca\/premiereguerremondiale\/wp-json\/wp\/v2\/pages\/465"}],"collection":[{"href":"https:\/\/www.museedelaguerre.ca\/premiereguerremondiale\/wp-json\/wp\/v2\/pages"}],"about":[{"href":"https:\/\/www.museedelaguerre.ca\/premiereguerremondiale\/wp-json\/wp\/v2\/types\/page"}],"author":[{"embeddable":true,"href":"https:\/\/www.museedelaguerre.ca\/premiereguerremondiale\/wp-json\/wp\/v2\/users\/1"}],"replies":[{"embeddable":true,"href":"https:\/\/www.museedelaguerre.ca\/premiereguerremondiale\/wp-json\/wp\/v2\/comments?post=465"}],"version-history":[{"count":5,"href":"https:\/\/www.museedelaguerre.ca\/premiereguerremondiale\/wp-json\/wp\/v2\/pages\/465\/revisions"}],"predecessor-version":[{"id":3433,"href":"https:\/\/www.museedelaguerre.ca\/premiereguerremondiale\/wp-json\/wp\/v2\/pages\/465\/revisions\/3433"}],"up":[{"embeddable":true,"href":"https:\/\/www.museedelaguerre.ca\/premiereguerremondiale\/wp-json\/wp\/v2\/pages\/454"}],"wp:featuredmedia":[{"embeddable":true,"href":"https:\/\/www.museedelaguerre.ca\/premiereguerremondiale\/wp-json\/wp\/v2\/media\/3210"}],"wp:attachment":[{"href":"https:\/\/www.museedelaguerre.ca\/premiereguerremondiale\/wp-json\/wp\/v2\/media?parent=465"}],"curies":[{"name":"wp","href":"https:\/\/api.w.org\/{rel}","templated":true}]}}