{"id":461,"date":"2014-07-21T14:44:16","date_gmt":"2014-07-21T14:44:16","guid":{"rendered":"https:\/\/www.museedelaguerre.ca\/premiere-guerre-mondial\/?page_id=461"},"modified":"2015-03-27T20:08:05","modified_gmt":"2015-03-27T20:08:05","slug":"sir-julian-byng","status":"publish","type":"page","link":"https:\/\/www.museedelaguerre.ca\/premiereguerremondiale\/histoire\/les-gens\/generaux\/sir-julian-byng\/","title":{"rendered":"Sir Julian Byng"},"content":{"rendered":"<p class=\"excerpt\">Commandant du Corps canadien de mai 1916 \u00e0 juin 1917, Byng transforma les Canadiens en une force de frappe bien entra\u00een\u00e9e et efficace, dont la bataille victorieuse \u00e0 Vimy fut l&rsquo;une des attaques planifi\u00e9es les plus spectaculaires de la guerre.<\/p>\n<h2>Un g\u00e9n\u00e9ral populaire et comp\u00e9tent<\/h2>\n<p>Byng \u00e9tait issu d&rsquo;une longue lign\u00e9e de militaires &#8211; son grand-p\u00e8re avait \u00e9t\u00e9 officier sup\u00e9rieur \u00e0 Waterloo en 1815 &#8211; et il avait d\u00e9tenu des commandements importants en \u00c9gypte, en France et \u00e0 Gallipoli avant de prendre le commandement du Corps canadien. Il rempla\u00e7a le lieutenant-g\u00e9n\u00e9ral E.A.H. Alderson, auquel on avait retir\u00e9 son commandement apr\u00e8s la bataille de Saint-\u00c9loi.<\/p>\n<p>Bien qu&rsquo;issu d&rsquo;une famille aristocratique, Byng \u00e9tait aim\u00e9 de ses troupes, qui avaient confiance en lui. Ses soldats ne tard\u00e8rent pas \u00e0 s&rsquo;appeler les \u00ab\u00a0Byng Boys\u00a0\u00bb (les gars de Byng). Il commanda les Canadiens au cours de plusieurs batailles en 1916 et, apr\u00e8s la campagne de la Somme \u00e0 l&rsquo;automne, il suscita diverses r\u00e9formes visant \u00e0 am\u00e9liorer l&rsquo;entra\u00eenement et le rendement tactique du Corps. Le r\u00e9gime pr\u00e9paratoire intensif de Byng &#8211; entra\u00eenement et planification &#8211; permit la prise de la cr\u00eate de Vimy apr\u00e8s une violente bataille de quatre jours en avril 1917.<\/p>\n<h2>Promotion et remplacement<\/h2>\n<p>Deux mois apr\u00e8s ce succ\u00e8s, Byng fut promu au poste de commandant de la Troisi\u00e8me Arm\u00e9e britannique. Il contribua \u00e0 \u00e9laborer et \u00e0 conduire l&rsquo;historique attaque avec des chars \u00e0 Cambrai en 1917, et joua un r\u00f4le cl\u00e9 dans les batailles d\u00e9cisives de la fin de 1918 qui men\u00e8rent \u00e0 la d\u00e9faite de l&rsquo;Allemagne. Le rempla\u00e7ant que Byng recommanda pour commander le Corps canadien, son prot\u00e9g\u00e9 Arthur Currie, ancien commandant de division, assuma le commandement en juin 1917 et le conserva jusqu&rsquo;\u00e0 la fin de la guerre.<\/p>\n<h2>Honneurs et nominations apr\u00e8s-guerre<\/h2>\n<p>Byng prit le titre \u00ab\u00a0Byng de Vimy\u00a0\u00bb lorsqu&rsquo;il fut \u00e9lev\u00e9 \u00e0 la pairie apr\u00e8s la guerre. De 1921 \u00e0 1926, il fut Gouverneur g\u00e9n\u00e9ral du Canada. Le vicomte Byng de Vimy mourut en 1935, pleur\u00e9 par de nombreux Canadiens, dont ceux qu&rsquo;il avait command\u00e9s avec succ\u00e8s au combat.<\/p>\n<h3>Poursuivez votre exploration avec ces sujets :<\/h3>\n<ul class=\"related\">\n<li><a href=\"\/premiereguerremondiale\/histoire\/batailles-et-combats\/batailles-terrestres\/crete-de-vimy\/\">Cr\u00eate de Vimy<\/a><\/li>\n<li><a href=\"\/premiereguerremondiale\/histoire\/batailles-et-combats\/batailles-terrestres\/arras-et-le-canal-du-nord-1918\/\">Arras et Canal-du-Nord, 1918<\/a><\/li>\n<li><a href=\"\/premiereguerremondiale\/histoire\/batailles-et-combats\/la-guerre-sur-terre\/mettre-fin-a-limpasse-dans-les-tranchees\/\">Mettre fin \u00e0 l\u2019impasse dans les tranch\u00e9es<\/a><\/li>\n<\/ul>\n","protected":false},"excerpt":{"rendered":"<p>Commandant du Corps canadien de mai 1916 \u00e0 juin 1917, Byng transforma les Canadiens en une force de frappe bien entra\u00een\u00e9e et efficace, dont la bataille victorieuse \u00e0 Vimy fut l&rsquo;une des attaques planifi\u00e9es les plus spectaculaires de la guerre. Un g\u00e9n\u00e9ral populaire et comp\u00e9tent Byng \u00e9tait issu d&rsquo;une longue lign\u00e9e de militaires &#8211; son [&hellip;]<\/p>\n","protected":false},"author":1,"featured_media":452,"parent":454,"menu_order":2,"comment_status":"open","ping_status":"open","template":"single-history.php","meta":{"footnotes":""},"_links":{"self":[{"href":"https:\/\/www.museedelaguerre.ca\/premiereguerremondiale\/wp-json\/wp\/v2\/pages\/461"}],"collection":[{"href":"https:\/\/www.museedelaguerre.ca\/premiereguerremondiale\/wp-json\/wp\/v2\/pages"}],"about":[{"href":"https:\/\/www.museedelaguerre.ca\/premiereguerremondiale\/wp-json\/wp\/v2\/types\/page"}],"author":[{"embeddable":true,"href":"https:\/\/www.museedelaguerre.ca\/premiereguerremondiale\/wp-json\/wp\/v2\/users\/1"}],"replies":[{"embeddable":true,"href":"https:\/\/www.museedelaguerre.ca\/premiereguerremondiale\/wp-json\/wp\/v2\/comments?post=461"}],"version-history":[{"count":3,"href":"https:\/\/www.museedelaguerre.ca\/premiereguerremondiale\/wp-json\/wp\/v2\/pages\/461\/revisions"}],"predecessor-version":[{"id":3430,"href":"https:\/\/www.museedelaguerre.ca\/premiereguerremondiale\/wp-json\/wp\/v2\/pages\/461\/revisions\/3430"}],"up":[{"embeddable":true,"href":"https:\/\/www.museedelaguerre.ca\/premiereguerremondiale\/wp-json\/wp\/v2\/pages\/454"}],"wp:featuredmedia":[{"embeddable":true,"href":"https:\/\/www.museedelaguerre.ca\/premiereguerremondiale\/wp-json\/wp\/v2\/media\/452"}],"wp:attachment":[{"href":"https:\/\/www.museedelaguerre.ca\/premiereguerremondiale\/wp-json\/wp\/v2\/media?parent=461"}],"curies":[{"name":"wp","href":"https:\/\/api.w.org\/{rel}","templated":true}]}}