{"id":456,"date":"2014-07-21T14:29:53","date_gmt":"2014-07-21T14:29:53","guid":{"rendered":"https:\/\/www.museedelaguerre.ca\/premiere-guerre-mondial\/?page_id=456"},"modified":"2015-03-27T20:04:05","modified_gmt":"2015-03-27T20:04:05","slug":"sir-douglas-haig","status":"publish","type":"page","link":"https:\/\/www.museedelaguerre.ca\/premiereguerremondiale\/histoire\/les-gens\/generaux\/sir-douglas-haig\/","title":{"rendered":"Sir Douglas Haig"},"content":{"rendered":"<p class=\"excerpt\">Le feld-mar\u00e9chal sir Douglas Haig commanda la British Expeditionary Force (BEF) de 1915 \u00e0 1919.<\/p>\n<h2>Exp\u00e9riment\u00e9 mais traditionaliste<\/h2>\n<p>Haig, g\u00e9n\u00e9ral britannique d&rsquo;exp\u00e9rience, re\u00e7ut le commandement de la BEF des mains de sir John French en d\u00e9cembre 1915. Traditionaliste \u00e0 bien des \u00e9gards, notamment par sa foi dans la cavalerie et dans la valeur militaire d&rsquo;un caract\u00e8re moral sup\u00e9rieur, Haig milita tout au long de la guerre pour une bataille permettant une perc\u00e9e et conduisant au type de guerre ouverte qu&rsquo;il crut toujours imminente. Il avait particip\u00e9 \u00e0 d&rsquo;importantes r\u00e9formes militaires avant-guerre et, pendant le conflit, il adopta sans h\u00e9sitation des armes nouvelles ou am\u00e9lior\u00e9es, mais il s&rsquo;av\u00e9ra inflexible et sans imagination face \u00e0 la guerre des tranch\u00e9es. Ses offensives \u00e9piques mais co\u00fbteuses dans la Somme (1916) et \u00e0 Passchendaele (1917) sont presque devenues synonymes du carnage et de la futilit\u00e9 des batailles de la Premi\u00e8re Guerre mondiale.<\/p>\n<p>Haig pr\u00e9sida aux destin\u00e9es de la plus grande arm\u00e9e de l&rsquo;histoire de la Grande-Bretagne. Il fa\u00e7onna la BEF pour en faire une formation de combat efficace qui joua un r\u00f4le d\u00e9cisif dans la d\u00e9faite de l&rsquo;Allemagne lors des batailles titanesques de la fin de 1918. Il joua \u00e9galement un r\u00f4le dans la cr\u00e9ation de la structure de commandement alli\u00e9e qui coordonna la marche vers la victoire. Haig appr\u00e9ciait les exploits militaires des troupes coloniales et des dominions, dont les Canadiens, mais il se moquait souvent des conditions politiques souvent li\u00e9es \u00e0 leur utilisation au combat. Au printemps 1918, il fut particuli\u00e8rement outr\u00e9 par l&rsquo;insistance du Canada que ses divisions se battent ensemble plut\u00f4t que comme renforts quand on avait besoin d&rsquo;elles ailleurs dans les lignes alli\u00e9es.<\/p>\n<h2>Le d\u00e9bat sur l&rsquo;attrition<\/h2>\n<p>Les pertes consternantes et les \u00e9checs r\u00e9p\u00e9t\u00e9s sur les champs de bataille de la Premi\u00e8re Guerre mondiale suscit\u00e8rent une critique g\u00e9n\u00e9rale des commandants sup\u00e9rieurs. Parmi tous les g\u00e9n\u00e9raux alli\u00e9s, Haig fut le plus critiqu\u00e9 en raison de sa foi in\u00e9branlable dans l&rsquo;offensive et des pertes \u00e9normes subies en cons\u00e9quence par les forces imp\u00e9riales. Particuli\u00e8rement apr\u00e8s sa mort en 1928, les critiques l&rsquo;accus\u00e8rent d&rsquo;avoir pratiqu\u00e9 sans piti\u00e9 une brutale guerre d&rsquo;usure, utilisant intentionnellement les effectifs et la puissance de feu sup\u00e9rieurs des Alli\u00e9s pour \u00e9puiser l&rsquo;ennemi au moyen d&rsquo;attaques frontales implacables et de combats incessants.<\/p>\n<p>Haig n&rsquo;admit jamais avoir consciemment suivi cette approche. Il pr\u00e9tendit plut\u00f4t avoir cherch\u00e9 \u00e0 obtenir une victoire d\u00e9cisive dans des campagnes o\u00f9 les erreurs des chefs, le mauvais temps ou des conditions tactiques d\u00e9favorables l&rsquo;en emp\u00each\u00e8rent, et voyait, m\u00eame dans les attaques infructueuses, l&rsquo;\u00e9rosion graduelle de la puissance de combat allemande. Quoi qu&rsquo;il en soit, ses offensives r\u00e9sult\u00e8rent en un plus grand nombre de pertes chez les Alli\u00e9s que chez les Allemands et provoqu\u00e8rent un d\u00e9bat durable sur la tactique dans le contexte de la guerre totale.<\/p>\n<h3>Poursuivez votre exploration avec ces sujets :<\/h3>\n<ul class=\"related\">\n<li><a href=\"\/premiereguerremondiale\/histoire\/batailles-et-combats\/batailles-terrestres\/la-somme\/\">La Somme<\/a><\/li>\n<li><a href=\"\/premiereguerremondiale\/histoire\/batailles-et-combats\/batailles-terrestres\/passchendaele\/\">Passchendaele<\/a><\/li>\n<li><a href=\"\/premiereguerremondiale\/histoire\/lentree-en-guerre\/origines-et-premieres-phases\/le-debut-de-la-guerre-des-tranchees\/\">Le d\u00e9but de la guerre des tranch\u00e9es<\/a><\/li>\n<\/ul>\n","protected":false},"excerpt":{"rendered":"<p>Le feld-mar\u00e9chal sir Douglas Haig commanda la British Expeditionary Force (BEF) de 1915 \u00e0 1919. Exp\u00e9riment\u00e9 mais traditionaliste Haig, g\u00e9n\u00e9ral britannique d&rsquo;exp\u00e9rience, re\u00e7ut le commandement de la BEF des mains de sir John French en d\u00e9cembre 1915. Traditionaliste \u00e0 bien des \u00e9gards, notamment par sa foi dans la cavalerie et dans la valeur militaire d&rsquo;un [&hellip;]<\/p>\n","protected":false},"author":1,"featured_media":448,"parent":454,"menu_order":0,"comment_status":"open","ping_status":"open","template":"single-history.php","meta":{"footnotes":""},"_links":{"self":[{"href":"https:\/\/www.museedelaguerre.ca\/premiereguerremondiale\/wp-json\/wp\/v2\/pages\/456"}],"collection":[{"href":"https:\/\/www.museedelaguerre.ca\/premiereguerremondiale\/wp-json\/wp\/v2\/pages"}],"about":[{"href":"https:\/\/www.museedelaguerre.ca\/premiereguerremondiale\/wp-json\/wp\/v2\/types\/page"}],"author":[{"embeddable":true,"href":"https:\/\/www.museedelaguerre.ca\/premiereguerremondiale\/wp-json\/wp\/v2\/users\/1"}],"replies":[{"embeddable":true,"href":"https:\/\/www.museedelaguerre.ca\/premiereguerremondiale\/wp-json\/wp\/v2\/comments?post=456"}],"version-history":[{"count":4,"href":"https:\/\/www.museedelaguerre.ca\/premiereguerremondiale\/wp-json\/wp\/v2\/pages\/456\/revisions"}],"predecessor-version":[{"id":3427,"href":"https:\/\/www.museedelaguerre.ca\/premiereguerremondiale\/wp-json\/wp\/v2\/pages\/456\/revisions\/3427"}],"up":[{"embeddable":true,"href":"https:\/\/www.museedelaguerre.ca\/premiereguerremondiale\/wp-json\/wp\/v2\/pages\/454"}],"wp:featuredmedia":[{"embeddable":true,"href":"https:\/\/www.museedelaguerre.ca\/premiereguerremondiale\/wp-json\/wp\/v2\/media\/448"}],"wp:attachment":[{"href":"https:\/\/www.museedelaguerre.ca\/premiereguerremondiale\/wp-json\/wp\/v2\/media?parent=456"}],"curies":[{"name":"wp","href":"https:\/\/api.w.org\/{rel}","templated":true}]}}