{"id":446,"date":"2014-07-21T14:06:36","date_gmt":"2014-07-21T14:06:36","guid":{"rendered":"https:\/\/www.museedelaguerre.ca\/premiere-guerre-mondial\/?page_id=446"},"modified":"2014-09-02T14:41:07","modified_gmt":"2014-09-02T14:41:07","slug":"henri-bourassa","status":"publish","type":"page","link":"https:\/\/www.museedelaguerre.ca\/premiereguerremondiale\/histoire\/les-gens\/leaders-canadiens\/henri-bourassa\/","title":{"rendered":"Henri Bourassa"},"content":{"rendered":"<p class=\"excerpt\">Henri Bourassa \u00e9tait un nationaliste canadien-fran\u00e7ais de premier plan. Politicien et journaliste admir\u00e9, il s&rsquo;opposa aux liens imp\u00e9riaux \u00e9troits du Canada, \u00e0 l&rsquo;imposition de la conscription et aux concentrations de richesse personnelle et d&rsquo;industrie favoris\u00e9es par la guerre.<\/p>\n<h2>Opposition \u00e0 l&rsquo;Empire<\/h2>\n<p>Bien qu&rsquo;\u00e9lu au parlement en 1896 sous la banni\u00e8re lib\u00e9rale de Wilfrid Laurier, Bourassa s&rsquo;opposa \u00e0 la d\u00e9cision de son gouvernement de fournir des troupes pour la guerre d&rsquo;Afrique du Sud (1899-1902). Il craignait que soit \u00e9tabli un pr\u00e9c\u00e9dent qui obligerait les Canadiens \u00e0 se battre lors d&rsquo;autres guerres imp\u00e9riales, et s&rsquo;opposa r\u00e9guli\u00e8rement \u00e0 la capacit\u00e9 des premiers ministres de fournir des troupes pour des conflits arm\u00e9s sans le consentement du Parlement. Bourassa d\u00e9missionna de son poste de d\u00e9put\u00e9 en 1899 pour protester contre les actions de Laurier, mais il fut r\u00e9\u00e9lu par acclamation l&rsquo;ann\u00e9e suivante.<\/p>\n<p>Bourassa quitta la politique f\u00e9d\u00e9rale en 1907, mais il joua un r\u00f4le cl\u00e9 dans les \u00e9lections de 1911. Fondateur en 1910 de l&rsquo;influent quotidien de langue fran\u00e7aise\u00a0<i>Le Devoir<\/i>, il se servit de son influence en tant que journaliste pour encourager une alliance des nationalistes canadiens-fran\u00e7ais et des conservateurs anglophones qui d\u00e9fit les lib\u00e9raux de Laurier. Les questions principales \u00e9taient le libre-\u00e9change avec les \u00c9tats-Unis et un nouveau projet de loi sur la marine qui fournirait des navires canadiens \u00e0 la Grande-Bretagne en temps de guerre. Bourassa s&rsquo;opposait tant \u00e0 l&rsquo;int\u00e9gration continentale avec les \u00c9tats-Unis qu&rsquo;\u00e0 des liens imp\u00e9riaux plus \u00e9troits avec la Grande-Bretagne. Sa contribution \u00e0 la d\u00e9faite de Laurier eut un r\u00e9sultat ironique\u00a0: l&rsquo;\u00e9lection d&rsquo;un gouvernement conservateur pro-imp\u00e9rial qui entra\u00eenerait le Canada dans un ambitieux programme de guerre et, en 1917, imposerait la conscription.<\/p>\n<h2>Il remet en question le sacrifice et s&rsquo;oppose \u00e0 la conscription<\/h2>\n<p>En ao\u00fbt 1914, Bourassa soutint l&rsquo;effort de guerre, mais moins d&rsquo;un an plus tard il remit en question la nature et l&rsquo;\u00e9tendue du sacrifice croissant qui \u00e9tait exig\u00e9 du Canada. Peu importe le niveau d&rsquo;effort, Bourassa s&rsquo;opposait r\u00e9solument au service obligatoire, qu&rsquo;il appelait \u00ab\u00a0l&rsquo;imp\u00f4t du sang\u00a0\u00bb. Les partisans de la guerre au Canada anglais l&rsquo;accusaient d&rsquo;\u00eatre un tra\u00eetre dangereux, alors que les lib\u00e9raux s&rsquo;opposaient \u00e0 ses attaques contre le lien avec les Britanniques et sa croyance que la lutte pour les droits linguistiques au Canada \u00e9tait plus importante qu&rsquo;une guerre imp\u00e9riale outre-mer. Apr\u00e8s l&rsquo;adoption de la Loi du Service Militaire en 1917, son appui \u00e0 des protestations pacifiques contre la conscription emp\u00eacha peut-\u00eatre que d&rsquo;autres formes, plus violentes, d&rsquo;opposition ne se fassent jour. Il avait plus t\u00f4t proph\u00e9tis\u00e9 une issue violente si Ottawa imposait le service obligatoire, mais par la suite il pr\u00e9conisa l&rsquo;ob\u00e9issance \u00e0 la loi et l&rsquo;attribution courante d&rsquo;exemptions individuelles par des tribunaux d&rsquo;appel administr\u00e9s localement relativement \u00e0 la conscription.<\/p>\n<p>L&rsquo;influence nationale de Bourassa diminua apr\u00e8s la Premi\u00e8re Guerre mondiale, mais il demeura actif dans le domaine politique jusqu&rsquo;\u00e0 sa mort en 1952.<\/p>\n<h3>Poursuivez votre exploration avec ces sujets :<\/h3>\n<ul class=\"related\">\n<li><a href=\"\/premiereguerremondiale\/histoire\/les-gens\/leaders-canadiens\/sir-wilfrid-laurier\/\">Sir Wilfrid Laurier<\/a><\/li>\n<li><a href=\"\/premiereguerremondiale\/histoire\/la-vie-au-pays-pendant-la-guerre\/recrutement-et-conscription\/conscription-1917\/\">Conscription, 1917<\/a><\/li>\n<li><a href=\"\/premiereguerremondiale\/histoire\/apres-la-guerre\/legs\/lincidence-de-la-guerre-sur-le-canada\">L&rsquo;incidence de la guerre sur le Canada<\/a><\/li>\n<\/ul>\n","protected":false},"excerpt":{"rendered":"<p>Henri Bourassa \u00e9tait un nationaliste canadien-fran\u00e7ais de premier plan. Politicien et journaliste admir\u00e9, il s&rsquo;opposa aux liens imp\u00e9riaux \u00e9troits du Canada, \u00e0 l&rsquo;imposition de la conscription et aux concentrations de richesse personnelle et d&rsquo;industrie favoris\u00e9es par la guerre. Opposition \u00e0 l&rsquo;Empire Bien qu&rsquo;\u00e9lu au parlement en 1896 sous la banni\u00e8re lib\u00e9rale de Wilfrid Laurier, Bourassa [&hellip;]<\/p>\n","protected":false},"author":1,"featured_media":3215,"parent":438,"menu_order":28,"comment_status":"open","ping_status":"open","template":"single-history.php","meta":{"footnotes":""},"_links":{"self":[{"href":"https:\/\/www.museedelaguerre.ca\/premiereguerremondiale\/wp-json\/wp\/v2\/pages\/446"}],"collection":[{"href":"https:\/\/www.museedelaguerre.ca\/premiereguerremondiale\/wp-json\/wp\/v2\/pages"}],"about":[{"href":"https:\/\/www.museedelaguerre.ca\/premiereguerremondiale\/wp-json\/wp\/v2\/types\/page"}],"author":[{"embeddable":true,"href":"https:\/\/www.museedelaguerre.ca\/premiereguerremondiale\/wp-json\/wp\/v2\/users\/1"}],"replies":[{"embeddable":true,"href":"https:\/\/www.museedelaguerre.ca\/premiereguerremondiale\/wp-json\/wp\/v2\/comments?post=446"}],"version-history":[{"count":3,"href":"https:\/\/www.museedelaguerre.ca\/premiereguerremondiale\/wp-json\/wp\/v2\/pages\/446\/revisions"}],"predecessor-version":[{"id":3103,"href":"https:\/\/www.museedelaguerre.ca\/premiereguerremondiale\/wp-json\/wp\/v2\/pages\/446\/revisions\/3103"}],"up":[{"embeddable":true,"href":"https:\/\/www.museedelaguerre.ca\/premiereguerremondiale\/wp-json\/wp\/v2\/pages\/438"}],"wp:featuredmedia":[{"embeddable":true,"href":"https:\/\/www.museedelaguerre.ca\/premiereguerremondiale\/wp-json\/wp\/v2\/media\/3215"}],"wp:attachment":[{"href":"https:\/\/www.museedelaguerre.ca\/premiereguerremondiale\/wp-json\/wp\/v2\/media?parent=446"}],"curies":[{"name":"wp","href":"https:\/\/api.w.org\/{rel}","templated":true}]}}