{"id":444,"date":"2014-07-21T14:00:41","date_gmt":"2014-07-21T14:00:41","guid":{"rendered":"https:\/\/www.museedelaguerre.ca\/premiere-guerre-mondial\/?page_id=444"},"modified":"2015-03-27T20:02:41","modified_gmt":"2015-03-27T20:02:41","slug":"sir-wilfrid-laurier","status":"publish","type":"page","link":"https:\/\/www.museedelaguerre.ca\/premiereguerremondiale\/histoire\/les-gens\/leaders-canadiens\/sir-wilfrid-laurier\/","title":{"rendered":"Sir Wilfrid Laurier"},"content":{"rendered":"<p class=\"excerpt\">Sir Wilfrid Laurier, premier Premier ministre francophone du Canada (1896-1911), fut chef de l&rsquo;opposition pendant la Premi\u00e8re Guerre mondiale.<\/p>\n<h2>Une figure l\u00e9gendaire<\/h2>\n<p>Laurier \u00e9tait un ardent b\u00e2tisseur de nation et un politicien adroit reconnu pour son efficacit\u00e9 comme mod\u00e9rateur et son ouverture aux compromis. Au cours des 15 ann\u00e9es ou il fut premier ministre, il r\u00e9solut de graves conflits sur la langue d&rsquo;enseignement, la politique ext\u00e9rieure et les chemins de fer, il cr\u00e9a les provinces d&rsquo;Alberta et de Saskatchewan et fit cro\u00eetre de pr\u00e8s de 2 millions de personnes, pour la plupart des immigrants, la population du Canada. Apr\u00e8s la d\u00e9faite que lui inflig\u00e8rent les conservateurs de Robert Borden \u00e0 l&rsquo;\u00e9lection de 1911 Laurier devint chef de l&rsquo;opposition, poste qu&rsquo;il conserva jusqu&rsquo;\u00e0 sa mort en 1919.<\/p>\n<h2>Opposition \u00e0 la conscription<\/h2>\n<p>Laurier appuyait totalement l&rsquo;effort de guerre mais non l&rsquo;introduction de la conscription ni certaines des autres politiques importantes du gouvernement. Il rejeta les ouvertures de Borden en faveur d&rsquo;une coalition pour le temps de guerre et fut port\u00e9 aux nues par une bonne partie du Canada fran\u00e7ais pour son opposition de principe au service militaire obligatoire lors de l&rsquo;\u00e9lection de 1917. De nombreux lib\u00e9raux l&rsquo;abandonn\u00e8rent pour rejoindre le nouveau gouvernement unioniste de Borden. D&rsquo;autres partageaient son opposition au programme de temps de guerre du gouvernement, mais &#8211; tout comme le r\u00e9dacteur en chef du journal <i>Le Devoir<\/i>, Henri Bourassa &#8211; souhaitaient pour le Canada une plus grande autonomie au sein de l&rsquo;Empire que ce que Laurier \u00e9tait pr\u00eat \u00e0 accepter.<\/p>\n<p>Laurier fut la personnalit\u00e9 politique la plus \u00e9minente de son \u00e9poque et on se souviendra de lui pour tout ce qu&rsquo;il a fait pour le d\u00e9veloppement \u00e9conomique et social du Canada au d\u00e9but du XXe si\u00e8cle. Il est d\u00e9c\u00e9d\u00e9 en f\u00e9vrier 1919.<\/p>\n<h3>Poursuivez votre exploration avec ces sujets :<\/h3>\n<ul class=\"related\">\n<li><a href=\"\/premiereguerremondiale\/histoire\/la-vie-au-pays-pendant-la-guerre\/recrutement-et-conscription\/conscription-1917\/\">Conscription, 1917<\/a><\/li>\n<li><a href=\"\/premiereguerremondiale\/histoire\/lentree-en-guerre\/le-canada-entre-en-guerre\/le-canada-a-la-guerre\/\">Le Canada\u00a0\u00e0 la guerre<\/a><\/li>\n<li><a href=\"\/premiereguerremondiale\/histoire\/les-gens\/leaders-canadiens\/henri-bourassa\/\">Henri Bourassa<\/a><\/li>\n<\/ul>\n","protected":false},"excerpt":{"rendered":"<p>Sir Wilfrid Laurier, premier Premier ministre francophone du Canada (1896-1911), fut chef de l&rsquo;opposition pendant la Premi\u00e8re Guerre mondiale. Une figure l\u00e9gendaire Laurier \u00e9tait un ardent b\u00e2tisseur de nation et un politicien adroit reconnu pour son efficacit\u00e9 comme mod\u00e9rateur et son ouverture aux compromis. Au cours des 15 ann\u00e9es ou il fut premier ministre, il [&hellip;]<\/p>\n","protected":false},"author":1,"featured_media":3218,"parent":438,"menu_order":2,"comment_status":"open","ping_status":"open","template":"single-history.php","meta":{"footnotes":""},"_links":{"self":[{"href":"https:\/\/www.museedelaguerre.ca\/premiereguerremondiale\/wp-json\/wp\/v2\/pages\/444"}],"collection":[{"href":"https:\/\/www.museedelaguerre.ca\/premiereguerremondiale\/wp-json\/wp\/v2\/pages"}],"about":[{"href":"https:\/\/www.museedelaguerre.ca\/premiereguerremondiale\/wp-json\/wp\/v2\/types\/page"}],"author":[{"embeddable":true,"href":"https:\/\/www.museedelaguerre.ca\/premiereguerremondiale\/wp-json\/wp\/v2\/users\/1"}],"replies":[{"embeddable":true,"href":"https:\/\/www.museedelaguerre.ca\/premiereguerremondiale\/wp-json\/wp\/v2\/comments?post=444"}],"version-history":[{"count":7,"href":"https:\/\/www.museedelaguerre.ca\/premiereguerremondiale\/wp-json\/wp\/v2\/pages\/444\/revisions"}],"predecessor-version":[{"id":3426,"href":"https:\/\/www.museedelaguerre.ca\/premiereguerremondiale\/wp-json\/wp\/v2\/pages\/444\/revisions\/3426"}],"up":[{"embeddable":true,"href":"https:\/\/www.museedelaguerre.ca\/premiereguerremondiale\/wp-json\/wp\/v2\/pages\/438"}],"wp:featuredmedia":[{"embeddable":true,"href":"https:\/\/www.museedelaguerre.ca\/premiereguerremondiale\/wp-json\/wp\/v2\/media\/3218"}],"wp:attachment":[{"href":"https:\/\/www.museedelaguerre.ca\/premiereguerremondiale\/wp-json\/wp\/v2\/media?parent=444"}],"curies":[{"name":"wp","href":"https:\/\/api.w.org\/{rel}","templated":true}]}}