{"id":442,"date":"2014-07-21T13:56:33","date_gmt":"2014-07-21T13:56:33","guid":{"rendered":"https:\/\/www.museedelaguerre.ca\/premiere-guerre-mondial\/?page_id=442"},"modified":"2015-03-27T20:00:51","modified_gmt":"2015-03-27T20:00:51","slug":"sir-robert-borden","status":"publish","type":"page","link":"https:\/\/www.museedelaguerre.ca\/premiereguerremondiale\/histoire\/les-gens\/leaders-canadiens\/sir-robert-borden\/","title":{"rendered":"Sir Robert Borden"},"content":{"rendered":"<p class=\"excerpt\">Sir Robert Borden fut premier ministre du Canada de 1911 \u00e0 1920.<\/p>\n<h2>Un leader du temps de guerre<\/h2>\n<p>Borden gouverna le Canada pendant une des p\u00e9riodes les plus difficiles de son histoire. Il orchestra son \u00e9norme contribution \u00e0 l&rsquo;effort de guerre tout en g\u00e9rant les tensions sociales et les probl\u00e8mes politiques qui allaient s&rsquo;envenimant au pays.<\/p>\n<p>Le Canada n&rsquo;avait gu\u00e8re de contr\u00f4le sur ses forces militaires ou sur sa politique \u00e9trang\u00e8re au d\u00e9but de la guerre et aucune exp\u00e9rience de la gestion d&rsquo;une \u00e9conomie de temps de guerre. Borden se servit de l&rsquo;ampleur et de l&rsquo;importance de l&rsquo;effort de guerre de plus en plus intensif du Canada pour r\u00e9clamer une plus grande autonomie du pays au sein de l&rsquo;Empire. Il croyait n\u00e9anmoins profond\u00e9ment en la solidarit\u00e9 avec l&#8217;empire et en la n\u00e9cessit\u00e9 d&rsquo;une contribution militaire et industrielle importante, et il revint en mai 1917 d&rsquo;une visite \u00e0 Londres et sur les champs de bataille de France convaincu que le Canada devait tout faire, m\u00eame recourir \u00e0 la conscription, pour maintenir ses troupes outre-mer. Borden conduisit un gouvernement conservateur-unioniste \u00e0 une victoire d\u00e9cisive au cours de l&rsquo;\u00e9lection \u00e2prement disput\u00e9e de 1917 et pr\u00e9sida une vaste mobilisation militaire, industrielle et agricole visant \u00e0 assurer la victoire.<\/p>\n<h2>D\u00e9cisions et controverses<\/h2>\n<p>Les exigences de la guerre incit\u00e8rent le gouvernement Borden \u00e0 intervenir \u00e0 un degr\u00e9 sans pr\u00e9c\u00e9dent dans la vie quotidienne des citoyens, mais pas \u00e0 recourir \u00e0 un rationnement g\u00e9n\u00e9ralis\u00e9 ni au contr\u00f4le des prix et des salaires. Toutefois, l&rsquo;augmentation des prix, les p\u00e9nuries et la p\u00e9nurie de main-d&rsquo;\u0153uvre provoqu\u00e8rent des gr\u00e8ves, et suscit\u00e8rent des accusations de b\u00e9n\u00e9fices excessifs ainsi que de l&rsquo;incertitude \u00e9conomique.<\/p>\n<p>La d\u00e9cision prise par Borden au d\u00e9but de 1917 de recourir \u00e0 la conscription, ou service militaire obligatoire, pour maintenir les arm\u00e9es canadiennes se battant au front divisa le pays. Il remporta l&rsquo;\u00e9lection suivante, \u00e0 l&rsquo;automne, au milieu de pol\u00e9miques et de violentes r\u00e9criminations, persuadant de nombreux lib\u00e9raux d&rsquo;appuyer son programme unioniste en faisant de la conscription une question de loyaut\u00e9 au roi et au pays. Borden am\u00e9liora ses chances de victoire en accordant le droit de vote \u00e0 des personnes qui appuieraient vraisemblablement la conscription (comme les soldats ainsi que leurs m\u00e8res, \u00e9pouses ou veuves) et en le refusant \u00e0 de probables opposants (comme les immigrants arriv\u00e9s r\u00e9cemment). Le d\u00e9bat empoisonna les relations entre les communaut\u00e9s francophones et anglophones du Canada ainsi qu&rsquo;entre le gouvernement, les syndicats et le lobby des agriculteurs. Le d\u00e9bat sur la conscription se poursuivit jusqu&rsquo;\u00e0 la fin de la guerre, m\u00eal\u00e9 \u00e0 des controverses plus vastes sur le fait que l&rsquo;Ouest n&rsquo;avait plus de liens avec le centre du Canada, sur les relations entre francophones et anglophones et sur le pouvoir du gouvernement f\u00e9d\u00e9ral sur les vies des Canadiens.<\/p>\n<p>Borden se retira de la politique en 1920 et est d\u00e9c\u00e9d\u00e9 en 1937.<\/p>\n<h3>Poursuivez votre exploration avec ces sujets :<\/h3>\n<ul class=\"related\">\n<li><a href=\"\/premiereguerremondiale\/histoire\/la-vie-au-pays-pendant-la-guerre\/recrutement-et-conscription\/conscription-1917\/\">Conscription, 1917<\/a><\/li>\n<li><a href=\"\/premiereguerremondiale\/histoire\/la-vie-au-pays-pendant-la-guerre\/le-front-interieur\/intervention-gouvernementale\/\">Intervention gouvernementale<\/a><\/li>\n<li><a href=\"\/premiereguerremondiale\/histoire\/lentree-en-guerre\/le-canada-entre-en-guerre\/le-canada-a-la-guerre\/\">Le Canada \u00e0 la guerre<\/a><\/li>\n<\/ul>\n","protected":false},"excerpt":{"rendered":"<p>Sir Robert Borden fut premier ministre du Canada de 1911 \u00e0 1920. Un leader du temps de guerre Borden gouverna le Canada pendant une des p\u00e9riodes les plus difficiles de son histoire. Il orchestra son \u00e9norme contribution \u00e0 l&rsquo;effort de guerre tout en g\u00e9rant les tensions sociales et les probl\u00e8mes politiques qui allaient s&rsquo;envenimant au [&hellip;]<\/p>\n","protected":false},"author":1,"featured_media":437,"parent":438,"menu_order":1,"comment_status":"open","ping_status":"open","template":"single-history.php","meta":{"footnotes":""},"_links":{"self":[{"href":"https:\/\/www.museedelaguerre.ca\/premiereguerremondiale\/wp-json\/wp\/v2\/pages\/442"}],"collection":[{"href":"https:\/\/www.museedelaguerre.ca\/premiereguerremondiale\/wp-json\/wp\/v2\/pages"}],"about":[{"href":"https:\/\/www.museedelaguerre.ca\/premiereguerremondiale\/wp-json\/wp\/v2\/types\/page"}],"author":[{"embeddable":true,"href":"https:\/\/www.museedelaguerre.ca\/premiereguerremondiale\/wp-json\/wp\/v2\/users\/1"}],"replies":[{"embeddable":true,"href":"https:\/\/www.museedelaguerre.ca\/premiereguerremondiale\/wp-json\/wp\/v2\/comments?post=442"}],"version-history":[{"count":6,"href":"https:\/\/www.museedelaguerre.ca\/premiereguerremondiale\/wp-json\/wp\/v2\/pages\/442\/revisions"}],"predecessor-version":[{"id":3424,"href":"https:\/\/www.museedelaguerre.ca\/premiereguerremondiale\/wp-json\/wp\/v2\/pages\/442\/revisions\/3424"}],"up":[{"embeddable":true,"href":"https:\/\/www.museedelaguerre.ca\/premiereguerremondiale\/wp-json\/wp\/v2\/pages\/438"}],"wp:featuredmedia":[{"embeddable":true,"href":"https:\/\/www.museedelaguerre.ca\/premiereguerremondiale\/wp-json\/wp\/v2\/media\/437"}],"wp:attachment":[{"href":"https:\/\/www.museedelaguerre.ca\/premiereguerremondiale\/wp-json\/wp\/v2\/media?parent=442"}],"curies":[{"name":"wp","href":"https:\/\/api.w.org\/{rel}","templated":true}]}}