{"id":440,"date":"2014-07-21T13:52:13","date_gmt":"2014-07-21T13:52:13","guid":{"rendered":"https:\/\/www.museedelaguerre.ca\/premiere-guerre-mondial\/?page_id=440"},"modified":"2015-03-27T19:59:46","modified_gmt":"2015-03-27T19:59:46","slug":"sir-sam-hughes","status":"publish","type":"page","link":"https:\/\/www.museedelaguerre.ca\/premiereguerremondiale\/histoire\/les-gens\/leaders-canadiens\/sir-sam-hughes\/","title":{"rendered":"Sir Sam Hughes"},"content":{"rendered":"<p class=\"excerpt\">Sir Sam Hughes, ministre canadien de la Milice et de la D\u00e9fense d&rsquo;octobre 1911 \u00e0 novembre 1916 fut l&rsquo;\u00e2me de l&rsquo;effort de guerre canadien \u00e0 ses d\u00e9buts.<\/p>\n<h2>Un homme \u00e9nergique et controvers\u00e9<\/h2>\n<p>Hughes am\u00e9liora l&rsquo;efficacit\u00e9 de la milice d&rsquo;avant-guerre et, apr\u00e8s 1914, dirigea l&rsquo;effort de guerre du Canada avec une \u00e9nergie et un dynamisme consid\u00e9rables. Politicien habile et charismatique, il fut \u00e9lu pour la premi\u00e8re fois en 1892 et entra au Cabinet en tant que ministre de la D\u00e9fense du Premier ministre Borden en 1911. Il fut anobli en 1915.<\/p>\n<p>Malgr\u00e9 ses talents de politicien, Hughes \u00e9tait un pi\u00e8tre organisateur, enclin au favoritisme et au capitalisme de coterie lorsqu&rsquo;il accordait des promotions militaires ou des contrats pour la fabrication de munitions. Beaucoup des projets concernant l&rsquo;\u00e9quipement qui lui tenaient \u00e0 c\u0153ur furent d&#8217;embarrassants \u00e9checs. Hughes avait milit\u00e9 pour l&rsquo;achat du fusil Ross de fabrication canadienne qui \u00e9quipait les troupes canadiennes au d\u00e9but de la guerre, et il s&rsquo;attira de s\u00e9v\u00e8res critiques lorsqu&rsquo;il le d\u00e9fendit malgr\u00e9 des preuves de plus en plus nombreuses des d\u00e9fauts qu&rsquo;il pr\u00e9sentait dans les combats. Hughes s&rsquo;opposa vigoureusement aux officiers qui tentaient de remplacer le Ross en les accusant d&rsquo;incomp\u00e9tence et de malveillance politique.<\/p>\n<h2>Cong\u00e9di\u00e9 par le Premier ministre<\/h2>\n<p>En 1916 Hughes \u00e9tait devenu un boulet de plus en plus lourd au niveau politique pour le gouvernement. Il \u00e9tait d\u00e9test\u00e9 au Qu\u00e9bec pour ses opinions antifrancophones et anticatholiques, et suscitait la m\u00e9fiance de ses coll\u00e8gues du Cabinet \u00e0 cause de ses insuffisances au point de vue financier et administratif. Ses efforts pour \u00e9tablir et contr\u00f4ler une structure de commandement militaire canadien outre-mer avaient provoqu\u00e9 un v\u00e9ritable chaos incitant le Premier ministre \u00e0 cr\u00e9er \u00e0 l&rsquo;automne un minist\u00e8re de l&rsquo;outre-mer relevant directement du Cabinet. Hughes s&rsquo;opposa \u00e0 cette d\u00e9cision. En novembre, Borden accepta la d\u00e9mission de ce ministre malheureux et de plus en plus g\u00eanant qui demeura simple d\u00e9put\u00e9 jusqu&rsquo;\u00e0 sa mort en 1921.<\/p>\n<h3>Poursuivez votre exploration avec ces sujets :<\/h3>\n<ul class=\"related\">\n<li><a href=\"\/premiereguerremondiale\/histoire\/la-vie-au-front\/structure-militaire\/le-corps-expeditionnaire-canadien\/\">Le Corps exp\u00e9ditionnaire canadien<\/a><\/li>\n<li><a href=\"\/premiereguerremondiale\/histoire\/lentree-en-guerre\/le-canada-entre-en-guerre\/entrainement-a-valcartier\/\">Entra\u00eenement \u00e0 Valcartier<\/a><\/li>\n<li><a href=\"\/premiereguerremondiale\/histoire\/batailles-et-combats\/armes-terrestres\/armes-a-feu\/\">Armes \u00e0 feu<\/a><\/li>\n<\/ul>\n","protected":false},"excerpt":{"rendered":"<p>Sir Sam Hughes, ministre canadien de la Milice et de la D\u00e9fense d&rsquo;octobre 1911 \u00e0 novembre 1916 fut l&rsquo;\u00e2me de l&rsquo;effort de guerre canadien \u00e0 ses d\u00e9buts. Un homme \u00e9nergique et controvers\u00e9 Hughes am\u00e9liora l&rsquo;efficacit\u00e9 de la milice d&rsquo;avant-guerre et, apr\u00e8s 1914, dirigea l&rsquo;effort de guerre du Canada avec une \u00e9nergie et un dynamisme consid\u00e9rables. [&hellip;]<\/p>\n","protected":false},"author":1,"featured_media":434,"parent":438,"menu_order":0,"comment_status":"open","ping_status":"open","template":"single-history.php","meta":{"footnotes":""},"_links":{"self":[{"href":"https:\/\/www.museedelaguerre.ca\/premiereguerremondiale\/wp-json\/wp\/v2\/pages\/440"}],"collection":[{"href":"https:\/\/www.museedelaguerre.ca\/premiereguerremondiale\/wp-json\/wp\/v2\/pages"}],"about":[{"href":"https:\/\/www.museedelaguerre.ca\/premiereguerremondiale\/wp-json\/wp\/v2\/types\/page"}],"author":[{"embeddable":true,"href":"https:\/\/www.museedelaguerre.ca\/premiereguerremondiale\/wp-json\/wp\/v2\/users\/1"}],"replies":[{"embeddable":true,"href":"https:\/\/www.museedelaguerre.ca\/premiereguerremondiale\/wp-json\/wp\/v2\/comments?post=440"}],"version-history":[{"count":5,"href":"https:\/\/www.museedelaguerre.ca\/premiereguerremondiale\/wp-json\/wp\/v2\/pages\/440\/revisions"}],"predecessor-version":[{"id":3423,"href":"https:\/\/www.museedelaguerre.ca\/premiereguerremondiale\/wp-json\/wp\/v2\/pages\/440\/revisions\/3423"}],"up":[{"embeddable":true,"href":"https:\/\/www.museedelaguerre.ca\/premiereguerremondiale\/wp-json\/wp\/v2\/pages\/438"}],"wp:featuredmedia":[{"embeddable":true,"href":"https:\/\/www.museedelaguerre.ca\/premiereguerremondiale\/wp-json\/wp\/v2\/media\/434"}],"wp:attachment":[{"href":"https:\/\/www.museedelaguerre.ca\/premiereguerremondiale\/wp-json\/wp\/v2\/media?parent=440"}],"curies":[{"name":"wp","href":"https:\/\/api.w.org\/{rel}","templated":true}]}}