{"id":438,"date":"2014-07-21T13:48:09","date_gmt":"2014-07-21T13:48:09","guid":{"rendered":"https:\/\/www.museedelaguerre.ca\/premiere-guerre-mondial\/?page_id=438"},"modified":"2017-04-27T14:57:45","modified_gmt":"2017-04-27T14:57:45","slug":"leaders-canadiens","status":"publish","type":"page","link":"https:\/\/www.museedelaguerre.ca\/premiereguerremondiale\/histoire\/les-gens\/leaders-canadiens\/","title":{"rendered":"Leaders canadiens"},"content":{"rendered":"<p>Les hommes politiques canadiens fa\u00e7onn\u00e8rent la politique et le pays au cours de la Premi\u00e8re Guerre mondiale. Apprenez-en davantage sur les leaders, les politiciens influents et les observateurs qui appuy\u00e8rent ou contest\u00e8rent le gouvernement.<\/p>\n","protected":false},"excerpt":{"rendered":"<p>Les hommes politiques canadiens fa\u00e7onn\u00e8rent la politique et le pays au cours de la Premi\u00e8re Guerre mondiale. Apprenez-en davantage sur les leaders, les politiciens influents et les observateurs qui appuy\u00e8rent ou contest\u00e8rent le gouvernement.<\/p>\n","protected":false},"author":1,"featured_media":3502,"parent":406,"menu_order":1,"comment_status":"open","ping_status":"open","template":"listing-history.php","meta":{"footnotes":""},"_links":{"self":[{"href":"https:\/\/www.museedelaguerre.ca\/premiereguerremondiale\/wp-json\/wp\/v2\/pages\/438"}],"collection":[{"href":"https:\/\/www.museedelaguerre.ca\/premiereguerremondiale\/wp-json\/wp\/v2\/pages"}],"about":[{"href":"https:\/\/www.museedelaguerre.ca\/premiereguerremondiale\/wp-json\/wp\/v2\/types\/page"}],"author":[{"embeddable":true,"href":"https:\/\/www.museedelaguerre.ca\/premiereguerremondiale\/wp-json\/wp\/v2\/users\/1"}],"replies":[{"embeddable":true,"href":"https:\/\/www.museedelaguerre.ca\/premiereguerremondiale\/wp-json\/wp\/v2\/comments?post=438"}],"version-history":[{"count":1,"href":"https:\/\/www.museedelaguerre.ca\/premiereguerremondiale\/wp-json\/wp\/v2\/pages\/438\/revisions"}],"predecessor-version":[{"id":439,"href":"https:\/\/www.museedelaguerre.ca\/premiereguerremondiale\/wp-json\/wp\/v2\/pages\/438\/revisions\/439"}],"up":[{"embeddable":true,"href":"https:\/\/www.museedelaguerre.ca\/premiereguerremondiale\/wp-json\/wp\/v2\/pages\/406"}],"wp:featuredmedia":[{"embeddable":true,"href":"https:\/\/www.museedelaguerre.ca\/premiereguerremondiale\/wp-json\/wp\/v2\/media\/3502"}],"wp:attachment":[{"href":"https:\/\/www.museedelaguerre.ca\/premiereguerremondiale\/wp-json\/wp\/v2\/media?parent=438"}],"curies":[{"name":"wp","href":"https:\/\/api.w.org\/{rel}","templated":true}]}}