{"id":432,"date":"2014-07-21T13:31:00","date_gmt":"2014-07-21T13:31:00","guid":{"rendered":"https:\/\/www.museedelaguerre.ca\/premiere-guerre-mondial\/?page_id=432"},"modified":"2023-04-20T11:55:16","modified_gmt":"2023-04-20T11:55:16","slug":"les-soldats-amerindiens","status":"publish","type":"page","link":"https:\/\/www.museedelaguerre.ca\/premiereguerremondiale\/histoire\/les-gens\/en-uniforme\/les-soldats-amerindiens\/","title":{"rendered":"Les soldats autochtones"},"content":{"rendered":"<p class=\"excerpt\">Pr\u00e8s de 4000 membres du Corps exp\u00e9ditionnaire canadien \u00e9taient d&rsquo;ascendance autochtone, nombre impressionnant, compte tenu du peu de droits civils dont jouissaient les Premiers Peuples du Canada au d\u00e9but du XXe\u00a0si\u00e8cle.<\/p>\n<h2>Faire tomber les barri\u00e8res culturelles<\/h2>\n<p>Les soldats autochtones \u00e9taient confront\u00e9s \u00e0 une double barri\u00e8re culturelle dans l&rsquo;arm\u00e9e\u00a0: les pr\u00e9jug\u00e9s raciaux du monde non-autochtone et la hi\u00e9rarchie militaire qui fonctionnait presque exclusivement en anglais, langue que beaucoup de recrues autochtones ne parlaient pas. Les documents et les m\u00e9moires semblent indiquer que la plupart des unit\u00e9s finirent par accueillir des soldats autochtones et m\u00eame leur offrirent un environnment plus accueillant et plus progressite que d&rsquo;autres secteurs de la soci\u00e9t\u00e9 contemporaine.<\/p>\n<h2>Une r\u00e9putation enviable<\/h2>\n<p>Les soldats des Premiers Peuples s&rsquo;acquirent une r\u00e9putation enviable pour leurs exploits en temps de guerre. Plusieurs d&rsquo;entre eux furent nomm\u00e9s officiers et beaucoup furent des chefs de peloton et des instructeurs de combat aguerris. Au moins 50 d&rsquo;entre eux furent d\u00e9cor\u00e9s pour bravoure sur le champ de bataille. Nombreux furent ceux qui devinrent des l\u00e9gendes comme \u00e9claireurs et tireurs d&rsquo;\u00e9lite, se servant de leurs aptitudes de chasseurs et \u00e0 se d\u00e9placer dans la nature acquises avant la guerre. L&rsquo;Autochtone qui re\u00e7ut le plus grand nombre de d\u00e9corations, le caporal Francis Pegahmagabow, un Ojibw\u00e9 de la bande de Parry Island pr\u00e8s de Parry Sound (Ontario), fut d\u00e9cor\u00e9 de la M\u00e9daille militaire et de deux barrettes pour sa bravoure et son efficacit\u00e9 en tant que tireur d&rsquo;\u00e9lite. L&rsquo;ancien participant \u00e0 des \u00e9preuves de rod\u00e9o, Henry Norwest, un M\u00e9tis, enregistra 115 victoires avant sa mort. Alexander Smith junior et son fr\u00e8re Charles, les fils du chef cayuga membre des Six Nations Alexander G. Smith, re\u00e7urent tous deux la Croix militaire.<\/p>\n<h2>Le difficile retour \u00e0 la vie civile<\/h2>\n<p>De nombreux soldats autochtones revinrent de la guerre avec l&rsquo;espoir que leur sacrifice ou que leurs actions sur le champ de bataille leur assurerait une plus grande reconnaissance et am\u00e9liorerait leurs conditions de vie au pays. Les politiques du gouvernement f\u00e9d\u00e9ral offrirent aux anciens combattants autochtones beaucoup des avantages offerts aux anciens combattants non-autochtones apr\u00e8s la guerre, mais pas tous. La guerre ne fit rien non plus pour accro\u00eetre les droits civils des Premi\u00e8res Nations. Nombre d&rsquo;anciens combattants autochtones, et parmi eux Francis Pegahmagabow, s&rsquo;investirent activement dans la politique afin de prot\u00e9ger leurs communaut\u00e9s et de faire reconna\u00eetre les droits des Autochtones.<\/p>\n<h3>Poursuivez votre exploration avec ces sujets :<\/h3>\n<ul class=\"related\">\n<li><a href=\"\/premiereguerremondiale\/histoire\/la-vie-au-pays-pendant-la-guerre\/recrutement-et-conscription\/recrutement-volontaire\/\">Recrutement volontaire<\/a><\/li>\n<li><a href=\"\/premiereguerremondiale\/histoire\/la-vie-au-front\/les-conditions-dans-les-tranchees\/la-vie-quotidienne-dans-les-tranchees\/\">La vie quotidienne dans les tranch\u00e9es<\/a><\/li>\n<li><a href=\"\/premiereguerremondiale\/histoire\/apres-la-guerre\/les-anciens-combattants\/avantages-et-terres-pour-les-anciens-combattants\/\">Avantages et terres pour les anciens combattants<\/a><\/li>\n<\/ul>\n","protected":false},"excerpt":{"rendered":"<p>Pr\u00e8s de 4000 membres du Corps exp\u00e9ditionnaire canadien \u00e9taient d&rsquo;ascendance autochtone, nombre impressionnant, compte tenu du peu de droits civils dont jouissaient les Premiers Peuples du Canada au d\u00e9but du XXe\u00a0si\u00e8cle. Faire tomber les barri\u00e8res culturelles Les soldats autochtones \u00e9taient confront\u00e9s \u00e0 une double barri\u00e8re culturelle dans l&rsquo;arm\u00e9e\u00a0: les pr\u00e9jug\u00e9s raciaux du monde non-autochtone et [&hellip;]<\/p>\n","protected":false},"author":1,"featured_media":409,"parent":419,"menu_order":4,"comment_status":"open","ping_status":"open","template":"single-history.php","meta":{"footnotes":""},"_links":{"self":[{"href":"https:\/\/www.museedelaguerre.ca\/premiereguerremondiale\/wp-json\/wp\/v2\/pages\/432"}],"collection":[{"href":"https:\/\/www.museedelaguerre.ca\/premiereguerremondiale\/wp-json\/wp\/v2\/pages"}],"about":[{"href":"https:\/\/www.museedelaguerre.ca\/premiereguerremondiale\/wp-json\/wp\/v2\/types\/page"}],"author":[{"embeddable":true,"href":"https:\/\/www.museedelaguerre.ca\/premiereguerremondiale\/wp-json\/wp\/v2\/users\/1"}],"replies":[{"embeddable":true,"href":"https:\/\/www.museedelaguerre.ca\/premiereguerremondiale\/wp-json\/wp\/v2\/comments?post=432"}],"version-history":[{"count":5,"href":"https:\/\/www.museedelaguerre.ca\/premiereguerremondiale\/wp-json\/wp\/v2\/pages\/432\/revisions"}],"predecessor-version":[{"id":3545,"href":"https:\/\/www.museedelaguerre.ca\/premiereguerremondiale\/wp-json\/wp\/v2\/pages\/432\/revisions\/3545"}],"up":[{"embeddable":true,"href":"https:\/\/www.museedelaguerre.ca\/premiereguerremondiale\/wp-json\/wp\/v2\/pages\/419"}],"wp:featuredmedia":[{"embeddable":true,"href":"https:\/\/www.museedelaguerre.ca\/premiereguerremondiale\/wp-json\/wp\/v2\/media\/409"}],"wp:attachment":[{"href":"https:\/\/www.museedelaguerre.ca\/premiereguerremondiale\/wp-json\/wp\/v2\/media?parent=432"}],"curies":[{"name":"wp","href":"https:\/\/api.w.org\/{rel}","templated":true}]}}