{"id":427,"date":"2014-07-21T13:20:46","date_gmt":"2014-07-21T13:20:46","guid":{"rendered":"https:\/\/www.museedelaguerre.ca\/premiere-guerre-mondial\/?page_id=427"},"modified":"2015-03-27T19:55:28","modified_gmt":"2015-03-27T19:55:28","slug":"les-terre-neuviens","status":"publish","type":"page","link":"https:\/\/www.museedelaguerre.ca\/premiereguerremondiale\/histoire\/les-gens\/en-uniforme\/les-terre-neuviens\/","title":{"rendered":"Les Terre-Neuviens"},"content":{"rendered":"<p class=\"excerpt\">Terre-Neuve, qui n&rsquo;\u00e9tait pas encore une province du Canada en 1914, mais un dominion britannique distinct, fournit 12 000 soldats aux forces alli\u00e9es sur une population qui \u00e9tait de 242 000 \u00e2mes avant la guerre. En 1918, environ 35 pour cent des hommes \u00e2g\u00e9s de 19 \u00e0 35 ans avaient servi.<\/p>\n<h2>Le\u00a0<i>Newfoundland Regiment<\/i><\/h2>\n<p>Plus de 6200 soldats servirent avec le Newfoundland Regiment, principale contribution du dominion, qui combattit pendant toute la dur\u00e9e de la guerre int\u00e9gr\u00e9 \u00e0 une division britannique. Les Terre-Neuviens servirent au Moyen-Orient et combattirent pendant la campagne de Gallipoli contre les troupes turques avant de se rendre sur le Front occidental en 1916. Le premier jour de l&rsquo;offensive de la Somme, le 1er juillet 1916, 710 des 801 hommes du r\u00e9giment furent tu\u00e9s, bless\u00e9s et port\u00e9s disparus au cours d&rsquo;une attaque de 30 minutes sur les positions allemandes pr\u00e8s de Beaumont-Hamel. Le r\u00e9giment reconstitu\u00e9 qui re\u00e7ut plus tard le titre de \u00ab\u00a0Royal\u00a0\u00bb participa \u00e0 plusieurs autres engagements majeurs ainsi qu&rsquo;\u00e0 l&rsquo;occupation de l&rsquo;Allemagne apr\u00e8s l&rsquo;armistice. En octobre 1918, un membre du r\u00e9giment, Thomas Ricketts, \u00e2g\u00e9 de 17 ans, fut d\u00e9cor\u00e9 de la Croix de Victoria, la plus haute d\u00e9coration de l&rsquo;Empire britannique r\u00e9compensant le courage face \u00e0 l&rsquo;ennemi.<\/p>\n<p>Tout comme au Canada, le recrutement devint plus difficile \u00e0 Terre-Neuve apr\u00e8s les lourdes pertes de 1916 et 1917. La cr\u00e9ation d&rsquo;un nouveau minist\u00e8re de la milice ainsi qu&rsquo;une campagne de propagande \u00e9nergique qui comportait des incitatifs particuliers pour les hommes mari\u00e9s ne r\u00e9ussirent pas \u00e0 maintenir les effectifs des troupes. La Military Service Act, ou conscription, entra en vigueur en avril 1918 apr\u00e8s une douloureuse bataille politique semblable \u00e0 bien des \u00e9gards \u00e0 celle qu&rsquo;avait connu le Canada l&rsquo;automne pr\u00e9c\u00e9dent. Les circonscriptions majoritairement catholiques d\u00e9pendant de la p\u00eache s&rsquo;oppos\u00e8rent \u00e0 la conscription, les habitants de St. John&rsquo;s, la capitale majoritairement protestante et la plus grande des villes, l&rsquo;appuy\u00e8rent. Les ouvriers et les syndicalistes r\u00e9clam\u00e8rent la conscription de la richesse; les hommes d&rsquo;affaires r\u00e9torqu\u00e8rent que la conscription \u00e9tait le meilleur moyen de r\u00e9partir l&rsquo;effort de guerre. Le r\u00e9giment outre-mer, ayant \u00e9t\u00e9 renforc\u00e9 au printemps avec les derniers volontaires se trouvant dans les centres de formation, termina la guerre en tant que formation volontaire. Les conscrits demeur\u00e8rent chez eux.<\/p>\n<h2>Le front int\u00e9rieur terre-neuvien<\/h2>\n<p>La d\u00e9claration de guerre de la Grande Bretagne obligea automatiquement Terre-Neuve \u00e0 participer au conflit, mais la r\u00e9action patriotique du gouvernement du dominion fut sinc\u00e8re et partag\u00e9e par la majorit\u00e9 de la population. La guerre att\u00e9nua les conflits politiques sur la religion, la classe et l&rsquo;\u00e9conomie, et une nouvelle association bipartite, la Newfoundland Patriotic Association (NPA), administra la plupart des aspects de l&rsquo;effort de guerre. Les organisations f\u00e9minines, les organisations sociales et les paroisses \u00e9taient \u00e0 la base d&rsquo;un r\u00e9seau dense d&rsquo;associations patriotiques qui \u0153uvraient pour le bien-\u00eatre des anciens combattants, envoyaient des secours outre-mer et collectaient des fonds. Un gouvernement national rempla\u00e7a le NPA au milieu de 1917 au c\u0153ur de la tourmente suscit\u00e9e par un d\u00e9bat de plus en plus \u00e2pre sur la conscription et des accusations de b\u00e9n\u00e9fices excessifs contre les riches marchands. Il promulgua la Military Service Act et gouverna jusqu&rsquo;\u00e0 l&rsquo;Armistice mais s&rsquo;effondra en mai 1919.<\/p>\n<h2>Autres contributions de Terre-Neuve<\/h2>\n<p>Les Terre-Neuviens servirent dans plusieurs autres unit\u00e9s foresti\u00e8res, navales et militaires. Pr\u00e8s de 2000 d&rsquo;entre eux servirent dans la r\u00e9serve navale de la colonie, qui ne recrutait ses membres que parmi les marins et les p\u00eacheurs. Plus nombreux encore furent ceux qui navigu\u00e8rent individuellement \u00e0 bord de navires militaires et marchands britanniques, canadiens et am\u00e9ricains; sur les 500 marins qu&rsquo;on sait avoir servi dans la marine marchande, plus de cent perdirent la vie. Plusieurs dizaines de femmes travaill\u00e8rent comme infirmi\u00e8res dans le\u00a0<i>Volunteer Aid Detachment<\/i>.<\/p>\n<h3>Poursuivez votre exploration avec ces sujets :<\/h3>\n<ul class=\"related\">\n<li><a href=\"\/premiereguerremondiale\/histoire\/batailles-et-combats\/batailles-terrestres\/la-somme\/\">La Somme<\/a><\/li>\n<li><a href=\"\/premiereguerremondiale\/histoire\/apres-la-guerre\/se-souvenir\/le-monument-commemoratif-de-terre-neuve-a-beaumont-hamel\/\">Le monument comm\u00e9moratif de Terre-Neuve \u00e0 Beaumont-Hamel<\/a><\/li>\n<li><a href=\"\/premiereguerremondiale\/histoire\/apres-la-guerre\/legs\/lincidence-de-la-guerre-sur-le-canada\/\">L\u2019incidence de la guerre sur le Canada<\/a><\/li>\n<\/ul>\n","protected":false},"excerpt":{"rendered":"<p>Terre-Neuve, qui n&rsquo;\u00e9tait pas encore une province du Canada en 1914, mais un dominion britannique distinct, fournit 12 000 soldats aux forces alli\u00e9es sur une population qui \u00e9tait de 242 000 \u00e2mes avant la guerre. En 1918, environ 35 pour cent des hommes \u00e2g\u00e9s de 19 \u00e0 35 ans avaient servi. Le\u00a0Newfoundland Regiment Plus de [&hellip;]<\/p>\n","protected":false},"author":1,"featured_media":411,"parent":419,"menu_order":3,"comment_status":"open","ping_status":"open","template":"single-history.php","meta":{"footnotes":""},"_links":{"self":[{"href":"https:\/\/www.museedelaguerre.ca\/premiereguerremondiale\/wp-json\/wp\/v2\/pages\/427"}],"collection":[{"href":"https:\/\/www.museedelaguerre.ca\/premiereguerremondiale\/wp-json\/wp\/v2\/pages"}],"about":[{"href":"https:\/\/www.museedelaguerre.ca\/premiereguerremondiale\/wp-json\/wp\/v2\/types\/page"}],"author":[{"embeddable":true,"href":"https:\/\/www.museedelaguerre.ca\/premiereguerremondiale\/wp-json\/wp\/v2\/users\/1"}],"replies":[{"embeddable":true,"href":"https:\/\/www.museedelaguerre.ca\/premiereguerremondiale\/wp-json\/wp\/v2\/comments?post=427"}],"version-history":[{"count":10,"href":"https:\/\/www.museedelaguerre.ca\/premiereguerremondiale\/wp-json\/wp\/v2\/pages\/427\/revisions"}],"predecessor-version":[{"id":3419,"href":"https:\/\/www.museedelaguerre.ca\/premiereguerremondiale\/wp-json\/wp\/v2\/pages\/427\/revisions\/3419"}],"up":[{"embeddable":true,"href":"https:\/\/www.museedelaguerre.ca\/premiereguerremondiale\/wp-json\/wp\/v2\/pages\/419"}],"wp:featuredmedia":[{"embeddable":true,"href":"https:\/\/www.museedelaguerre.ca\/premiereguerremondiale\/wp-json\/wp\/v2\/media\/411"}],"wp:attachment":[{"href":"https:\/\/www.museedelaguerre.ca\/premiereguerremondiale\/wp-json\/wp\/v2\/media?parent=427"}],"curies":[{"name":"wp","href":"https:\/\/api.w.org\/{rel}","templated":true}]}}