{"id":425,"date":"2014-07-21T13:15:43","date_gmt":"2014-07-21T13:15:43","guid":{"rendered":"https:\/\/www.museedelaguerre.ca\/premiere-guerre-mondial\/?page_id=425"},"modified":"2015-03-27T19:52:11","modified_gmt":"2015-03-27T19:52:11","slug":"les-aviateurs","status":"publish","type":"page","link":"https:\/\/www.museedelaguerre.ca\/premiereguerremondiale\/histoire\/les-gens\/en-uniforme\/les-aviateurs\/","title":{"rendered":"Les aviateurs"},"content":{"rendered":"<p class=\"excerpt\">Le Canada ne disposa pas de sa propre force avant les derniers mois de la guerre, mais 22\u00a0812 Canadiens servirent dans l&rsquo;aviation britannique et 13 160 autres servirent comme membres d&rsquo;\u00e9quipage.<\/p>\n<h2>Qui volait?<\/h2>\n<p>Il n&rsquo;y avait pas p\u00e9nurie de volontaires pour la guerre a\u00e9rienne, qui, au d\u00e9part, \u00e9tait apparue comme une fa\u00e7on de se battre prestigieuse. Les riches Canadiens qui pouvaient se payer de dispendieuses le\u00e7ons de vol furent parmi les premiers \u00e0 se joindre \u00e0 l&rsquo;aviation britannique. Un rapport de d\u00e9cembre 1914 donne un aper\u00e7u des qualit\u00e9s exig\u00e9es des recrues\u00a0: \u00ab\u00a0une combinaison pratiquement id\u00e9ale pour un aviateur est celle qu&rsquo;on trouve chez un homme qui a \u00e9t\u00e9 \u00e9duqu\u00e9 dans le syst\u00e8me priv\u00e9 britannique, poss\u00e8de une bonne formation g\u00e9n\u00e9rale en m\u00e9canique et aime les sports ext\u00e9rieurs.\u00a0\u00bb Les soldats canadiens demandaient parfois \u00e0 \u00eatre mut\u00e9s dans la force a\u00e9rienne pour \u00e9chapper aux tranch\u00e9es. Les Canadiens ayant de l&rsquo;exp\u00e9rience en m\u00e9canique \u00e9taient enr\u00f4l\u00e9s comme membres d&rsquo;\u00e9quipage pour garantir que les avions puissent continuer de voler ou pour les r\u00e9parer lorsqu&rsquo;ils ne le pouvaient plus.<\/p>\n<p>Comme beaucoup de Canadiens servirent dans l&rsquo;aviation britannique, il est difficile de dresser un portrait statistique pr\u00e9cis de tous ceux qui y ont servi. Toutefois, des recherches effectu\u00e9es par la Direction &#8211; Histoire et patrimoine des forces canadiennes sur des milliers de dossiers personnels a r\u00e9v\u00e9l\u00e9 que\u00a0:<\/p>\n<ul>\n<li>52 pour cent des aviateurs \u00e9taient natifs du Canada;<\/li>\n<li>13 pour cent des aviateurs \u00e9taient des non-Canadiens;<\/li>\n<li>le lieu de naissance de 35 pour cent des aviateurs nous est inconnu;<\/li>\n<li>les aviateurs provenaient principalement de grands centres urbains o\u00f9 le taux d&rsquo;enr\u00f4lement \u00e9tait trois fois plus \u00e9lev\u00e9 que dans les r\u00e9gions rurales.<\/li>\n<\/ul>\n<h2>As de l&rsquo;aviation et \u00ab\u00a0Chevaliers du ciel\u00a0\u00bb<\/h2>\n<p>Il y eut 171 as de l&rsquo;aviation canadiens pendant la guerre, des pilotes et des artilleurs ayant abattu au moins cinq avions ou dirigeables ennemis. William Avery \u00ab\u00a0Billy\u00a0\u00bb Bishop, fut le meilleur d&rsquo;entre eux et le deuxi\u00e8me des as alli\u00e9s avec 72 avions abattus. Raymond Collishaw fut le deuxi\u00e8me meilleur Canadien avec 60 victoires et William G Barker le troisi\u00e8me avec 50. Les aviateurs canadiens re\u00e7urent au moins 495 d\u00e9corations britanniques pour leur h\u00e9ro\u00efsme. Ces aviateurs \u00e9taient souvent surnomm\u00e9s les \u00ab\u00a0Chevaliers du ciel\u00a0\u00bb malgr\u00e9 les aspects p\u00e9nibles et la cruaut\u00e9 de la guerre a\u00e9rienne.<\/p>\n<p>Contrairement aux larges forces terrestres embourb\u00e9es dans la boue, les aviateurs s&rsquo;\u00e9levaient au dessus du champ de bataille avec le ciel pour tout horizon, se battant souvent contre un avion ennemi solitaire. Les soldats observaient avec envie ces combats a\u00e9riens tournoyant au-dessus d&rsquo;eux, acclamant leurs favoris, mais il n&rsquo;y avait rien de chevaleresque dans ces combats. Les pilotes inexp\u00e9riment\u00e9s se lan\u00e7aient parfois directement l&rsquo;un contre l&rsquo;autre et la camaraderie entre pilotes de camps oppos\u00e9s n&rsquo;\u00e9tait pas une chose inconnue, mais le ciel \u00e9tait un champ de bataille brutal o\u00f9 un pilote cherchait principalement \u00e0 tuer des pilotes ennemis aussi rapidement et efficacement que possible. L&rsquo;esp\u00e9rance de vie d&rsquo;un nouvel \u00e9quipage pouvait se mesurer en semaines. Les pilotes exp\u00e9riment\u00e9s fondaient sur les avions ennemis d&rsquo;une grande hauteur, volant fr\u00e9quemment avec le soleil dans leur dos pour m\u00e9nager un effet de surprise ou man\u0153uvrant sous un avion ennemi pour le mettre en pi\u00e8ces avant que son \u00e9quipage ne puisse r\u00e9agir. Peu de pilotes bless\u00e9s dans les airs ou dont l&rsquo;avion prenait feu survivaient. \u00c0 une \u00e9poque o\u00f9 l&rsquo;utilisation de parachutes fiables n&rsquo;\u00e9tait pas encore g\u00e9n\u00e9ralis\u00e9e, peu d&rsquo;\u00e9quipages s&rsquo;en sortaient indemnes; les atterrissages forc\u00e9s dans des avions fragiles se terminaient fr\u00e9quemment par la mort ou des blessures permanentes.<\/p>\n<h3>Poursuivez votre exploration avec ces sujets :<\/h3>\n<ul class=\"related\">\n<li><a href=\"\/premiereguerremondiale\/histoire\/batailles-et-combats\/la-guerre-aerienne\/lentrainement-aerien-au-canada\/\">L&rsquo;entra\u00eenement a\u00e9rien au Canada<\/a><\/li>\n<li><a href=\"\/premiereguerremondiale\/histoire\/batailles-et-combats\/la-guerre-aerienne\/la-maitrise-des-airs\/\">La ma\u00eetrise des airs<\/a><\/li>\n<li><a href=\"\/premiereguerremondiale\/histoire\/batailles-et-combats\/la-guerre-sur-terre\/mettre-fin-a-limpasse-dans-les-tranchees\/\">Mettre fin \u00e0 l\u2019impasse dans les tranch\u00e9es<\/a><\/li>\n<\/ul>\n","protected":false},"excerpt":{"rendered":"<p>Le Canada ne disposa pas de sa propre force avant les derniers mois de la guerre, mais 22\u00a0812 Canadiens servirent dans l&rsquo;aviation britannique et 13 160 autres servirent comme membres d&rsquo;\u00e9quipage. Qui volait? Il n&rsquo;y avait pas p\u00e9nurie de volontaires pour la guerre a\u00e9rienne, qui, au d\u00e9part, \u00e9tait apparue comme une fa\u00e7on de se battre [&hellip;]<\/p>\n","protected":false},"author":1,"featured_media":408,"parent":419,"menu_order":2,"comment_status":"open","ping_status":"open","template":"single-history.php","meta":{"footnotes":""},"_links":{"self":[{"href":"https:\/\/www.museedelaguerre.ca\/premiereguerremondiale\/wp-json\/wp\/v2\/pages\/425"}],"collection":[{"href":"https:\/\/www.museedelaguerre.ca\/premiereguerremondiale\/wp-json\/wp\/v2\/pages"}],"about":[{"href":"https:\/\/www.museedelaguerre.ca\/premiereguerremondiale\/wp-json\/wp\/v2\/types\/page"}],"author":[{"embeddable":true,"href":"https:\/\/www.museedelaguerre.ca\/premiereguerremondiale\/wp-json\/wp\/v2\/users\/1"}],"replies":[{"embeddable":true,"href":"https:\/\/www.museedelaguerre.ca\/premiereguerremondiale\/wp-json\/wp\/v2\/comments?post=425"}],"version-history":[{"count":5,"href":"https:\/\/www.museedelaguerre.ca\/premiereguerremondiale\/wp-json\/wp\/v2\/pages\/425\/revisions"}],"predecessor-version":[{"id":3416,"href":"https:\/\/www.museedelaguerre.ca\/premiereguerremondiale\/wp-json\/wp\/v2\/pages\/425\/revisions\/3416"}],"up":[{"embeddable":true,"href":"https:\/\/www.museedelaguerre.ca\/premiereguerremondiale\/wp-json\/wp\/v2\/pages\/419"}],"wp:featuredmedia":[{"embeddable":true,"href":"https:\/\/www.museedelaguerre.ca\/premiereguerremondiale\/wp-json\/wp\/v2\/media\/408"}],"wp:attachment":[{"href":"https:\/\/www.museedelaguerre.ca\/premiereguerremondiale\/wp-json\/wp\/v2\/media?parent=425"}],"curies":[{"name":"wp","href":"https:\/\/api.w.org\/{rel}","templated":true}]}}