{"id":402,"date":"2014-07-18T19:37:26","date_gmt":"2014-07-18T19:37:26","guid":{"rendered":"https:\/\/www.museedelaguerre.ca\/premiere-guerre-mondial\/?page_id=402"},"modified":"2015-03-27T17:40:15","modified_gmt":"2015-03-27T17:40:15","slug":"lexplosion-de-halifax","status":"publish","type":"page","link":"https:\/\/www.museedelaguerre.ca\/premiereguerremondiale\/histoire\/la-vie-au-pays-pendant-la-guerre\/tragedies-du-temps-de-guerre\/lexplosion-de-halifax\/","title":{"rendered":"L&rsquo;explosion de Halifax"},"content":{"rendered":"<p class=\"excerpt\">L&rsquo;explosion de Halifax fut la plus importante explosion caus\u00e9e par l&rsquo;homme qui se soit produite avant celle des bombes atomiques de la Seconde Guerre mondiale.<\/p>\n<h2>Une collision portuaire d\u00e9truit Halifax<\/h2>\n<p>Le 6 d\u00e9cembre 1917, le\u00a0<i>Mont Blanc<\/i>, navire fran\u00e7ais charg\u00e9 de 2,9 kilotonnes d&rsquo;explosifs, entra en collision avec le navire de secours belge\u00a0<i>Imo<\/i>\u00a0dans le port de Halifax. Un incendie se d\u00e9clara \u00e0 bord du\u00a0<i>M<\/i><i>ont Blanc<\/i>, que les pompiers locaux tent\u00e8rent en vain d&rsquo;\u00e9teindre. Quand les flammes atteignirent le chargement explosif du\u00a0<i>Mont Blanc<\/i>, la d\u00e9flagration qui en r\u00e9sulta d\u00e9vasta une grande partie de la ville. Le secteur de Richmond, dans la partie nord de la ville, et la r\u00e9gion de Dartmouth, de l&rsquo;autre c\u00f4t\u00e9 du port, furent presque an\u00e9antis.<\/p>\n<p>Le nombre de morts officiel fut de 1963. Il y eut en outre 9000 bless\u00e9s et 6000 sans-abri.<\/p>\n<h2>Efforts de secours multinationaux<\/h2>\n<p>Soldats et marins travaill\u00e8rent main dans la main avec des civils pour apporter les secours n\u00e9cessaires. Des villes voisines telles que Truro accueillirent les sans-abri. Les magasins Eaton firent don de mobilier. Les gouvernements canadien et britannique donn\u00e8rent des millions pour la reconstruction, tandis que les \u00c9tats-Unis organisaient un train de secours rempli de ravitaillement, de m\u00e9decins et d&rsquo;infirmi\u00e8res, dont certains furent sur les lieux et au travail avant m\u00eame que les responsables canadiens sous le choc aient pleinement r\u00e9cup\u00e9r\u00e9. Plus de 90 ans plus tard, la province de Nouvelle-\u00c9cosse envoie tous les ans un arbre de No\u00ebl \u00e0 la ville de Boston (Massachusetts) en gage d&rsquo;amiti\u00e9 pour l&rsquo;aide des Bostonnais en d\u00e9cembre 1917.<\/p>\n<p>\u00c0 la suite de l&rsquo;explosion, les habitants de Halifax enterr\u00e8rent leurs morts, soign\u00e8rent les bless\u00e9s et commenc\u00e8rent \u00e0 reconstruire leur ville. En d\u00e9pit de sa v\u00e9ritable destruction et de l&rsquo;ampleur des op\u00e9rations de secours, les convois navals transatlantiques avaient repris en moins d&rsquo;une semaine.<\/p>\n<h3>Poursuivez votre exploration avec ces sujets :<\/h3>\n<ul class=\"related\">\n<li><a href=\"\/premiereguerremondiale\/histoire\/batailles-et-combats\/la-guerre-en-mer\/la-marine-royale-du-canada\/\">La Marine royale du Canada<\/a><\/li>\n<li><a href=\"\/premiereguerremondiale\/histoire\/batailles-et-combats\/la-guerre-en-mer\/batailles-navales-sur-la-cote-est\/\">Batailles navales\u00a0sur la c\u00f4te est<\/a><\/li>\n<li><a href=\"\/premiereguerremondiale\/histoire\/batailles-et-combats\/la-guerre-sur-terre\/fournir-le-materiel-necessaire-a-la-guerre\/\">Fournir le mat\u00e9riel n\u00e9cessaire \u00e0 la guerre<\/a><\/li>\n<\/ul>\n","protected":false},"excerpt":{"rendered":"<p>L&rsquo;explosion de Halifax fut la plus importante explosion caus\u00e9e par l&rsquo;homme qui se soit produite avant celle des bombes atomiques de la Seconde Guerre mondiale. Une collision portuaire d\u00e9truit Halifax Le 6 d\u00e9cembre 1917, le\u00a0Mont Blanc, navire fran\u00e7ais charg\u00e9 de 2,9 kilotonnes d&rsquo;explosifs, entra en collision avec le navire de secours belge\u00a0Imo\u00a0dans le port de [&hellip;]<\/p>\n","protected":false},"author":1,"featured_media":389,"parent":400,"menu_order":0,"comment_status":"open","ping_status":"open","template":"single-history.php","meta":{"footnotes":""},"_links":{"self":[{"href":"https:\/\/www.museedelaguerre.ca\/premiereguerremondiale\/wp-json\/wp\/v2\/pages\/402"}],"collection":[{"href":"https:\/\/www.museedelaguerre.ca\/premiereguerremondiale\/wp-json\/wp\/v2\/pages"}],"about":[{"href":"https:\/\/www.museedelaguerre.ca\/premiereguerremondiale\/wp-json\/wp\/v2\/types\/page"}],"author":[{"embeddable":true,"href":"https:\/\/www.museedelaguerre.ca\/premiereguerremondiale\/wp-json\/wp\/v2\/users\/1"}],"replies":[{"embeddable":true,"href":"https:\/\/www.museedelaguerre.ca\/premiereguerremondiale\/wp-json\/wp\/v2\/comments?post=402"}],"version-history":[{"count":3,"href":"https:\/\/www.museedelaguerre.ca\/premiereguerremondiale\/wp-json\/wp\/v2\/pages\/402\/revisions"}],"predecessor-version":[{"id":3414,"href":"https:\/\/www.museedelaguerre.ca\/premiereguerremondiale\/wp-json\/wp\/v2\/pages\/402\/revisions\/3414"}],"up":[{"embeddable":true,"href":"https:\/\/www.museedelaguerre.ca\/premiereguerremondiale\/wp-json\/wp\/v2\/pages\/400"}],"wp:featuredmedia":[{"embeddable":true,"href":"https:\/\/www.museedelaguerre.ca\/premiereguerremondiale\/wp-json\/wp\/v2\/media\/389"}],"wp:attachment":[{"href":"https:\/\/www.museedelaguerre.ca\/premiereguerremondiale\/wp-json\/wp\/v2\/media?parent=402"}],"curies":[{"name":"wp","href":"https:\/\/api.w.org\/{rel}","templated":true}]}}