{"id":400,"date":"2014-07-18T19:33:17","date_gmt":"2014-07-18T19:33:17","guid":{"rendered":"https:\/\/www.museedelaguerre.ca\/premiere-guerre-mondial\/?page_id=400"},"modified":"2014-07-18T19:33:17","modified_gmt":"2014-07-18T19:33:17","slug":"tragedies-du-temps-de-guerre","status":"publish","type":"page","link":"https:\/\/www.museedelaguerre.ca\/premiereguerremondiale\/histoire\/la-vie-au-pays-pendant-la-guerre\/tragedies-du-temps-de-guerre\/","title":{"rendered":"Trag\u00e9dies du temps de guerre"},"content":{"rendered":"<p>L&rsquo;explosion de Halifax et l&rsquo;\u00e9pid\u00e9mie de grippe contribu\u00e8rent \u00e0 accro\u00eetre la tension et la douleur au pays. Apprenez-en davantage sur ces trad\u00e9dies du temps de guerre.<\/p>\n","protected":false},"excerpt":{"rendered":"<p>L&rsquo;explosion de Halifax et l&rsquo;\u00e9pid\u00e9mie de grippe contribu\u00e8rent \u00e0 accro\u00eetre la tension et la douleur au pays. Apprenez-en davantage sur ces trad\u00e9dies du temps de guerre.<\/p>\n","protected":false},"author":1,"featured_media":389,"parent":339,"menu_order":5,"comment_status":"open","ping_status":"open","template":"listing-history.php","meta":{"footnotes":""},"_links":{"self":[{"href":"https:\/\/www.museedelaguerre.ca\/premiereguerremondiale\/wp-json\/wp\/v2\/pages\/400"}],"collection":[{"href":"https:\/\/www.museedelaguerre.ca\/premiereguerremondiale\/wp-json\/wp\/v2\/pages"}],"about":[{"href":"https:\/\/www.museedelaguerre.ca\/premiereguerremondiale\/wp-json\/wp\/v2\/types\/page"}],"author":[{"embeddable":true,"href":"https:\/\/www.museedelaguerre.ca\/premiereguerremondiale\/wp-json\/wp\/v2\/users\/1"}],"replies":[{"embeddable":true,"href":"https:\/\/www.museedelaguerre.ca\/premiereguerremondiale\/wp-json\/wp\/v2\/comments?post=400"}],"version-history":[{"count":1,"href":"https:\/\/www.museedelaguerre.ca\/premiereguerremondiale\/wp-json\/wp\/v2\/pages\/400\/revisions"}],"predecessor-version":[{"id":401,"href":"https:\/\/www.museedelaguerre.ca\/premiereguerremondiale\/wp-json\/wp\/v2\/pages\/400\/revisions\/401"}],"up":[{"embeddable":true,"href":"https:\/\/www.museedelaguerre.ca\/premiereguerremondiale\/wp-json\/wp\/v2\/pages\/339"}],"wp:featuredmedia":[{"embeddable":true,"href":"https:\/\/www.museedelaguerre.ca\/premiereguerremondiale\/wp-json\/wp\/v2\/media\/389"}],"wp:attachment":[{"href":"https:\/\/www.museedelaguerre.ca\/premiereguerremondiale\/wp-json\/wp\/v2\/media?parent=400"}],"curies":[{"name":"wp","href":"https:\/\/api.w.org\/{rel}","templated":true}]}}