{"id":394,"date":"2014-07-18T19:17:46","date_gmt":"2014-07-18T19:17:46","guid":{"rendered":"https:\/\/www.museedelaguerre.ca\/premiere-guerre-mondial\/?page_id=394"},"modified":"2014-08-26T14:47:30","modified_gmt":"2014-08-26T14:47:30","slug":"sujets-dun-pays-ennemi","status":"publish","type":"page","link":"https:\/\/www.museedelaguerre.ca\/premiereguerremondiale\/histoire\/la-vie-au-pays-pendant-la-guerre\/sujets-dun-pays-ennemi\/","title":{"rendered":"\u00ab Sujets d&rsquo;un pays ennemi \u00bb"},"content":{"rendered":"<p>La guerre encouragea le sentiment national et les manifestations de patriotisme, mais elle aggrava les tensions et les pr\u00e9jug\u00e9s ethniques et conduisit \u00e0 poursuivre en justice un bon nombre de ceux qu&rsquo;on appelait des \u00ab\u00a0sujets d&rsquo;un pays ennemi\u00a0\u00bb. Apprenez-en davantage sur les effets n\u00e9gatifs de la guerre sur certaines communaut\u00e9s canadiennes.<\/p>\n","protected":false},"excerpt":{"rendered":"<p>La guerre encouragea le sentiment national et les manifestations de patriotisme, mais elle aggrava les tensions et les pr\u00e9jug\u00e9s ethniques et conduisit \u00e0 poursuivre en justice un bon nombre de ceux qu&rsquo;on appelait des \u00ab\u00a0sujets d&rsquo;un pays ennemi\u00a0\u00bb. Apprenez-en davantage sur les effets n\u00e9gatifs de la guerre sur certaines communaut\u00e9s canadiennes.<\/p>\n","protected":false},"author":1,"featured_media":3178,"parent":339,"menu_order":4,"comment_status":"open","ping_status":"open","template":"listing-history.php","meta":{"footnotes":""},"_links":{"self":[{"href":"https:\/\/www.museedelaguerre.ca\/premiereguerremondiale\/wp-json\/wp\/v2\/pages\/394"}],"collection":[{"href":"https:\/\/www.museedelaguerre.ca\/premiereguerremondiale\/wp-json\/wp\/v2\/pages"}],"about":[{"href":"https:\/\/www.museedelaguerre.ca\/premiereguerremondiale\/wp-json\/wp\/v2\/types\/page"}],"author":[{"embeddable":true,"href":"https:\/\/www.museedelaguerre.ca\/premiereguerremondiale\/wp-json\/wp\/v2\/users\/1"}],"replies":[{"embeddable":true,"href":"https:\/\/www.museedelaguerre.ca\/premiereguerremondiale\/wp-json\/wp\/v2\/comments?post=394"}],"version-history":[{"count":1,"href":"https:\/\/www.museedelaguerre.ca\/premiereguerremondiale\/wp-json\/wp\/v2\/pages\/394\/revisions"}],"predecessor-version":[{"id":395,"href":"https:\/\/www.museedelaguerre.ca\/premiereguerremondiale\/wp-json\/wp\/v2\/pages\/394\/revisions\/395"}],"up":[{"embeddable":true,"href":"https:\/\/www.museedelaguerre.ca\/premiereguerremondiale\/wp-json\/wp\/v2\/pages\/339"}],"wp:featuredmedia":[{"embeddable":true,"href":"https:\/\/www.museedelaguerre.ca\/premiereguerremondiale\/wp-json\/wp\/v2\/media\/3178"}],"wp:attachment":[{"href":"https:\/\/www.museedelaguerre.ca\/premiereguerremondiale\/wp-json\/wp\/v2\/media?parent=394"}],"curies":[{"name":"wp","href":"https:\/\/api.w.org\/{rel}","templated":true}]}}