{"id":387,"date":"2014-07-18T18:57:54","date_gmt":"2014-07-18T18:57:54","guid":{"rendered":"https:\/\/www.museedelaguerre.ca\/premiere-guerre-mondial\/?page_id=387"},"modified":"2014-08-15T19:41:40","modified_gmt":"2014-08-15T19:41:40","slug":"les-activistes-de-la-paix","status":"publish","type":"page","link":"https:\/\/www.museedelaguerre.ca\/premiereguerremondiale\/histoire\/la-vie-au-pays-pendant-la-guerre\/voix-pour-la-paix\/les-activistes-de-la-paix\/","title":{"rendered":"Les activistes de la paix"},"content":{"rendered":"<p class=\"excerpt\">Un petit nombre de Canadiens s&rsquo;opposaient vigoureusement \u00e0 la guerre, en d\u00e9pit des pressions intenses dans la plupart des r\u00e9gions anglophones du pays, qui l&rsquo;appuyaient sans r\u00e9serves. Le mouvement pour le droit de vote pour les femmes, les syndicats, les organisations agricoles et les groupes socialistes \u00e9taient bien repr\u00e9sent\u00e9s parmi les activistes de la paix.<\/p>\n<h2>J.S. Woodsworth<\/h2>\n<p>Le populaire pasteur m\u00e9thodiste James S. Woodsworth s&rsquo;opposa ouvertement \u00e0 la guerre, et plus tard \u00e0 la conscription. \u00c0 un moment o\u00f9 la plupart des \u00e9glises, dont sa propre \u00c9glise m\u00e9thodiste, soutenaient activement la guerre et le service militaire, Woodsworth devint c\u00e9l\u00e8bre pour avoir refus\u00e9 d&rsquo;utiliser sa chaire pour encourager le recrutement. Cette position anti-guerre co\u00fbta \u00e0 Woodsworth son poste de secr\u00e9taire de la Canadian Welfare League (ligue canadiene pour le bien-\u00eatre) et il quitta l&rsquo;\u00c9glise m\u00e9thodiste parce qu&rsquo;elle ne s&rsquo;\u00e9tait pas engag\u00e9e en faveur du pacifisme et d&rsquo;autres questions d&rsquo;ordre social, dont la pauvret\u00e9 de la classe ouvri\u00e8re.<\/p>\n<h2>\u00ab\u00a0Pacifisme radical\u00a0\u00bb<\/h2>\n<p>Le rejet de la guerre par Woodsworth et les moyens utilis\u00e9s pour la combattre furent appuy\u00e9s par certains socialistes, agriculteurs et syndicalistes. Contrairement aux pacifistes lib\u00e9raux, dont beaucoup soutenaient la guerre, y voyant un mal n\u00e9cessaire pour vaincre le militarisme europ\u00e9en, les pacifistes radicaux avaient tendance \u00e0 voir la guerre en termes plus absolus. Ils la consid\u00e9raient comme une preuve d&rsquo;un ordre social corrompu et injuste ne pouvant \u00eatre modifi\u00e9 qu&rsquo;au moyen de r\u00e9formes sociales et politiques radicales. Ils liaient cette critique \u00e0 des appels plus g\u00e9n\u00e9raux \u00e0 la justice sociale, \u00e0 la \u00ab\u00a0conscription de la richesse\u00a0\u00bb avant celle des hommes, et \u00e0 des droits accrus pour les agriculteurs, les syndicats et les immigrants. La plupart partageaient le d\u00e9dain des nationalistes francophones et des insoumis \u00e0 l&rsquo;\u00e9gard du soutien apparemment ind\u00e9fectible du Canada pour l&rsquo;Empire britannique. Paraissant rejeter non seulement la guerre mais \u00e9galement les gouvernements et les soci\u00e9t\u00e9s qui en \u00e9taient \u00e0 l&rsquo;origine, les pacifistes radicaux virent leurs opinions largement exclues.<\/p>\n<p>Les pacifistes qui rest\u00e8rent attach\u00e9s \u00e0 leurs convictions pendant la guerre le firent souvent \u00e0 leurs risques et p\u00e9rils. Leur position n&rsquo;\u00e9tait pas populaire, m\u00eame parmi les ouvriers syndiqu\u00e9s, les agriculteurs ou les socialistes du courant dominant. Les activistes exprimaient leurs opinions par des manifestations organis\u00e9es et des brochures, et en soutenant publiquement les objecteurs de conscience. Certains pacifistes faisaient l&rsquo;objet de controverses en favorisant une paix n\u00e9goci\u00e9e. D&rsquo;autres se faisaient l&rsquo;\u00e9cho de l&rsquo;opinion de la plupart des Canadiens en condamnant la r\u00e9alisation de b\u00e9n\u00e9fices excessifs et la corruption en affaires.<\/p>\n<h3>Poursuivez votre exploration avec les sujets suivants :<\/h3>\n<ul class=\"related\">\n<li><a href=\"\/premiereguerremondiale\/histoire\/apres-la-guerre\/legs\/lincidence-de-la-guerre-sur-le-canada\/\">L&rsquo;incidence de la guerre sur le Canada<\/a><\/li>\n<li><a href=\"\/premiereguerremondiale\/histoire\/la-vie-au-front\/les-conditions-dans-les-tranchees\/foi-et-fatalisme\/\">Foi et fatalisme<\/a><\/li>\n<\/ul>\n","protected":false},"excerpt":{"rendered":"<p>Un petit nombre de Canadiens s&rsquo;opposaient vigoureusement \u00e0 la guerre, en d\u00e9pit des pressions intenses dans la plupart des r\u00e9gions anglophones du pays, qui l&rsquo;appuyaient sans r\u00e9serves. Le mouvement pour le droit de vote pour les femmes, les syndicats, les organisations agricoles et les groupes socialistes \u00e9taient bien repr\u00e9sent\u00e9s parmi les activistes de la paix. [&hellip;]<\/p>\n","protected":false},"author":1,"featured_media":384,"parent":381,"menu_order":1,"comment_status":"open","ping_status":"open","template":"single-history.php","meta":{"footnotes":""},"_links":{"self":[{"href":"https:\/\/www.museedelaguerre.ca\/premiereguerremondiale\/wp-json\/wp\/v2\/pages\/387"}],"collection":[{"href":"https:\/\/www.museedelaguerre.ca\/premiereguerremondiale\/wp-json\/wp\/v2\/pages"}],"about":[{"href":"https:\/\/www.museedelaguerre.ca\/premiereguerremondiale\/wp-json\/wp\/v2\/types\/page"}],"author":[{"embeddable":true,"href":"https:\/\/www.museedelaguerre.ca\/premiereguerremondiale\/wp-json\/wp\/v2\/users\/1"}],"replies":[{"embeddable":true,"href":"https:\/\/www.museedelaguerre.ca\/premiereguerremondiale\/wp-json\/wp\/v2\/comments?post=387"}],"version-history":[{"count":2,"href":"https:\/\/www.museedelaguerre.ca\/premiereguerremondiale\/wp-json\/wp\/v2\/pages\/387\/revisions"}],"predecessor-version":[{"id":3075,"href":"https:\/\/www.museedelaguerre.ca\/premiereguerremondiale\/wp-json\/wp\/v2\/pages\/387\/revisions\/3075"}],"up":[{"embeddable":true,"href":"https:\/\/www.museedelaguerre.ca\/premiereguerremondiale\/wp-json\/wp\/v2\/pages\/381"}],"wp:featuredmedia":[{"embeddable":true,"href":"https:\/\/www.museedelaguerre.ca\/premiereguerremondiale\/wp-json\/wp\/v2\/media\/384"}],"wp:attachment":[{"href":"https:\/\/www.museedelaguerre.ca\/premiereguerremondiale\/wp-json\/wp\/v2\/media?parent=387"}],"curies":[{"name":"wp","href":"https:\/\/api.w.org\/{rel}","templated":true}]}}