{"id":377,"date":"2014-07-18T15:52:51","date_gmt":"2014-07-18T15:52:51","guid":{"rendered":"https:\/\/www.museedelaguerre.ca\/premiere-guerre-mondial\/?page_id=377"},"modified":"2015-03-27T17:31:57","modified_gmt":"2015-03-27T17:31:57","slug":"la-guerre-des-enfants","status":"publish","type":"page","link":"https:\/\/www.museedelaguerre.ca\/premiereguerremondiale\/histoire\/la-vie-au-pays-pendant-la-guerre\/le-front-interieur\/la-guerre-des-enfants\/","title":{"rendered":"La guerre des enfants"},"content":{"rendered":"<p class=\"excerpt\">Les enfants du front int\u00e9rieur furent confront\u00e9s \u00e0 la mort de membres masculins (et dans certains cas f\u00e9minins) de leur famille provoqu\u00e9e par l&rsquo;effort de guerre, et ils s&rsquo;efforc\u00e8rent avec leurs familles, leurs amis et leurs communaut\u00e9s de relever les d\u00e9fis pos\u00e9s chaque jour par la guerre. Des milliers de gar\u00e7ons adolescents servirent ill\u00e9galement outre-mer comme soldats alors qu&rsquo;ils \u00e9taient mineurs, mais des centaines de milliers d&rsquo;autres firent une exp\u00e9rience moins dramatique de la guerre \u00e0 l&rsquo;\u00e9cole, \u00e0 la maison ou au jeu.<\/p>\n<h2>Ils ont fait leur part<\/h2>\n<p>La guerre affecta la vie de tous les enfants, mais les plus \u00e2g\u00e9s particip\u00e8rent de diverses mani\u00e8res, souvent dans des clubs r\u00e9cr\u00e9atifs, des groupes communautaires et des organisations de service. Les scouts et les guides recueillirent de l&rsquo;argent pour le Fonds patriotique canadien et d&rsquo;autres organisations d&rsquo;aide sociale. Les jeunes filles confectionnaient des bandages pour les corps de sant\u00e9 et tricotaient ou cousaient des v\u00eatements pour les colis d&rsquo;aide. Les enfants se voyaient confier de plus grandes responsabilit\u00e9s dans les foyers o\u00f9 les p\u00e8res et les fr\u00e8res plus \u00e2g\u00e9s \u00e9taient \u00e0 la guerre, et les m\u00e8res au travail, et beaucoup d&rsquo;entre eux travaill\u00e8rent tr\u00e8s jeunes sur des fermes ou dans des entreprises.<\/p>\n<h2>Des nouvelles de la guerre<\/h2>\n<p>Peu de Canadiens avaient conscience du risque d&rsquo;une guerre mondiale avant que celle-ci n&rsquo;\u00e9clate, et les affaires internationales &#8211; \u00e0 part ce qui se passait dans l&rsquo;Empire &#8211; n&rsquo;\u00e9taient pas abord\u00e9es dans les programmes scolaires. Cela changea presque imm\u00e9diatement lorsque les journaux, les \u00e9glises et les groupes sociaux s&rsquo;immerg\u00e8rent dans des discussions sur la guerre et ses r\u00e9percussions, et que les conversations familiales tourn\u00e8rent autour de tous les aspects de l&rsquo;\u00e9volution de la guerre, se concentrant souvent sur les hommes qu&rsquo;on connaissait et qui servaient outre-mer, ou sur les amis dont la vie avait \u00e9t\u00e9 boulevers\u00e9e par une blessure ou la mort.<\/p>\n<p>Les enfants faisaient l&rsquo;exp\u00e9rience quotidienne de la guerre \u00e0 la maison et \u00e0 l&rsquo;\u00e9cole. La guerre et ses causes furent abord\u00e9es dans certains programmes scolaires provinciaux d\u00e8s 1914. Des textes militaires comme\u00a0<i>The Children&rsquo;s Story of the War<\/i>\u00a0ou\u00a0<i>Canada in Flanders<\/i>\u00a0mettaient les jeunes Canadiens au fait des combats se d\u00e9roulant outre-mer, mais ne leur donnaient pas vraiment une id\u00e9e de l&rsquo;horreur des combats ou de l&rsquo;ampleur du co\u00fbt humain de la guerre. Des enseignants patriotes encourageaient parfois leurs \u00e9l\u00e8ves \u00e0 tenter de convaincre des hommes adultes ou des fr\u00e8res plus \u00e2g\u00e9s de s&rsquo;enr\u00f4ler.<\/p>\n<h2>Souvenirs de la guerre<\/h2>\n<p>Les enfants ressentirent l&rsquo;excitation et l&rsquo;incertitude de l&rsquo;\u00e9poque. Beaucoup d&rsquo;entre eux se souviendraient de la guerre comme d&rsquo;une p\u00e9riode exaltante et pleine d&rsquo;aventures, couronn\u00e9e par le retour de leurs p\u00e8res ou de leurs fr\u00e8res d&rsquo;endroits exotiques et de guerres lointaines. Beaucoup d&rsquo;autres, particuli\u00e8rement ceux dont les \u00eatres chers ne revinrent pas, s&rsquo;en souviendraient comme d&rsquo;un p\u00e9riode de difficult\u00e9s \u00e9conomiques, une p\u00e9riode tragique empreinte d&rsquo;un chagrin insurmontable.<\/p>\n<h3>Poursuivez votre exploration avec ces sujets :<\/h3>\n<ul class=\"related\">\n<li><a href=\"\/premiereguerremondiale\/histoire\/lentree-en-guerre\/le-canada-entre-en-guerre\/reaction-enthousiaste-a-la-guerre\/\">R\u00e9action enthousiaste \u00e0 la guerre<\/a><\/li>\n<li><a href=\"\/premiereguerremondiale\/histoire\/la-vie-au-pays-pendant-la-guerre\/le-front-interieur\/le-fonds-patriotique-canadien\/\">Le Fonds patriotique canadien<\/a><\/li>\n<li><a href=\"\/premiereguerremondiale\/histoire\/la-vie-au-pays-pendant-la-guerre\/le-front-interieur\/intervention-gouvernementale\/\">Intervention gouvernementale<\/a><\/li>\n<\/ul>\n","protected":false},"excerpt":{"rendered":"<p>Les enfants du front int\u00e9rieur furent confront\u00e9s \u00e0 la mort de membres masculins (et dans certains cas f\u00e9minins) de leur famille provoqu\u00e9e par l&rsquo;effort de guerre, et ils s&rsquo;efforc\u00e8rent avec leurs familles, leurs amis et leurs communaut\u00e9s de relever les d\u00e9fis pos\u00e9s chaque jour par la guerre. Des milliers de gar\u00e7ons adolescents servirent ill\u00e9galement outre-mer [&hellip;]<\/p>\n","protected":false},"author":1,"featured_media":3214,"parent":367,"menu_order":3,"comment_status":"open","ping_status":"open","template":"single-history.php","meta":{"footnotes":""},"_links":{"self":[{"href":"https:\/\/www.museedelaguerre.ca\/premiereguerremondiale\/wp-json\/wp\/v2\/pages\/377"}],"collection":[{"href":"https:\/\/www.museedelaguerre.ca\/premiereguerremondiale\/wp-json\/wp\/v2\/pages"}],"about":[{"href":"https:\/\/www.museedelaguerre.ca\/premiereguerremondiale\/wp-json\/wp\/v2\/types\/page"}],"author":[{"embeddable":true,"href":"https:\/\/www.museedelaguerre.ca\/premiereguerremondiale\/wp-json\/wp\/v2\/users\/1"}],"replies":[{"embeddable":true,"href":"https:\/\/www.museedelaguerre.ca\/premiereguerremondiale\/wp-json\/wp\/v2\/comments?post=377"}],"version-history":[{"count":5,"href":"https:\/\/www.museedelaguerre.ca\/premiereguerremondiale\/wp-json\/wp\/v2\/pages\/377\/revisions"}],"predecessor-version":[{"id":3408,"href":"https:\/\/www.museedelaguerre.ca\/premiereguerremondiale\/wp-json\/wp\/v2\/pages\/377\/revisions\/3408"}],"up":[{"embeddable":true,"href":"https:\/\/www.museedelaguerre.ca\/premiereguerremondiale\/wp-json\/wp\/v2\/pages\/367"}],"wp:featuredmedia":[{"embeddable":true,"href":"https:\/\/www.museedelaguerre.ca\/premiereguerremondiale\/wp-json\/wp\/v2\/media\/3214"}],"wp:attachment":[{"href":"https:\/\/www.museedelaguerre.ca\/premiereguerremondiale\/wp-json\/wp\/v2\/media?parent=377"}],"curies":[{"name":"wp","href":"https:\/\/api.w.org\/{rel}","templated":true}]}}