{"id":355,"date":"2014-07-18T15:10:42","date_gmt":"2014-07-18T15:10:42","guid":{"rendered":"https:\/\/www.museedelaguerre.ca\/premiere-guerre-mondial\/?page_id=355"},"modified":"2014-07-18T15:10:42","modified_gmt":"2014-07-18T15:10:42","slug":"leconomie-de-guerre","status":"publish","type":"page","link":"https:\/\/www.museedelaguerre.ca\/premiereguerremondiale\/histoire\/la-vie-au-pays-pendant-la-guerre\/leconomie-de-guerre\/","title":{"rendered":"L&rsquo;\u00e9conomie de guerre"},"content":{"rendered":"<p>Le Canada fournit une \u00e9norme quantit\u00e9 d&rsquo;argent, de denr\u00e9es alimentaires et de munitions \u00e0 l&rsquo;effort de guerre alli\u00e9. Apprenez-en davantage sur la fa\u00e7on dont le Canada transforma son \u00e9conomie pendant la guerre.<\/p>\n","protected":false},"excerpt":{"rendered":"<p>Le Canada fournit une \u00e9norme quantit\u00e9 d&rsquo;argent, de denr\u00e9es alimentaires et de munitions \u00e0 l&rsquo;effort de guerre alli\u00e9. Apprenez-en davantage sur la fa\u00e7on dont le Canada transforma son \u00e9conomie pendant la guerre.<\/p>\n","protected":false},"author":1,"featured_media":0,"parent":339,"menu_order":1,"comment_status":"open","ping_status":"open","template":"listing-history.php","meta":{"footnotes":""},"_links":{"self":[{"href":"https:\/\/www.museedelaguerre.ca\/premiereguerremondiale\/wp-json\/wp\/v2\/pages\/355"}],"collection":[{"href":"https:\/\/www.museedelaguerre.ca\/premiereguerremondiale\/wp-json\/wp\/v2\/pages"}],"about":[{"href":"https:\/\/www.museedelaguerre.ca\/premiereguerremondiale\/wp-json\/wp\/v2\/types\/page"}],"author":[{"embeddable":true,"href":"https:\/\/www.museedelaguerre.ca\/premiereguerremondiale\/wp-json\/wp\/v2\/users\/1"}],"replies":[{"embeddable":true,"href":"https:\/\/www.museedelaguerre.ca\/premiereguerremondiale\/wp-json\/wp\/v2\/comments?post=355"}],"version-history":[{"count":1,"href":"https:\/\/www.museedelaguerre.ca\/premiereguerremondiale\/wp-json\/wp\/v2\/pages\/355\/revisions"}],"predecessor-version":[{"id":356,"href":"https:\/\/www.museedelaguerre.ca\/premiereguerremondiale\/wp-json\/wp\/v2\/pages\/355\/revisions\/356"}],"up":[{"embeddable":true,"href":"https:\/\/www.museedelaguerre.ca\/premiereguerremondiale\/wp-json\/wp\/v2\/pages\/339"}],"wp:attachment":[{"href":"https:\/\/www.museedelaguerre.ca\/premiereguerremondiale\/wp-json\/wp\/v2\/media?parent=355"}],"curies":[{"name":"wp","href":"https:\/\/api.w.org\/{rel}","templated":true}]}}