{"id":346,"date":"2014-07-18T14:58:09","date_gmt":"2014-07-18T14:58:09","guid":{"rendered":"https:\/\/www.museedelaguerre.ca\/premiere-guerre-mondial\/?page_id=346"},"modified":"2015-03-27T17:28:03","modified_gmt":"2015-03-27T17:28:03","slug":"recrutement-volontaire","status":"publish","type":"page","link":"https:\/\/www.museedelaguerre.ca\/premiereguerremondiale\/histoire\/la-vie-au-pays-pendant-la-guerre\/recrutement-et-conscription\/recrutement-volontaire\/","title":{"rendered":"Recrutement volontaire"},"content":{"rendered":"<p class=\"excerpt\">Pendant les deux premi\u00e8res ann\u00e9es de la guerre, le Canada compta sur un syst\u00e8me volontaire de recrutement militaire. Il n&rsquo;adopta une politique de conscription, ou service obligatoire, qu&rsquo;apr\u00e8s un long et difficile d\u00e9bat politique en 1917.<\/p>\n<h2>L&rsquo;enthousiasme pour la guerre favorise le recrutement<\/h2>\n<p>Tout au long de la guerre, mais particuli\u00e8rement au cours des premiers mois, les Canadiens se ru\u00e8rent pour s&rsquo;enr\u00f4ler, pouss\u00e9s par le patriotisme, le go\u00fbt de l&rsquo;aventure, l&rsquo;opposition \u00e0 l&rsquo;agression allemande ou des liens personnels avec la Grande-Bretagne. Les attitudes g\u00e9n\u00e9rales influenc\u00e8rent aussi les d\u00e9cisions individuelles, en particulier l&rsquo;opinion r\u00e9pandue dans de nombreuses parties du pays que ceux qui ne s&rsquo;enr\u00f4laient pas \u00e9taient des l\u00e2ches.<\/p>\n<p>\u00c9ditoriaux de quotidiens, discours politiques et conf\u00e9rences conjuraient les hommes de servir dans les forces arm\u00e9es parce que c&rsquo;\u00e9tait leur devoir \u00e0 l&rsquo;\u00e9gard du roi et du pays. Les premi\u00e8res affiches de recrutement incitaient \u00e0 s&rsquo;enr\u00f4ler pour des raisons de patriotisme et d&rsquo;affinit\u00e9 \u00e9motionnelle avec les grandes questions de la guerre. Plus tard, des affiches au caract\u00e8re plus d\u00e9sesp\u00e9r\u00e9 tent\u00e8rent de pousser les hommes \u00e0 s&rsquo;enr\u00f4ler en leur faisant honte et en mettant en doute leur loyaut\u00e9 et leur virilit\u00e9. La propagande du temps de guerre incitait aussi les femmes \u00e0 faire pression sur les hommes pour qu&rsquo;ils s&rsquo;enr\u00f4lent.<\/p>\n<h2>Lassitude et d\u00e9clin de l&rsquo;enr\u00f4lement<\/h2>\n<p>L&rsquo;ampleur initiale du recrutement volontaire au Canada diminua en 1916 \u00e0 la suite des pertes croissantes. Les journaux locaux faisaient \u00e9tat chaque jour des co\u00fbts humains de la guerre, et dans beaucoup de lieux publics on affichait les listes officielles des pertes. Les Canadiens en \u00e9taient venus \u00e0 r\u00e9aliser que la guerre ne serait ni courte ni facile, et tous n&rsquo;\u00e9taient pas dispos\u00e9s \u00e0 ce qu&rsquo;on continue d&rsquo;envoyer des soldats outre-mer, le conflit s&rsquo;\u00e9ternisant. Au pays, l&rsquo;industrie et l&rsquo;agriculture avaient besoin de travailleurs pour produire munitions et aliments, et \u00ab\u00a0faire sa part\u00a0\u00bb pour la guerre pouvait \u00e9galement signifier de servir qu&rsquo;au Canada. D&rsquo;autres soutenaient simplement que le Canada avait d\u00e9j\u00e0 assez sacrifi\u00e9, ce que semblait indiquer les listes de pertes.<\/p>\n<h2>Efforts renouvel\u00e9s pour trouver des volontaires<\/h2>\n<p>Le recrutement volontaire s&rsquo;affaiblissant en raison des pertes outre-mer, le gouvernement att\u00e9nua graduellement les restrictions ant\u00e9rieures relatives au recrutement. Il abaissa les normes m\u00e9dicales pour l&rsquo;acceptation des volontaires et permit \u00e0 des groupes communautaires de lever leurs propres bataillons. On permit aux hommes de moins de cinq pieds de former des unit\u00e9s sp\u00e9ciales et, \u00e0 partir de 1916, le gouvernement accepta prudemment des membres de minorit\u00e9s visibles. Ces derniers s&rsquo;enr\u00f4l\u00e8rent bient\u00f4t en nombres significatifs, et notamment 3500 Canadiens autochtones, 1000 Noirs et plusieurs centaines de Canadiens d&rsquo;origine chinoise et japonaise.<\/p>\n<p>Gr\u00e2ce \u00e0 ces succ\u00e8s mineurs, on put lever davantage de troupes, mais pas assez pour remplacer les milliers de soldats tu\u00e9s et bless\u00e9s au cours des batailles de 1916 et du d\u00e9but de 1917.<\/p>\n<h2>Le dilemme du gouvernement relativement \u00e0 la conscription<\/h2>\n<p>Confront\u00e9 au fait que le volontarisme ne suffisait pas \u00e0 maintenir les forces outre-mer \u00e0 un niveau suffisant, Ottawa dut faire un choix difficile. Il pouvait laisser l&rsquo;effort de guerre du pays diminuer en ne rempla\u00e7ant pas les soldats tu\u00e9s ou bless\u00e9s, ou il pouvait maintenir des effectifs complets en for\u00e7ant les Canadiens \u00e0 servir au moyen de la conscription.<\/p>\n<h3>Poursuivez votre exploration avec ces sujets :<\/h3>\n<ul class=\"related\">\n<li><a href=\"\/premiereguerremondiale\/histoire\/lentree-en-guerre\/le-canada-entre-en-guerre\/reaction-enthousiaste-a-la-guerre\/\">R\u00e9action enthousiaste \u00e0 la guerre<\/a><\/li>\n<li><a href=\"\/premiereguerremondiale\/histoire\/batailles-et-combats\/batailles-terrestres\/la-somme\/\">La Somme<\/a><\/li>\n<li><a href=\"\/premiereguerremondiale\/histoire\/batailles-et-combats\/la-guerre-sur-terre\/fournir-le-materiel-necessaire-a-la-guerre\/\">Fournir le mat\u00e9riel n\u00e9cessaire \u00e0 la guerre<\/a><\/li>\n<\/ul>\n","protected":false},"excerpt":{"rendered":"<p>Pendant les deux premi\u00e8res ann\u00e9es de la guerre, le Canada compta sur un syst\u00e8me volontaire de recrutement militaire. Il n&rsquo;adopta une politique de conscription, ou service obligatoire, qu&rsquo;apr\u00e8s un long et difficile d\u00e9bat politique en 1917. L&rsquo;enthousiasme pour la guerre favorise le recrutement Tout au long de la guerre, mais particuli\u00e8rement au cours des premiers [&hellip;]<\/p>\n","protected":false},"author":1,"featured_media":342,"parent":344,"menu_order":0,"comment_status":"open","ping_status":"open","template":"single-history.php","meta":{"footnotes":""},"_links":{"self":[{"href":"https:\/\/www.museedelaguerre.ca\/premiereguerremondiale\/wp-json\/wp\/v2\/pages\/346"}],"collection":[{"href":"https:\/\/www.museedelaguerre.ca\/premiereguerremondiale\/wp-json\/wp\/v2\/pages"}],"about":[{"href":"https:\/\/www.museedelaguerre.ca\/premiereguerremondiale\/wp-json\/wp\/v2\/types\/page"}],"author":[{"embeddable":true,"href":"https:\/\/www.museedelaguerre.ca\/premiereguerremondiale\/wp-json\/wp\/v2\/users\/1"}],"replies":[{"embeddable":true,"href":"https:\/\/www.museedelaguerre.ca\/premiereguerremondiale\/wp-json\/wp\/v2\/comments?post=346"}],"version-history":[{"count":4,"href":"https:\/\/www.museedelaguerre.ca\/premiereguerremondiale\/wp-json\/wp\/v2\/pages\/346\/revisions"}],"predecessor-version":[{"id":3405,"href":"https:\/\/www.museedelaguerre.ca\/premiereguerremondiale\/wp-json\/wp\/v2\/pages\/346\/revisions\/3405"}],"up":[{"embeddable":true,"href":"https:\/\/www.museedelaguerre.ca\/premiereguerremondiale\/wp-json\/wp\/v2\/pages\/344"}],"wp:featuredmedia":[{"embeddable":true,"href":"https:\/\/www.museedelaguerre.ca\/premiereguerremondiale\/wp-json\/wp\/v2\/media\/342"}],"wp:attachment":[{"href":"https:\/\/www.museedelaguerre.ca\/premiereguerremondiale\/wp-json\/wp\/v2\/media?parent=346"}],"curies":[{"name":"wp","href":"https:\/\/api.w.org\/{rel}","templated":true}]}}