{"id":335,"date":"2014-07-18T14:31:11","date_gmt":"2014-07-18T14:31:11","guid":{"rendered":"https:\/\/www.museedelaguerre.ca\/premiere-guerre-mondial\/?page_id=335"},"modified":"2015-03-27T15:12:14","modified_gmt":"2015-03-27T15:12:14","slug":"le-corps-expeditionnaire-canadien","status":"publish","type":"page","link":"https:\/\/www.museedelaguerre.ca\/premiereguerremondiale\/histoire\/la-vie-au-front\/structure-militaire\/le-corps-expeditionnaire-canadien\/","title":{"rendered":"Le Corps exp\u00e9ditionnaire canadien"},"content":{"rendered":"<p class=\"excerpt\">Le Corps exp\u00e9ditionnaire canadien (CEC) constituait l&rsquo;arm\u00e9e envoy\u00e9e servir outre-mer par le Canada pendant la Premi\u00e8re Guerre mondiale. Des 630 000 Canadiens qui s&rsquo;enr\u00f4l\u00e8rent dans l&rsquo;arm\u00e9e, 424 000 furent envoy\u00e9s outre-mer avec le CEC.<\/p>\n<p>Le Corps canadien qui combattit sur le Front occidental \u00e9tait la plus importante formation du CEC et son principal, mais non son seul, \u00e9l\u00e9ment de combat. D&rsquo;autres unit\u00e9s du CEC servirent, \u00e0 part le Corps, notamment la Brigade de cavalerie canadienne, des unit\u00e9s foresti\u00e8res et ferroviaires ainsi que divers h\u00f4pitaux.<\/p>\n<h2>Mise sur pied du Corps<\/h2>\n<p>La premi\u00e8re division canadienne qui combattit en Europe comportait principalement des troupes du premier contingent qui avait pris la mer \u00e0 l&rsquo;automne 1914 en tant que division particuli\u00e8re sous commandement britannique.<\/p>\n<p>Les forces canadiennes outre-mer devenant de plus en plus nombreuses et complexes, cela amena la cr\u00e9ation en septembre 1915 du Corps canadien, ensemble op\u00e9rationnel et administratif regroupant la plupart des unit\u00e9s de combat canadiennes et leurs services de soutien.<\/p>\n<p>D&rsquo;abord command\u00e9 par le lieutenant-g\u00e9n\u00e9ral britannique sir E.A.H. Alderson et, de mai 1916 \u00e0 juin 1917, par le lieutenant-g\u00e9n\u00e9ral britannique sir Julian Byng, le Corps passa de deux divisions comportant 35 000 hommes au d\u00e9part \u00e0 une force de frappe puissante compos\u00e9e de quatre divisions comptant 100 000 hommes au d\u00e9but de 1917.<\/p>\n<h2>Un commandant canadien<\/h2>\n<p>\u00c0 partir de juin 1917 les Canadiens furent command\u00e9s par le lieutenant-g\u00e9n\u00e9ral sir Arthur Currie, officier de milice canadien qui, pendant la guerre, passa de commandant de brigade \u00e0 commendant de l&rsquo;ensemble du Corps. Currie, qui conserva son commandement jusqu&rsquo;en 1919, est consid\u00e9r\u00e9 par beaucoup comme un des g\u00e9n\u00e9raux les plus comp\u00e9tents de la guerre.<\/p>\n<h2>Efficacit\u00e9 du Corps<\/h2>\n<p>Le Corps canadien \u00e9tait une formation nationale unique dont les divisions combattirent ensemble pendant la plus grande partie de la guerre. Alors que les corps britanniques \u00e9taient normalement constitu\u00e9s d&rsquo;une structure administrative ou de commandement au sein de laquelle les divisions changeaient souvent et pouvaient \u00eatre plus ou moins grandes, selon les n\u00e9cessit\u00e9s op\u00e9rationnelles, les divisions du Corps canadien combattirent presque toujours ensemble.<\/p>\n<p>Les soldats des quatre divisions et leur troupe apprirent \u00e0 travailler ensemble et \u00e0 mettre en commun les ressources pour am\u00e9liorer l&rsquo;efficacit\u00e9 au combat. Cette coh\u00e9sion et cette stabilit\u00e9, jalousement pr\u00e9serv\u00e9es par les officiers canadiens les plus haut grad\u00e9s et les hommes politiques, favoris\u00e8rent un sentiment d&rsquo;identit\u00e9 avec un objectif national, et de fiert\u00e9 \u00e0 son \u00e9gard tant chez les soldats que chez les civils.<\/p>\n<h3>Poursuivez votre exploration avec ces sujets :<\/h3>\n<ul class=\"related\">\n<li><a href=\"\/premiereguerremondiale\/histoire\/les-gens\/generaux\/sir-arthur-currie\/\">Sir Arthur Currie<\/a><\/li>\n<li><a href=\"\/premiereguerremondiale\/histoire\/batailles-et-combats\/batailles-terrestres\/crete-de-vimy\/\">Cr\u00eate de Vimy<\/a><\/li>\n<li><a href=\"\/premiereguerremondiale\/histoire\/lentree-en-guerre\/le-canada-entre-en-guerre\/les-canadiens-sont-envoyes-outre-mer\/\">Les Canadiens sont envoy\u00e9s outre-mer<\/a><\/li>\n<\/ul>\n","protected":false},"excerpt":{"rendered":"<p>Le Corps exp\u00e9ditionnaire canadien (CEC) constituait l&rsquo;arm\u00e9e envoy\u00e9e servir outre-mer par le Canada pendant la Premi\u00e8re Guerre mondiale. Des 630 000 Canadiens qui s&rsquo;enr\u00f4l\u00e8rent dans l&rsquo;arm\u00e9e, 424 000 furent envoy\u00e9s outre-mer avec le CEC. Le Corps canadien qui combattit sur le Front occidental \u00e9tait la plus importante formation du CEC et son principal, mais non [&hellip;]<\/p>\n","protected":false},"author":1,"featured_media":330,"parent":331,"menu_order":1,"comment_status":"open","ping_status":"open","template":"single-history.php","meta":{"footnotes":""},"_links":{"self":[{"href":"https:\/\/www.museedelaguerre.ca\/premiereguerremondiale\/wp-json\/wp\/v2\/pages\/335"}],"collection":[{"href":"https:\/\/www.museedelaguerre.ca\/premiereguerremondiale\/wp-json\/wp\/v2\/pages"}],"about":[{"href":"https:\/\/www.museedelaguerre.ca\/premiereguerremondiale\/wp-json\/wp\/v2\/types\/page"}],"author":[{"embeddable":true,"href":"https:\/\/www.museedelaguerre.ca\/premiereguerremondiale\/wp-json\/wp\/v2\/users\/1"}],"replies":[{"embeddable":true,"href":"https:\/\/www.museedelaguerre.ca\/premiereguerremondiale\/wp-json\/wp\/v2\/comments?post=335"}],"version-history":[{"count":5,"href":"https:\/\/www.museedelaguerre.ca\/premiereguerremondiale\/wp-json\/wp\/v2\/pages\/335\/revisions"}],"predecessor-version":[{"id":3404,"href":"https:\/\/www.museedelaguerre.ca\/premiereguerremondiale\/wp-json\/wp\/v2\/pages\/335\/revisions\/3404"}],"up":[{"embeddable":true,"href":"https:\/\/www.museedelaguerre.ca\/premiereguerremondiale\/wp-json\/wp\/v2\/pages\/331"}],"wp:featuredmedia":[{"embeddable":true,"href":"https:\/\/www.museedelaguerre.ca\/premiereguerremondiale\/wp-json\/wp\/v2\/media\/330"}],"wp:attachment":[{"href":"https:\/\/www.museedelaguerre.ca\/premiereguerremondiale\/wp-json\/wp\/v2\/media?parent=335"}],"curies":[{"name":"wp","href":"https:\/\/api.w.org\/{rel}","templated":true}]}}