{"id":333,"date":"2014-07-18T14:23:06","date_gmt":"2014-07-18T14:23:06","guid":{"rendered":"https:\/\/www.museedelaguerre.ca\/premiere-guerre-mondial\/?page_id=333"},"modified":"2015-03-27T15:11:02","modified_gmt":"2015-03-27T15:11:02","slug":"le-ministere-des-forces-outre-mer","status":"publish","type":"page","link":"https:\/\/www.museedelaguerre.ca\/premiereguerremondiale\/histoire\/la-vie-au-front\/structure-militaire\/le-ministere-des-forces-outre-mer\/","title":{"rendered":"Le minist\u00e8re des forces outre-mer"},"content":{"rendered":"<p class=\"excerpt\">Le minist\u00e8re des Forces militaires du Canada outre-mer, mis sur pied en octobre 1916, contr\u00f4lait l&rsquo;organisation, l&rsquo;envoi et l&rsquo;entretien de toutes les forces canadiennes outre-mer, y compris du Corps canadien, et de l&rsquo;ensemble du Corps exp\u00e9ditionnaire canadien.<\/p>\n<h2>Une solution \u00e0 la confusion administrative<\/h2>\n<p>Ce nouveau minist\u00e8re, cr\u00e9\u00e9 pour remplacer un d\u00e9dale inefficace d&rsquo;autorit\u00e9s et d&rsquo;organisations faisant double-emploi qui avaient entrav\u00e9 l&rsquo;administration militaire au cours des deux premi\u00e8res ann\u00e9es de la guerre, est un poste minist\u00e9riel qui fut occup\u00e9 d&rsquo;abord par sir George Perley (du 31 octobre 1916 au 11 octobre 1917), puis par sir Edward Kemp jusqu&rsquo;\u00e0 la dissolution du minist\u00e8re en juillet 1920.<\/p>\n<p>Avant sa mise sur pied, peu de fonctionnaires \u00e0 Londres comprenaient comment les forces canadiennes \u00e9tiaient dirig\u00e9es et administr\u00e9es; apr\u00e8s, il y eut une autorit\u00e9 clairement identifi\u00e9e.<\/p>\n<h2>L&rsquo;autorit\u00e9 sur les Forces canadiennes<\/h2>\n<p>La cr\u00e9ation du minist\u00e8re fut une \u00e9tape importante pour imposer l&rsquo;autorit\u00e9 canadienne sur ses forces outre-mer et un exemple d\u00e9montrant que le Canada faisait de plus en plus entendre une voix ind\u00e9pendante concernant ses propres affaires au sein de l&#8217;empire.<\/p>\n<h3>Poursuivez votre exploration avec ces sujets :<\/h3>\n<ul class=\"related\">\n<li><a href=\"\/premiereguerremondiale\/histoire\/apres-la-guerre\/legs\/lincidence-de-la-guerre-sur-le-canada\/\">L&rsquo;incidence de la guerre sur le Canada<\/a><\/li>\n<li><a href=\"\/premiereguerremondiale\/histoire\/lentree-en-guerre\/le-canada-entre-en-guerre\/le-canada-a-la-guerre\/\">Le Canada \u00e0 la guerre<\/a><\/li>\n<li><a href=\"\/premiereguerremondiale\/histoire\/les-gens\/leaders-canadiens\/sir-robert-borden\/\">Sir Robert Borden<\/a><\/li>\n<\/ul>\n","protected":false},"excerpt":{"rendered":"<p>Le minist\u00e8re des Forces militaires du Canada outre-mer, mis sur pied en octobre 1916, contr\u00f4lait l&rsquo;organisation, l&rsquo;envoi et l&rsquo;entretien de toutes les forces canadiennes outre-mer, y compris du Corps canadien, et de l&rsquo;ensemble du Corps exp\u00e9ditionnaire canadien. Une solution \u00e0 la confusion administrative Ce nouveau minist\u00e8re, cr\u00e9\u00e9 pour remplacer un d\u00e9dale inefficace d&rsquo;autorit\u00e9s et d&rsquo;organisations [&hellip;]<\/p>\n","protected":false},"author":1,"featured_media":329,"parent":331,"menu_order":0,"comment_status":"open","ping_status":"open","template":"single-history.php","meta":{"footnotes":""},"_links":{"self":[{"href":"https:\/\/www.museedelaguerre.ca\/premiereguerremondiale\/wp-json\/wp\/v2\/pages\/333"}],"collection":[{"href":"https:\/\/www.museedelaguerre.ca\/premiereguerremondiale\/wp-json\/wp\/v2\/pages"}],"about":[{"href":"https:\/\/www.museedelaguerre.ca\/premiereguerremondiale\/wp-json\/wp\/v2\/types\/page"}],"author":[{"embeddable":true,"href":"https:\/\/www.museedelaguerre.ca\/premiereguerremondiale\/wp-json\/wp\/v2\/users\/1"}],"replies":[{"embeddable":true,"href":"https:\/\/www.museedelaguerre.ca\/premiereguerremondiale\/wp-json\/wp\/v2\/comments?post=333"}],"version-history":[{"count":3,"href":"https:\/\/www.museedelaguerre.ca\/premiereguerremondiale\/wp-json\/wp\/v2\/pages\/333\/revisions"}],"predecessor-version":[{"id":3403,"href":"https:\/\/www.museedelaguerre.ca\/premiereguerremondiale\/wp-json\/wp\/v2\/pages\/333\/revisions\/3403"}],"up":[{"embeddable":true,"href":"https:\/\/www.museedelaguerre.ca\/premiereguerremondiale\/wp-json\/wp\/v2\/pages\/331"}],"wp:featuredmedia":[{"embeddable":true,"href":"https:\/\/www.museedelaguerre.ca\/premiereguerremondiale\/wp-json\/wp\/v2\/media\/329"}],"wp:attachment":[{"href":"https:\/\/www.museedelaguerre.ca\/premiereguerremondiale\/wp-json\/wp\/v2\/media?parent=333"}],"curies":[{"name":"wp","href":"https:\/\/api.w.org\/{rel}","templated":true}]}}