{"id":331,"date":"2014-07-18T14:16:19","date_gmt":"2014-07-18T14:16:19","guid":{"rendered":"https:\/\/www.museedelaguerre.ca\/premiere-guerre-mondial\/?page_id=331"},"modified":"2014-07-18T14:16:19","modified_gmt":"2014-07-18T14:16:19","slug":"structure-militaire","status":"publish","type":"page","link":"https:\/\/www.museedelaguerre.ca\/premiereguerremondiale\/histoire\/la-vie-au-front\/structure-militaire\/","title":{"rendered":"Structure militaire"},"content":{"rendered":"<p>Les forces canadiennes outre-mer \u00e9taient connues sous le nom de Corps exp\u00e9ditionnaire canadien. Sa principale formation de combat en Europe \u00e9tait le Corps canadien, un corps d&rsquo;infanterie constitu\u00e9 de quatre divisions qui servait avec les Britanniques. Apprenez-en davantage sur les forces qui servaient outre-mer pendant la guerre.<\/p>\n","protected":false},"excerpt":{"rendered":"<p>Les forces canadiennes outre-mer \u00e9taient connues sous le nom de Corps exp\u00e9ditionnaire canadien. Sa principale formation de combat en Europe \u00e9tait le Corps canadien, un corps d&rsquo;infanterie constitu\u00e9 de quatre divisions qui servait avec les Britanniques. Apprenez-en davantage sur les forces qui servaient outre-mer pendant la guerre.<\/p>\n","protected":false},"author":1,"featured_media":330,"parent":244,"menu_order":4,"comment_status":"open","ping_status":"open","template":"listing-history.php","meta":{"footnotes":""},"_links":{"self":[{"href":"https:\/\/www.museedelaguerre.ca\/premiereguerremondiale\/wp-json\/wp\/v2\/pages\/331"}],"collection":[{"href":"https:\/\/www.museedelaguerre.ca\/premiereguerremondiale\/wp-json\/wp\/v2\/pages"}],"about":[{"href":"https:\/\/www.museedelaguerre.ca\/premiereguerremondiale\/wp-json\/wp\/v2\/types\/page"}],"author":[{"embeddable":true,"href":"https:\/\/www.museedelaguerre.ca\/premiereguerremondiale\/wp-json\/wp\/v2\/users\/1"}],"replies":[{"embeddable":true,"href":"https:\/\/www.museedelaguerre.ca\/premiereguerremondiale\/wp-json\/wp\/v2\/comments?post=331"}],"version-history":[{"count":1,"href":"https:\/\/www.museedelaguerre.ca\/premiereguerremondiale\/wp-json\/wp\/v2\/pages\/331\/revisions"}],"predecessor-version":[{"id":332,"href":"https:\/\/www.museedelaguerre.ca\/premiereguerremondiale\/wp-json\/wp\/v2\/pages\/331\/revisions\/332"}],"up":[{"embeddable":true,"href":"https:\/\/www.museedelaguerre.ca\/premiereguerremondiale\/wp-json\/wp\/v2\/pages\/244"}],"wp:featuredmedia":[{"embeddable":true,"href":"https:\/\/www.museedelaguerre.ca\/premiereguerremondiale\/wp-json\/wp\/v2\/media\/330"}],"wp:attachment":[{"href":"https:\/\/www.museedelaguerre.ca\/premiereguerremondiale\/wp-json\/wp\/v2\/media?parent=331"}],"curies":[{"name":"wp","href":"https:\/\/api.w.org\/{rel}","templated":true}]}}