{"id":325,"date":"2014-07-17T22:51:55","date_gmt":"2014-07-17T22:51:55","guid":{"rendered":"https:\/\/www.museedelaguerre.ca\/premiere-guerre-mondial\/?page_id=325"},"modified":"2015-03-27T15:09:56","modified_gmt":"2015-03-27T15:09:56","slug":"fraternisation","status":"publish","type":"page","link":"https:\/\/www.museedelaguerre.ca\/premiereguerremondiale\/histoire\/la-vie-au-front\/derriere-les-lignes-de-front\/fraternisation\/","title":{"rendered":"Fraternisation"},"content":{"rendered":"<p class=\"excerpt\">Les soldats et les civils eurent de fr\u00e9quents contacts pendant la Premi\u00e8re Guerre mondiale.<\/p>\n<h2>Contacts dans les foyers et les restaurants<\/h2>\n<p>Bien qu&rsquo;il n&rsquo;y e\u00fbt aucun civil dans les tranch\u00e9es, il y avait de nombreuses localit\u00e9s derri\u00e8re les lignes. Les soldats \u00e9taient parfois log\u00e9s dans les maisons de civils fran\u00e7ais ou belges. M\u00eame si les p\u00e9riodes de repos derri\u00e8re les lignes \u00e9taient ponctu\u00e9es par des s\u00e9ances d&rsquo;entra\u00eenement militaire et des corv\u00e9es, les soldats avaient en r\u00e8gle g\u00e9n\u00e9rale le droit de visiter d&rsquo;autres unit\u00e9s derri\u00e8re les lignes ou un village avoisinant. Dans ces communaut\u00e9s civiles, les soldats, apr\u00e8s avoir touch\u00e9 leur paie, se rendaient dans des estaminets tenus par des civils fran\u00e7ais ou belges, de petits restaurants qui servaient g\u00e9n\u00e9ralement des \u0153ufs po\u00eal\u00e9s, des frites et de la bi\u00e8re dilu\u00e9e.<\/p>\n<h2>Le sexe<\/h2>\n<p>Les permissions permettaient \u00e9galement aux hommes d&rsquo;avoir des relations avec des femmes, y compris des relations sexuelles. Une cons\u00e9quence f\u00e2cheuse de ces relations fut un taux \u00e9tonnamment \u00e9lev\u00e9 de maladies v\u00e9n\u00e9riennes, qui touch\u00e8rent pr\u00e8s d&rsquo;un soldat canadien sur neuf pendant la dur\u00e9e de la guerre. Il y eut peu de cas d&rsquo;homosexualit\u00e9 rapport\u00e9s par les soldats dans leurs lettres et m\u00e9moires personnels, mais comme il s&rsquo;agissait d&rsquo;un crime punissable en vertu du droit militaire on n&rsquo;en parlait probablement pas.<\/p>\n<h2>L&rsquo;amour et les nouvelles familles<\/h2>\n<p>Les soldats canadiens &#8211; pendant l&rsquo;entra\u00eenement, en permission ou \u00e0 l&rsquo;h\u00f4pital &#8211; tombaient aussi amoureux. On estime qu&rsquo;\u00e0 la fin de la guerre 15\u00a0000 \u00e9pouses de guerre et leurs enfants vivaient au Royaume-Uni. Beaucoup de ces familles vinrent plus tard au Canada pour se construire une nouvelle vie dans un nouveau pays.<\/p>\n<h3>Poursuivez votre exploration avec ces sujets :<\/h3>\n<ul class=\"related\">\n<li><a href=\"\/premiereguerremondiale\/histoire\/apres-la-guerre\/les-anciens-combattants\/avantages-et-terres-pour-les-anciens-combattants\/\">Avantages et terres pour les anciens combattants<\/a><\/li>\n<li><a href=\"\/premiereguerremondiale\/histoire\/la-vie-au-pays-pendant-la-guerre\/le-front-interieur\/le-fonds-patriotique-canadien\/\">Le Fonds patriotique canadien<\/a><\/li>\n<li><a href=\"\/premiereguerremondiale\/histoire\/la-vie-au-pays-pendant-la-guerre\/le-front-interieur\/la-guerre-des-enfants\/\">La guerre des enfants<\/a><\/li>\n<\/ul>\n","protected":false},"excerpt":{"rendered":"<p>Les soldats et les civils eurent de fr\u00e9quents contacts pendant la Premi\u00e8re Guerre mondiale. Contacts dans les foyers et les restaurants Bien qu&rsquo;il n&rsquo;y e\u00fbt aucun civil dans les tranch\u00e9es, il y avait de nombreuses localit\u00e9s derri\u00e8re les lignes. Les soldats \u00e9taient parfois log\u00e9s dans les maisons de civils fran\u00e7ais ou belges. M\u00eame si les [&hellip;]<\/p>\n","protected":false},"author":1,"featured_media":317,"parent":318,"menu_order":2,"comment_status":"open","ping_status":"open","template":"single-history.php","meta":{"footnotes":""},"_links":{"self":[{"href":"https:\/\/www.museedelaguerre.ca\/premiereguerremondiale\/wp-json\/wp\/v2\/pages\/325"}],"collection":[{"href":"https:\/\/www.museedelaguerre.ca\/premiereguerremondiale\/wp-json\/wp\/v2\/pages"}],"about":[{"href":"https:\/\/www.museedelaguerre.ca\/premiereguerremondiale\/wp-json\/wp\/v2\/types\/page"}],"author":[{"embeddable":true,"href":"https:\/\/www.museedelaguerre.ca\/premiereguerremondiale\/wp-json\/wp\/v2\/users\/1"}],"replies":[{"embeddable":true,"href":"https:\/\/www.museedelaguerre.ca\/premiereguerremondiale\/wp-json\/wp\/v2\/comments?post=325"}],"version-history":[{"count":4,"href":"https:\/\/www.museedelaguerre.ca\/premiereguerremondiale\/wp-json\/wp\/v2\/pages\/325\/revisions"}],"predecessor-version":[{"id":3402,"href":"https:\/\/www.museedelaguerre.ca\/premiereguerremondiale\/wp-json\/wp\/v2\/pages\/325\/revisions\/3402"}],"up":[{"embeddable":true,"href":"https:\/\/www.museedelaguerre.ca\/premiereguerremondiale\/wp-json\/wp\/v2\/pages\/318"}],"wp:featuredmedia":[{"embeddable":true,"href":"https:\/\/www.museedelaguerre.ca\/premiereguerremondiale\/wp-json\/wp\/v2\/media\/317"}],"wp:attachment":[{"href":"https:\/\/www.museedelaguerre.ca\/premiereguerremondiale\/wp-json\/wp\/v2\/media?parent=325"}],"curies":[{"name":"wp","href":"https:\/\/api.w.org\/{rel}","templated":true}]}}