{"id":322,"date":"2014-07-17T21:11:09","date_gmt":"2014-07-17T21:11:09","guid":{"rendered":"https:\/\/www.museedelaguerre.ca\/premiere-guerre-mondial\/?page_id=322"},"modified":"2015-03-27T15:08:31","modified_gmt":"2015-03-27T15:08:31","slug":"permission-annuelle","status":"publish","type":"page","link":"https:\/\/www.museedelaguerre.ca\/premiereguerremondiale\/histoire\/la-vie-au-front\/derriere-les-lignes-de-front\/permission-annuelle\/","title":{"rendered":"Permission annuelle"},"content":{"rendered":"<p class=\"excerpt\">Les permissions \u00e9taient une r\u00e9compense rare mais importante pour les soldats du Front occidental.<\/p>\n<h2>De 10 \u00e0 14 jours de permission par an<\/h2>\n<p>Un soldat canadien non grad\u00e9 avait droit, en moyenne, \u00e0 10 (plus tard 14) jours de permission par an, alors que les officiers avaient g\u00e9n\u00e9ralement droit \u00e0 quatre fois ce nombre. Les soldats ne pouvaient pas revenir au Canada mais ils \u00e9taient toujours emball\u00e9s \u00e0 l&rsquo;id\u00e9e d&rsquo;aller en Grande-Bretagne ou dans une des grandes villes fran\u00e7aises, surtout Paris. De nombreux Canadiens visit\u00e8rent pour la premi\u00e8re fois les grandes villes et les grands centres culturels d&rsquo;Europe pendant la guerre.<\/p>\n<h2>Profiter au maximum d&rsquo;une permission<\/h2>\n<p>Pendant leur permission, la plupart des soldats faisaient la f\u00eate, recherchant des plaisirs simples comme l&rsquo;alcool ou les rapports sexuels. Beaucoup jouaient \u00e9galement les touristes, visitant les sites int\u00e9ressants, achetant des cartes postales pour leurs proches et se faisant photographier dans des studios.<\/p>\n<p>Malgr\u00e9 cette \u00e9vasion temporaire, tous les soldats savaient qu&rsquo;ils retourneraient bient\u00f4t sur le Front front occidental.<\/p>\n<h3>Poursuivez votre exploration avec ces sujets :<\/h3>\n<ul class=\"related\">\n<li><a href=\"\/premiereguerremondiale\/histoire\/la-vie-au-front\/la-culture-des-tranchees\/concerts-et-theatres\/\">Concerts et th\u00e9\u00e2tres<\/a><\/li>\n<li><a href=\"\/premiereguerremondiale\/histoire\/la-vie-au-front\/derriere-les-lignes-de-front\/repos-et-loisirs\/\">Repos et loisirs<\/a><\/li>\n<li><a href=\"\/premiereguerremondiale\/histoire\/la-vie-au-front\/derriere-les-lignes-de-front\/fraternisation\/\">Fraternisation<\/a><\/li>\n<\/ul>\n","protected":false},"excerpt":{"rendered":"<p>Les permissions \u00e9taient une r\u00e9compense rare mais importante pour les soldats du Front occidental. De 10 \u00e0 14 jours de permission par an Un soldat canadien non grad\u00e9 avait droit, en moyenne, \u00e0 10 (plus tard 14) jours de permission par an, alors que les officiers avaient g\u00e9n\u00e9ralement droit \u00e0 quatre fois ce nombre. Les [&hellip;]<\/p>\n","protected":false},"author":1,"featured_media":316,"parent":318,"menu_order":1,"comment_status":"open","ping_status":"open","template":"single-history.php","meta":{"footnotes":""},"_links":{"self":[{"href":"https:\/\/www.museedelaguerre.ca\/premiereguerremondiale\/wp-json\/wp\/v2\/pages\/322"}],"collection":[{"href":"https:\/\/www.museedelaguerre.ca\/premiereguerremondiale\/wp-json\/wp\/v2\/pages"}],"about":[{"href":"https:\/\/www.museedelaguerre.ca\/premiereguerremondiale\/wp-json\/wp\/v2\/types\/page"}],"author":[{"embeddable":true,"href":"https:\/\/www.museedelaguerre.ca\/premiereguerremondiale\/wp-json\/wp\/v2\/users\/1"}],"replies":[{"embeddable":true,"href":"https:\/\/www.museedelaguerre.ca\/premiereguerremondiale\/wp-json\/wp\/v2\/comments?post=322"}],"version-history":[{"count":3,"href":"https:\/\/www.museedelaguerre.ca\/premiereguerremondiale\/wp-json\/wp\/v2\/pages\/322\/revisions"}],"predecessor-version":[{"id":3401,"href":"https:\/\/www.museedelaguerre.ca\/premiereguerremondiale\/wp-json\/wp\/v2\/pages\/322\/revisions\/3401"}],"up":[{"embeddable":true,"href":"https:\/\/www.museedelaguerre.ca\/premiereguerremondiale\/wp-json\/wp\/v2\/pages\/318"}],"wp:featuredmedia":[{"embeddable":true,"href":"https:\/\/www.museedelaguerre.ca\/premiereguerremondiale\/wp-json\/wp\/v2\/media\/316"}],"wp:attachment":[{"href":"https:\/\/www.museedelaguerre.ca\/premiereguerremondiale\/wp-json\/wp\/v2\/media?parent=322"}],"curies":[{"name":"wp","href":"https:\/\/api.w.org\/{rel}","templated":true}]}}