{"id":320,"date":"2014-07-17T21:05:35","date_gmt":"2014-07-17T21:05:35","guid":{"rendered":"https:\/\/www.museedelaguerre.ca\/premiere-guerre-mondial\/?page_id=320"},"modified":"2014-08-14T20:33:25","modified_gmt":"2014-08-14T20:33:25","slug":"repos-et-loisirs","status":"publish","type":"page","link":"https:\/\/www.museedelaguerre.ca\/premiereguerremondiale\/histoire\/la-vie-au-front\/derriere-les-lignes-de-front\/repos-et-loisirs\/","title":{"rendered":"Repos et loisirs"},"content":{"rendered":"<p class=\"excerpt\">Les soldats ne passaient pas tout leur temps \u00e0 se battre dans les tranch\u00e9es ou \u00e0 se pr\u00e9parer au combat. Ils avaient des moments de loisirs, surtout lorsqu&rsquo;ils \u00e9taient envoy\u00e9s \u00e0 l&rsquo;arri\u00e8re.<\/p>\n<h2>Rotation \u00e0 l&rsquo;int\u00e9rieur et \u00e0 l&rsquo;ext\u00e9rieur des tranch\u00e9es<\/h2>\n<p>Les soldats \u00e9taient plac\u00e9s \u00e0 tour de r\u00f4le sur les lignes de front pour leur permettre d&rsquo;\u00e9chapper au stress des combats. Ils passaient de quatre \u00e0 six jours dans les tranch\u00e9es aux avant-postes avant de reculer et de passer un nombre \u00e9gal de jours dans des tranch\u00e9es secondaires et, finalement, dans les tranch\u00e9es de r\u00e9serve. Ce syst\u00e8me de rotation, ainsi que des permissions occasionnelles en Angleterre, emp\u00each\u00e8rent de nombreux soldats de perdre compl\u00e8tement le moral.<\/p>\n<h2>D\u00e9tente dans une hutte du YMCA<\/h2>\n<p>Il y avait davantage de temps libre \u00e0 l&rsquo;arri\u00e8re, m\u00eame si les soldats devaient obligatoirement s&rsquo;entra\u00eener et participer \u00e0 divers travaux au front. Lorsqu&rsquo;ils n&rsquo;\u00e9taient pas retenus par ces t\u00e2ches, les soldats pouvaient tuer le temps dans une hutte du YMCA, qui constituait souvent le centre de la vie sociale d&rsquo;un soldat. Les huttes offraient un endroit tranquille o\u00f9 lire et \u00e9crire le jour, et un lieu de rassemblement pour \u00e9couter un concert ou une conf\u00e9rence le soir.<\/p>\n<h3>Poursuivez votre exploration avec ces sujets :<\/h3>\n<ul class=\"related\">\n<li><a href=\"\/premiereguerremondiale\/histoire\/la-vie-au-front\/les-conditions-dans-les-tranchees\/garder-le-moral\/\">Garder le moral<\/a><\/li>\n<li><a href=\"\/premiereguerremondiale\/histoire\/apres-la-guerre\/les-anciens-combattants\/reinsertion-dans-la-vie-civile\/\">R\u00e9insertion dans la vie civile<\/a><\/li>\n<\/ul>\n","protected":false},"excerpt":{"rendered":"<p>Les soldats ne passaient pas tout leur temps \u00e0 se battre dans les tranch\u00e9es ou \u00e0 se pr\u00e9parer au combat. Ils avaient des moments de loisirs, surtout lorsqu&rsquo;ils \u00e9taient envoy\u00e9s \u00e0 l&rsquo;arri\u00e8re. Rotation \u00e0 l&rsquo;int\u00e9rieur et \u00e0 l&rsquo;ext\u00e9rieur des tranch\u00e9es Les soldats \u00e9taient plac\u00e9s \u00e0 tour de r\u00f4le sur les lignes de front pour leur [&hellip;]<\/p>\n","protected":false},"author":1,"featured_media":315,"parent":318,"menu_order":0,"comment_status":"open","ping_status":"open","template":"single-history.php","meta":{"footnotes":""},"_links":{"self":[{"href":"https:\/\/www.museedelaguerre.ca\/premiereguerremondiale\/wp-json\/wp\/v2\/pages\/320"}],"collection":[{"href":"https:\/\/www.museedelaguerre.ca\/premiereguerremondiale\/wp-json\/wp\/v2\/pages"}],"about":[{"href":"https:\/\/www.museedelaguerre.ca\/premiereguerremondiale\/wp-json\/wp\/v2\/types\/page"}],"author":[{"embeddable":true,"href":"https:\/\/www.museedelaguerre.ca\/premiereguerremondiale\/wp-json\/wp\/v2\/users\/1"}],"replies":[{"embeddable":true,"href":"https:\/\/www.museedelaguerre.ca\/premiereguerremondiale\/wp-json\/wp\/v2\/comments?post=320"}],"version-history":[{"count":2,"href":"https:\/\/www.museedelaguerre.ca\/premiereguerremondiale\/wp-json\/wp\/v2\/pages\/320\/revisions"}],"predecessor-version":[{"id":2976,"href":"https:\/\/www.museedelaguerre.ca\/premiereguerremondiale\/wp-json\/wp\/v2\/pages\/320\/revisions\/2976"}],"up":[{"embeddable":true,"href":"https:\/\/www.museedelaguerre.ca\/premiereguerremondiale\/wp-json\/wp\/v2\/pages\/318"}],"wp:featuredmedia":[{"embeddable":true,"href":"https:\/\/www.museedelaguerre.ca\/premiereguerremondiale\/wp-json\/wp\/v2\/media\/315"}],"wp:attachment":[{"href":"https:\/\/www.museedelaguerre.ca\/premiereguerremondiale\/wp-json\/wp\/v2\/media?parent=320"}],"curies":[{"name":"wp","href":"https:\/\/api.w.org\/{rel}","templated":true}]}}