{"id":318,"date":"2014-07-17T20:56:36","date_gmt":"2014-07-17T20:56:36","guid":{"rendered":"https:\/\/www.museedelaguerre.ca\/premiere-guerre-mondial\/?page_id=318"},"modified":"2014-07-17T20:58:09","modified_gmt":"2014-07-17T20:58:09","slug":"derriere-les-lignes-de-front","status":"publish","type":"page","link":"https:\/\/www.museedelaguerre.ca\/premiereguerremondiale\/histoire\/la-vie-au-front\/derriere-les-lignes-de-front\/","title":{"rendered":"Derri\u00e8re les lignes de front"},"content":{"rendered":"<p>Les soldats se d\u00e9pla\u00e7aient en rotation \u00e0 travers le syt\u00e8me de tranch\u00e9es, passant du front \u00e0 l&rsquo;arri\u00e8re, puis \u00e0 la r\u00e9serve, avant de revenir au front. Apprenez comment les soldats se reposaient, s&rsquo;adonnaient \u00e0 des loisirs et entretenaient des rapports avec les civils derri\u00e8re les lignes.<\/p>\n","protected":false},"excerpt":{"rendered":"<p>Les soldats se d\u00e9pla\u00e7aient en rotation \u00e0 travers le syt\u00e8me de tranch\u00e9es, passant du front \u00e0 l&rsquo;arri\u00e8re, puis \u00e0 la r\u00e9serve, avant de revenir au front. Apprenez comment les soldats se reposaient, s&rsquo;adonnaient \u00e0 des loisirs et entretenaient des rapports avec les civils derri\u00e8re les lignes.<\/p>\n","protected":false},"author":1,"featured_media":314,"parent":244,"menu_order":3,"comment_status":"open","ping_status":"open","template":"listing-history.php","meta":{"footnotes":""},"_links":{"self":[{"href":"https:\/\/www.museedelaguerre.ca\/premiereguerremondiale\/wp-json\/wp\/v2\/pages\/318"}],"collection":[{"href":"https:\/\/www.museedelaguerre.ca\/premiereguerremondiale\/wp-json\/wp\/v2\/pages"}],"about":[{"href":"https:\/\/www.museedelaguerre.ca\/premiereguerremondiale\/wp-json\/wp\/v2\/types\/page"}],"author":[{"embeddable":true,"href":"https:\/\/www.museedelaguerre.ca\/premiereguerremondiale\/wp-json\/wp\/v2\/users\/1"}],"replies":[{"embeddable":true,"href":"https:\/\/www.museedelaguerre.ca\/premiereguerremondiale\/wp-json\/wp\/v2\/comments?post=318"}],"version-history":[{"count":1,"href":"https:\/\/www.museedelaguerre.ca\/premiereguerremondiale\/wp-json\/wp\/v2\/pages\/318\/revisions"}],"predecessor-version":[{"id":319,"href":"https:\/\/www.museedelaguerre.ca\/premiereguerremondiale\/wp-json\/wp\/v2\/pages\/318\/revisions\/319"}],"up":[{"embeddable":true,"href":"https:\/\/www.museedelaguerre.ca\/premiereguerremondiale\/wp-json\/wp\/v2\/pages\/244"}],"wp:featuredmedia":[{"embeddable":true,"href":"https:\/\/www.museedelaguerre.ca\/premiereguerremondiale\/wp-json\/wp\/v2\/media\/314"}],"wp:attachment":[{"href":"https:\/\/www.museedelaguerre.ca\/premiereguerremondiale\/wp-json\/wp\/v2\/media?parent=318"}],"curies":[{"name":"wp","href":"https:\/\/api.w.org\/{rel}","templated":true}]}}