{"id":312,"date":"2014-07-17T20:36:20","date_gmt":"2014-07-17T20:36:20","guid":{"rendered":"https:\/\/www.museedelaguerre.ca\/premiere-guerre-mondial\/?page_id=312"},"modified":"2015-03-27T15:04:14","modified_gmt":"2015-03-27T15:04:14","slug":"progres-medicaux","status":"publish","type":"page","link":"https:\/\/www.museedelaguerre.ca\/premiereguerremondiale\/histoire\/la-vie-au-front\/medecine\/progres-medicaux\/","title":{"rendered":"Progr\u00e8s m\u00e9dicaux"},"content":{"rendered":"<p class=\"excerpt\">La pression et les d\u00e9fis impos\u00e9s par la guerre ont \u00e9t\u00e9 \u00e0 l&rsquo;origine de la cr\u00e9ation de nouvelles techniques m\u00e9dicales.<\/p>\n<h2>Transfusion sanguine<\/h2>\n<p>Une des nouvelles techniques les plus importantes fut la transfusion sanguine. Le remplacement rapide du sang perdu contribuait \u00e0 emp\u00eacher les bless\u00e9s d&rsquo;entrer en \u00e9tat de choc et de mourir. La transfusion en \u00e9tant encore \u00e0 ses premiers stades, et comme on ne disposait pas de moyens de r\u00e9frig\u00e9ration sur les lignes de front, il fallait transf\u00e9rer le sang du donneur au bless\u00e9 au moyen de tubes et de seringues. M\u00eame si la transfusion se soldait parfois par un \u00e9chec, elle constitua une \u00e9volution importante de la chirurgie de combat.<\/p>\n<h2>Autres progr\u00e8s<\/h2>\n<p>De nouvelles m\u00e9thodes pour traiter les fractures, l&rsquo;extraction du m\u00e9tal de parties du corps sensibles \u00e0 l&rsquo;aide d&rsquo;aimants, le nettoyage des plaies pour \u00e9viter l&rsquo;infection et le traitement des terribles effets des gaz toxiques firent tous progresser la m\u00e9decine de combat. Pr\u00e8s de 90 pour cent des soldats bless\u00e9s qui re\u00e7urent des traitements m\u00e9dicaux surv\u00e9curent. Les m\u00e9decins rapport\u00e8rent avec eux ces progr\u00e8s chirurgicaux et se servirent de ces nouvelles connaissances pour traiter des patients civils dans d&rsquo;innombrables localit\u00e9s canadiennes.<\/p>\n<h3>Poursuivez votre exploration avec ces sujets :<\/h3>\n<ul class=\"related\">\n<li><a href=\"\/premiereguerremondiale\/histoire\/apres-la-guerre\/les-anciens-combattants\/reinsertion-dans-la-vie-civile\/\">R\u00e9insertion dans la vie civile<\/a><\/li>\n<li><a href=\"\/premiereguerremondiale\/histoire\/les-gens\/en-uniforme\/les-infirmieres\/\">Les infirmi\u00e8res<\/a><\/li>\n<li><a href=\"\/premiereguerremondiale\/histoire\/batailles-et-combats\/batailles-terrestres\/deuxieme-bataille-dypres\/\">Deuxi\u00e8me bataille d&rsquo;Ypres<\/a><\/li>\n<\/ul>\n","protected":false},"excerpt":{"rendered":"<p>La pression et les d\u00e9fis impos\u00e9s par la guerre ont \u00e9t\u00e9 \u00e0 l&rsquo;origine de la cr\u00e9ation de nouvelles techniques m\u00e9dicales. Transfusion sanguine Une des nouvelles techniques les plus importantes fut la transfusion sanguine. Le remplacement rapide du sang perdu contribuait \u00e0 emp\u00eacher les bless\u00e9s d&rsquo;entrer en \u00e9tat de choc et de mourir. La transfusion en [&hellip;]<\/p>\n","protected":false},"author":1,"featured_media":635,"parent":302,"menu_order":3,"comment_status":"open","ping_status":"open","template":"single-history.php","meta":{"footnotes":""},"_links":{"self":[{"href":"https:\/\/www.museedelaguerre.ca\/premiereguerremondiale\/wp-json\/wp\/v2\/pages\/312"}],"collection":[{"href":"https:\/\/www.museedelaguerre.ca\/premiereguerremondiale\/wp-json\/wp\/v2\/pages"}],"about":[{"href":"https:\/\/www.museedelaguerre.ca\/premiereguerremondiale\/wp-json\/wp\/v2\/types\/page"}],"author":[{"embeddable":true,"href":"https:\/\/www.museedelaguerre.ca\/premiereguerremondiale\/wp-json\/wp\/v2\/users\/1"}],"replies":[{"embeddable":true,"href":"https:\/\/www.museedelaguerre.ca\/premiereguerremondiale\/wp-json\/wp\/v2\/comments?post=312"}],"version-history":[{"count":3,"href":"https:\/\/www.museedelaguerre.ca\/premiereguerremondiale\/wp-json\/wp\/v2\/pages\/312\/revisions"}],"predecessor-version":[{"id":3400,"href":"https:\/\/www.museedelaguerre.ca\/premiereguerremondiale\/wp-json\/wp\/v2\/pages\/312\/revisions\/3400"}],"up":[{"embeddable":true,"href":"https:\/\/www.museedelaguerre.ca\/premiereguerremondiale\/wp-json\/wp\/v2\/pages\/302"}],"wp:featuredmedia":[{"embeddable":true,"href":"https:\/\/www.museedelaguerre.ca\/premiereguerremondiale\/wp-json\/wp\/v2\/media\/635"}],"wp:attachment":[{"href":"https:\/\/www.museedelaguerre.ca\/premiereguerremondiale\/wp-json\/wp\/v2\/media?parent=312"}],"curies":[{"name":"wp","href":"https:\/\/api.w.org\/{rel}","templated":true}]}}