{"id":3114,"date":"2014-08-22T20:22:10","date_gmt":"2014-08-22T20:22:10","guid":{"rendered":"https:\/\/www.museedelaguerre.ca\/premiereguerremondiale\/?page_id=3114"},"modified":"2014-08-22T20:22:10","modified_gmt":"2014-08-22T20:22:10","slug":"avertissement","status":"publish","type":"page","link":"https:\/\/www.museedelaguerre.ca\/premiereguerremondiale\/avertissement\/","title":{"rendered":"Avertissement"},"content":{"rendered":"<h1>Avertissement<\/h1>\n<p>&nbsp;<\/p>\n<p>Vous \u00eates pri\u00e9s de noter que certaines photos de la collection du Mus\u00e9e canadien de la guerre pr\u00e9sentent des sc\u00e8nes et des d\u00e9tails qui pourraient ne pas convenir \u00e0 tous et \u00e0 toutes.<\/p>\n<p>Les titres d&rsquo;origine et les l\u00e9gendes des documents d&rsquo;archives peuvent parfois comporter des textes plut\u00f4t crus.<\/p>\n","protected":false},"excerpt":{"rendered":"<p>Avertissement &nbsp; Vous \u00eates pri\u00e9s de noter que certaines photos de la collection du Mus\u00e9e canadien de la guerre pr\u00e9sentent des sc\u00e8nes et des d\u00e9tails qui pourraient ne pas convenir \u00e0 tous et \u00e0 toutes. Les titres d&rsquo;origine et les l\u00e9gendes des documents d&rsquo;archives peuvent parfois comporter des textes plut\u00f4t crus.<\/p>\n","protected":false},"author":1,"featured_media":0,"parent":0,"menu_order":0,"comment_status":"open","ping_status":"open","template":"","meta":{"footnotes":""},"_links":{"self":[{"href":"https:\/\/www.museedelaguerre.ca\/premiereguerremondiale\/wp-json\/wp\/v2\/pages\/3114"}],"collection":[{"href":"https:\/\/www.museedelaguerre.ca\/premiereguerremondiale\/wp-json\/wp\/v2\/pages"}],"about":[{"href":"https:\/\/www.museedelaguerre.ca\/premiereguerremondiale\/wp-json\/wp\/v2\/types\/page"}],"author":[{"embeddable":true,"href":"https:\/\/www.museedelaguerre.ca\/premiereguerremondiale\/wp-json\/wp\/v2\/users\/1"}],"replies":[{"embeddable":true,"href":"https:\/\/www.museedelaguerre.ca\/premiereguerremondiale\/wp-json\/wp\/v2\/comments?post=3114"}],"version-history":[{"count":1,"href":"https:\/\/www.museedelaguerre.ca\/premiereguerremondiale\/wp-json\/wp\/v2\/pages\/3114\/revisions"}],"predecessor-version":[{"id":3115,"href":"https:\/\/www.museedelaguerre.ca\/premiereguerremondiale\/wp-json\/wp\/v2\/pages\/3114\/revisions\/3115"}],"wp:attachment":[{"href":"https:\/\/www.museedelaguerre.ca\/premiereguerremondiale\/wp-json\/wp\/v2\/media?parent=3114"}],"curies":[{"name":"wp","href":"https:\/\/api.w.org\/{rel}","templated":true}]}}