{"id":3112,"date":"2014-08-22T20:20:44","date_gmt":"2014-08-22T20:20:44","guid":{"rendered":"https:\/\/www.museedelaguerre.ca\/premiereguerremondiale\/?page_id=3112"},"modified":"2024-03-28T18:36:11","modified_gmt":"2024-03-28T18:36:11","slug":"liens","status":"publish","type":"page","link":"https:\/\/www.museedelaguerre.ca\/premiereguerremondiale\/liens\/","title":{"rendered":"Liens"},"content":{"rendered":"<h1>Liens<\/h1>\n<p>Bataille de Cote 70<br \/>\n<a href=\"https:\/\/www.hill70.ca\/Battle-of-Hill-70.aspx?lang=fr-CA\" target=\"_blank\" rel=\"noopener noreferrer\">https:\/\/www.hill70.ca\/Battle-of-Hill-70.aspx?lang=fr-CA<\/a><\/p>\n<p>Bruce County Museum &amp; Cultural Centre<br \/>\n<b>Bruce County Military History<\/b><br \/>\n(Disponible en anglais seulement)<br \/>\n<a href=\"http:\/\/www.bruceremembers.org\/\" target=\"_blank\" rel=\"noopener noreferrer\">http:\/\/www.bruceremembers.org\/<\/a><\/p>\n<p>Soci\u00e9t\u00e9 Radio-Canada<br \/>\n<b>Premi\u00e8re Guerre mondiale<\/b><br \/>\n<a href=\"http:\/\/archives.radio-canada.ca\/guerres_conflits\/premiere_guerre_mondiale\/\" target=\"_blank\" rel=\"noopener noreferrer\">http:\/\/archives.radio-canada.ca\/guerres_conflits\/premiere_guerre_mondiale\/<\/a><\/p>\n<p>D\u00e9fense nationale<br \/>\n<b>Salle de recherche des archives de l\u2019histoire militaire canadienne<\/b><br \/>\n<a href=\"https:\/\/www.canada.ca\/fr\/ministere-defense-nationale\/services\/histoire-militaire\/histoire-patrimoine\/salle-recherche-archives-histoire-militaire-canadienne.html\" target=\"_blank\" rel=\"noopener noreferrer\">https:\/\/www.canada.ca\/fr\/ministere-defense-nationale\/services\/histoire-militaire\/histoire-patrimoine\/salle-recherche-archives-histoire-militaire-canadienne.html<\/a><\/p>\n<p>Anciens Combattants Canada<br \/>\n<b>Des h\u00e9ros se racontent<\/b><br \/>\n<a href=\"http:\/\/www.veterans.gc.ca\/souvenir\" target=\"_blank\" rel=\"noopener noreferrer\">http:\/\/www.veterans.gc.ca\/souvenir<\/a><\/p>\n<p>Biblioth\u00e8que et Archives Canada<br \/>\n<b>Soldats de la Premi\u00e8re Guerre mondiale &#8211; CEC<\/b><br \/>\n<a href=\"http:\/\/www.bac-lac.gc.ca\/fra\/decouvrez\/patrimoine-militaire\/premiere-guerre-mondiale\/dossiers-personnel\/Pages\/dossiers-personnel.aspx\" target=\"_blank\" rel=\"noopener noreferrer\">http:\/\/www.bac-lac.gc.ca\/fra\/decouvrez\/patrimoine-militaire\/premiere-guerre-mondiale\/dossiers-personnel\/Pages\/dossiers-personnel.aspx<\/a><\/p>\n<p>Office national du film<br \/>\n<b>Guerriers oubli\u00e9s<\/b><br \/>\n<a href=\"https:\/\/www.onf.ca\/film\/guerriers_oublies\/\" target=\"_blank\" rel=\"noopener noreferrer\">https:\/\/www.onf.ca\/film\/guerriers_oublies\/<\/a><\/p>\n<p>Mus\u00e9e du Nouveau-Brunswick<br \/>\n<b>Marquer notre place &#8211; Images et souvenirs de N\u00e9o-Brunswickois en temps de guerre.<\/b><br \/>\n<a href=\"http:\/\/website.nbm-mnb.ca\/MOP\/index_fr.asp\" target=\"_blank\" rel=\"noopener noreferrer\">http:\/\/website.nbm-mnb.ca\/MOP\/index_fr.asp<\/a><\/p>\n<p>Universit\u00e9 du Manitoba<br \/>\n<b>The Canadian Wartime Experience:  The Documentary Legacy of Canada at War<\/b><br \/>\n(Disponible en anglais seulement)<br \/>\n<a href=\"https:\/\/libguides.lib.umanitoba.ca\/c.php?g=703115\" target=\"_blank\" rel=\"noopener noreferrer\">https:\/\/libguides.lib.umanitoba.ca\/c.php?g=703115<\/a><\/p>\n","protected":false},"excerpt":{"rendered":"<p>Liens Bataille de Cote 70 https:\/\/www.hill70.ca\/Battle-of-Hill-70.aspx?lang=fr-CA Bruce County Museum &amp; Cultural Centre Bruce County Military History (Disponible en anglais seulement) http:\/\/www.bruceremembers.org\/ Soci\u00e9t\u00e9 Radio-Canada Premi\u00e8re Guerre mondiale http:\/\/archives.radio-canada.ca\/guerres_conflits\/premiere_guerre_mondiale\/ D\u00e9fense nationale Salle de recherche des archives de l\u2019histoire militaire canadienne https:\/\/www.canada.ca\/fr\/ministere-defense-nationale\/services\/histoire-militaire\/histoire-patrimoine\/salle-recherche-archives-histoire-militaire-canadienne.html Anciens Combattants Canada Des h\u00e9ros se racontent http:\/\/www.veterans.gc.ca\/souvenir Biblioth\u00e8que et Archives Canada Soldats de la Premi\u00e8re [&hellip;]<\/p>\n","protected":false},"author":1,"featured_media":0,"parent":0,"menu_order":0,"comment_status":"open","ping_status":"open","template":"","meta":{"footnotes":""},"_links":{"self":[{"href":"https:\/\/www.museedelaguerre.ca\/premiereguerremondiale\/wp-json\/wp\/v2\/pages\/3112"}],"collection":[{"href":"https:\/\/www.museedelaguerre.ca\/premiereguerremondiale\/wp-json\/wp\/v2\/pages"}],"about":[{"href":"https:\/\/www.museedelaguerre.ca\/premiereguerremondiale\/wp-json\/wp\/v2\/types\/page"}],"author":[{"embeddable":true,"href":"https:\/\/www.museedelaguerre.ca\/premiereguerremondiale\/wp-json\/wp\/v2\/users\/1"}],"replies":[{"embeddable":true,"href":"https:\/\/www.museedelaguerre.ca\/premiereguerremondiale\/wp-json\/wp\/v2\/comments?post=3112"}],"version-history":[{"count":5,"href":"https:\/\/www.museedelaguerre.ca\/premiereguerremondiale\/wp-json\/wp\/v2\/pages\/3112\/revisions"}],"predecessor-version":[{"id":3557,"href":"https:\/\/www.museedelaguerre.ca\/premiereguerremondiale\/wp-json\/wp\/v2\/pages\/3112\/revisions\/3557"}],"wp:attachment":[{"href":"https:\/\/www.museedelaguerre.ca\/premiereguerremondiale\/wp-json\/wp\/v2\/media?parent=3112"}],"curies":[{"name":"wp","href":"https:\/\/api.w.org\/{rel}","templated":true}]}}