{"id":3110,"date":"2014-08-22T20:19:50","date_gmt":"2014-08-22T20:19:50","guid":{"rendered":"https:\/\/www.museedelaguerre.ca\/premiereguerremondiale\/?page_id=3110"},"modified":"2014-08-22T20:19:50","modified_gmt":"2014-08-22T20:19:50","slug":"droits","status":"publish","type":"page","link":"https:\/\/www.museedelaguerre.ca\/premiereguerremondiale\/droits\/","title":{"rendered":"Droits"},"content":{"rendered":"<h1>Droits<\/h1>\n<p>&nbsp;<\/p>\n<p>La documentation pr\u00e9sent\u00e9e sur ce site Web a \u00e9t\u00e9 produite ou rassembl\u00e9e par le Mus\u00e9e canadien de la guerre dans le but d&rsquo;offrir aux Canadiennes et aux Canadiens un acc\u00e8s direct \u00e0 de l&rsquo;information sur l&rsquo;histoire militaire du pays.<\/p>\n<h3>Reproduction \u00e0 des fins non commerciales<\/h3>\n<p>L&rsquo;information sur ce site y a \u00e9t\u00e9 affich\u00e9e pour qu&rsquo;elle soit facilement disponible pour une utilisation personnelle et non commerciale, et peut \u00eatre reproduite, en tout ou en partie, par quelque moyen que ce soit, sans frais ou autre permission du Mus\u00e9e canadien de la guerre. Le Mus\u00e9e demande seulement<\/p>\n<ul>\n<li>que les utilisateurs fassent preuve d&rsquo;une diligence raisonnable en s&rsquo;assurant de l&rsquo;exactitude des donn\u00e9es reproduites;<\/li>\n<li>que la SMCC soit cit\u00e9e comme l&rsquo;institution source;<\/li>\n<li>que les avis de droit d&rsquo;auteur et d&rsquo;autre propri\u00e9t\u00e9 soient conserv\u00e9s, sans changements, avec les documents auxquels ils se rapportent;<\/li>\n<li>que la reproduction ne soit pas pr\u00e9sent\u00e9e comme la version officielle des documents, ni comme r\u00e9sultant d&rsquo;une affiliation avec la SMCC ou avec son aval.<\/li>\n<\/ul>\n<h3>Utilisation \u00e0 des fins p\u00e9dagogiques<\/h3>\n<p>Les enseignants et les enseignantes peuvent, \u00e0 des fins non commerciales, utiliser, modifier, reproduire ou distribuer, sans permission pr\u00e9alable, les ressources p\u00e9dagogiques offertes sur le pr\u00e9sent site, entre autres, les strat\u00e9gies d&rsquo;enseignement, les id\u00e9es p\u00e9dagogiques, les activit\u00e9s et les jeux.<\/p>\n<p>Les institutions d&rsquo;enseignement, les enseignants et les enseignantes, de m\u00eame que les \u00e9l\u00e8ves peuvent, \u00e0 des fins p\u00e9dagogiques non commerciales, reproduire, communiquer par t\u00e9l\u00e9communication, ex\u00e9cuter en public, publier, exposer, couper, inverser, traduire, archiver et utiliser tout autre document, comme des images, des enregistrements sonores et des vid\u00e9os, offerts sur le pr\u00e9sent site.<\/p>\n<p><a href=\"https:\/\/www.museedelaguerre.ca\/centre-de-recherche-sur-l-histoire-militaire\/droits-et-permissions\/\" target=\"_blank\">Renseignements compl\u00e9mentaires sur le droit d&rsquo;auteur et autorisation de reproduire la documentation.<\/a><\/p>\n","protected":false},"excerpt":{"rendered":"<p>Droits &nbsp; La documentation pr\u00e9sent\u00e9e sur ce site Web a \u00e9t\u00e9 produite ou rassembl\u00e9e par le Mus\u00e9e canadien de la guerre dans le but d&rsquo;offrir aux Canadiennes et aux Canadiens un acc\u00e8s direct \u00e0 de l&rsquo;information sur l&rsquo;histoire militaire du pays. Reproduction \u00e0 des fins non commerciales L&rsquo;information sur ce site y a \u00e9t\u00e9 affich\u00e9e [&hellip;]<\/p>\n","protected":false},"author":1,"featured_media":0,"parent":0,"menu_order":0,"comment_status":"open","ping_status":"open","template":"","meta":{"footnotes":""},"_links":{"self":[{"href":"https:\/\/www.museedelaguerre.ca\/premiereguerremondiale\/wp-json\/wp\/v2\/pages\/3110"}],"collection":[{"href":"https:\/\/www.museedelaguerre.ca\/premiereguerremondiale\/wp-json\/wp\/v2\/pages"}],"about":[{"href":"https:\/\/www.museedelaguerre.ca\/premiereguerremondiale\/wp-json\/wp\/v2\/types\/page"}],"author":[{"embeddable":true,"href":"https:\/\/www.museedelaguerre.ca\/premiereguerremondiale\/wp-json\/wp\/v2\/users\/1"}],"replies":[{"embeddable":true,"href":"https:\/\/www.museedelaguerre.ca\/premiereguerremondiale\/wp-json\/wp\/v2\/comments?post=3110"}],"version-history":[{"count":1,"href":"https:\/\/www.museedelaguerre.ca\/premiereguerremondiale\/wp-json\/wp\/v2\/pages\/3110\/revisions"}],"predecessor-version":[{"id":3111,"href":"https:\/\/www.museedelaguerre.ca\/premiereguerremondiale\/wp-json\/wp\/v2\/pages\/3110\/revisions\/3111"}],"wp:attachment":[{"href":"https:\/\/www.museedelaguerre.ca\/premiereguerremondiale\/wp-json\/wp\/v2\/media?parent=3110"}],"curies":[{"name":"wp","href":"https:\/\/api.w.org\/{rel}","templated":true}]}}