{"id":308,"date":"2014-07-17T20:28:51","date_gmt":"2014-07-17T20:28:51","guid":{"rendered":"https:\/\/www.museedelaguerre.ca\/premiere-guerre-mondial\/?page_id=308"},"modified":"2015-10-07T19:25:20","modified_gmt":"2015-10-07T19:25:20","slug":"traitements-medicaux","status":"publish","type":"page","link":"https:\/\/www.museedelaguerre.ca\/premiereguerremondiale\/histoire\/la-vie-au-front\/medecine\/traitements-medicaux\/","title":{"rendered":"Traitements m\u00e9dicaux"},"content":{"rendered":"<p class=\"excerpt\">Les bless\u00e9s passaient par toute une s\u00e9rie d&rsquo;unit\u00e9s m\u00e9dicales au cours de leur traitement.<\/p>\n<h2>Le tri des bless\u00e9s<\/h2>\n<p>Les m\u00e9decins militaires du front traitaient de nombreuses blessures mais, parfois d\u00e9bord\u00e9s par le nombre de bless\u00e9s, ils transportaient rapidement nombre d&rsquo;entre eux jusqu&rsquo;\u00e0 des ambulances de campagne situ\u00e9es aussi pr\u00e8s des lignes de front que le permettait la s\u00e9curit\u00e9. Les ambulances transportaient les bless\u00e9s jusqu&rsquo;\u00e0 des postes de secours, puis des postes d&rsquo;\u00e9vacuation sanitaire. Des chirurgies pouvaient \u00eatre pratiqu\u00e9es dans n&rsquo;importe laquelle des unit\u00e9s m\u00e9dicales, selon que le patient avait besoin de soins imm\u00e9diats ou pouvait attendre.<\/p>\n<p>Les m\u00e9decins et les pr\u00e9pos\u00e9s aux soins n&rsquo;avaient d&rsquo;autre choix que de pratiquer un syst\u00e8me de triage, un processus de s\u00e9lection pour d\u00e9terminer quels patients seraient op\u00e9r\u00e9s imm\u00e9diatement, lesquels pouvaient attendre quelques heures et lesquels ne pouvaient \u00eatre trait\u00e9s, et qu&rsquo;on laisserait par cons\u00e9quent mourir. C&rsquo;\u00e9tait un syst\u00e8me dur mais n\u00e9cessaire, surtout lorsque les unit\u00e9s m\u00e9dicales \u00e9taient submerg\u00e9es par des centaines de bless\u00e9s, dont beaucoup mourraient si on ne les soignait pas imm\u00e9diatement.<\/p>\n<h2>En route pour la France et l&rsquo;Angleterre<\/h2>\n<p>Une fois qu&rsquo;ils commen\u00e7aient \u00e0 se remettre de leur chirurgie, les patients pouvaient \u00eatre envoy\u00e9s pour une convalescence de longue dur\u00e9e dans des h\u00f4pitaux militaires fixes ou des h\u00f4pitaux g\u00e9n\u00e9raux en France ou en Angleterre. En 1918, le Corps m\u00e9dical de l\u2019arm\u00e9e canadienne s&rsquo;occupait de 16 h\u00f4pitaux g\u00e9n\u00e9raux, dix h\u00f4pitaux fixes et quatre postes d&rsquo;\u00e9vacuation sanitaire.<\/p>\n<h3>Poursuivez votre exploration avec ces sujets :<\/h3>\n<ul class=\"related\">\n<li><a href=\"\/premiereguerremondiale\/histoire\/les-gens\/en-uniforme\/les-infirmieres\/\">Les infirmi\u00e8res<\/a><\/li>\n<li><a href=\"\/premiereguerremondiale\/histoire\/la-vie-au-front\/les-conditions-dans-les-tranchees\/traumatismes-dus-aux-bombardements\/\">Traumatismes dus aux bombardements<\/a><\/li>\n<li><a href=\"\/premiereguerremondiale\/histoire\/batailles-et-combats\/batailles-terrestres\/deuxieme-bataille-dypres\/\">Deuxi\u00e8me bataille d&rsquo;Ypres<\/a><\/li>\n<\/ul>\n","protected":false},"excerpt":{"rendered":"<p>Les bless\u00e9s passaient par toute une s\u00e9rie d&rsquo;unit\u00e9s m\u00e9dicales au cours de leur traitement. Le tri des bless\u00e9s Les m\u00e9decins militaires du front traitaient de nombreuses blessures mais, parfois d\u00e9bord\u00e9s par le nombre de bless\u00e9s, ils transportaient rapidement nombre d&rsquo;entre eux jusqu&rsquo;\u00e0 des ambulances de campagne situ\u00e9es aussi pr\u00e8s des lignes de front que le [&hellip;]<\/p>\n","protected":false},"author":1,"featured_media":299,"parent":302,"menu_order":2,"comment_status":"closed","ping_status":"closed","template":"single-history.php","meta":{"footnotes":""},"_links":{"self":[{"href":"https:\/\/www.museedelaguerre.ca\/premiereguerremondiale\/wp-json\/wp\/v2\/pages\/308"}],"collection":[{"href":"https:\/\/www.museedelaguerre.ca\/premiereguerremondiale\/wp-json\/wp\/v2\/pages"}],"about":[{"href":"https:\/\/www.museedelaguerre.ca\/premiereguerremondiale\/wp-json\/wp\/v2\/types\/page"}],"author":[{"embeddable":true,"href":"https:\/\/www.museedelaguerre.ca\/premiereguerremondiale\/wp-json\/wp\/v2\/users\/1"}],"replies":[{"embeddable":true,"href":"https:\/\/www.museedelaguerre.ca\/premiereguerremondiale\/wp-json\/wp\/v2\/comments?post=308"}],"version-history":[{"count":4,"href":"https:\/\/www.museedelaguerre.ca\/premiereguerremondiale\/wp-json\/wp\/v2\/pages\/308\/revisions"}],"predecessor-version":[{"id":3490,"href":"https:\/\/www.museedelaguerre.ca\/premiereguerremondiale\/wp-json\/wp\/v2\/pages\/308\/revisions\/3490"}],"up":[{"embeddable":true,"href":"https:\/\/www.museedelaguerre.ca\/premiereguerremondiale\/wp-json\/wp\/v2\/pages\/302"}],"wp:featuredmedia":[{"embeddable":true,"href":"https:\/\/www.museedelaguerre.ca\/premiereguerremondiale\/wp-json\/wp\/v2\/media\/299"}],"wp:attachment":[{"href":"https:\/\/www.museedelaguerre.ca\/premiereguerremondiale\/wp-json\/wp\/v2\/media?parent=308"}],"curies":[{"name":"wp","href":"https:\/\/api.w.org\/{rel}","templated":true}]}}