{"id":306,"date":"2014-07-17T20:05:17","date_gmt":"2014-07-17T20:05:17","guid":{"rendered":"https:\/\/www.museedelaguerre.ca\/premiere-guerre-mondial\/?page_id=306"},"modified":"2014-08-14T17:53:27","modified_gmt":"2014-08-14T17:53:27","slug":"blesses-du-front","status":"publish","type":"page","link":"https:\/\/www.museedelaguerre.ca\/premiereguerremondiale\/histoire\/la-vie-au-front\/medecine\/blesses-du-front\/","title":{"rendered":"Bless\u00e9s du front"},"content":{"rendered":"<p class=\"excerpt\">D\u00e9gager rapidement et efficacement les champs de bataille \u00e9tait essentiel pour sauver des vies. Mais \u00e0 cause du nombre de bless\u00e9s et du terrain fr\u00e9quemment boueux, l&rsquo;\u00e9vacuation d&rsquo;un soldat \u00e0 travers les lignes pour qu&rsquo;il puisse recevoir de meilleurs soins dans des h\u00f4pitaux situ\u00e9s plus \u00e0 l&rsquo;arri\u00e8re pouvait prendre des heures.<\/p>\n<h2>\u00c9vacuation sanitaire<\/h2>\n<p>Des brancardiers avaient la t\u00e2che peu r\u00e9jouissante d&rsquo;\u00e9vacuer les bless\u00e9s du champ de bataille, mais les troupes alli\u00e9es utilisaient souvent des prisonniers allemands. Parfois, une tr\u00eave temporaire leur permettait d&rsquo;effectuer leur travail, mais la plupart du temps les brancardiers devaient braver les tirs de balles et d&rsquo;obus pour atteindre les bless\u00e9s.<\/p>\n<p>Malgr\u00e9 les brancardiers et les prisonniers, il y avait souvent une p\u00e9nurie de personnel pour transporter les soldats bless\u00e9s \u00e0 l&rsquo;arri\u00e8re. Il arrivait fr\u00e9quemment que des soldats gri\u00e8vement bless\u00e9s doivent se rendre par eux-m\u00eames, en titubant ou en rampant, jusqu&rsquo;\u00e0 l&rsquo;arri\u00e8re pour recevoir des soins. Nombre d&rsquo;entre eux mouraient avant d&rsquo;y parvenir.<\/p>\n<h3>Poursuivez votre exploration avec ces sujets :<\/h3>\n<ul class=\"related\">\n<li><a href=\"\/premiereguerremondiale\/histoire\/apres-la-guerre\/legs\/le-cout-de-la-guerre-du-canada\/\">Le co\u00fbt de la guerre du Canada<\/a><\/li>\n<li><a href=\"\/premiereguerremondiale\/histoire\/les-gens\/en-uniforme\/les-infirmieres\/\">Les infirmi\u00e8res<\/a><\/li>\n<li><a href=\"\/premiereguerremondiale\/histoire\/lentree-en-guerre\/origines-et-premieres-phases\/le-debut-de-la-guerre-des-tranchees\/\">Le d\u00e9but de la guerre des tranch\u00e9es<\/a><\/li>\n<\/ul>\n","protected":false},"excerpt":{"rendered":"<p>D\u00e9gager rapidement et efficacement les champs de bataille \u00e9tait essentiel pour sauver des vies. Mais \u00e0 cause du nombre de bless\u00e9s et du terrain fr\u00e9quemment boueux, l&rsquo;\u00e9vacuation d&rsquo;un soldat \u00e0 travers les lignes pour qu&rsquo;il puisse recevoir de meilleurs soins dans des h\u00f4pitaux situ\u00e9s plus \u00e0 l&rsquo;arri\u00e8re pouvait prendre des heures. \u00c9vacuation sanitaire Des brancardiers [&hellip;]<\/p>\n","protected":false},"author":1,"featured_media":300,"parent":302,"menu_order":1,"comment_status":"open","ping_status":"open","template":"single-history.php","meta":{"footnotes":""},"_links":{"self":[{"href":"https:\/\/www.museedelaguerre.ca\/premiereguerremondiale\/wp-json\/wp\/v2\/pages\/306"}],"collection":[{"href":"https:\/\/www.museedelaguerre.ca\/premiereguerremondiale\/wp-json\/wp\/v2\/pages"}],"about":[{"href":"https:\/\/www.museedelaguerre.ca\/premiereguerremondiale\/wp-json\/wp\/v2\/types\/page"}],"author":[{"embeddable":true,"href":"https:\/\/www.museedelaguerre.ca\/premiereguerremondiale\/wp-json\/wp\/v2\/users\/1"}],"replies":[{"embeddable":true,"href":"https:\/\/www.museedelaguerre.ca\/premiereguerremondiale\/wp-json\/wp\/v2\/comments?post=306"}],"version-history":[{"count":2,"href":"https:\/\/www.museedelaguerre.ca\/premiereguerremondiale\/wp-json\/wp\/v2\/pages\/306\/revisions"}],"predecessor-version":[{"id":2948,"href":"https:\/\/www.museedelaguerre.ca\/premiereguerremondiale\/wp-json\/wp\/v2\/pages\/306\/revisions\/2948"}],"up":[{"embeddable":true,"href":"https:\/\/www.museedelaguerre.ca\/premiereguerremondiale\/wp-json\/wp\/v2\/pages\/302"}],"wp:featuredmedia":[{"embeddable":true,"href":"https:\/\/www.museedelaguerre.ca\/premiereguerremondiale\/wp-json\/wp\/v2\/media\/300"}],"wp:attachment":[{"href":"https:\/\/www.museedelaguerre.ca\/premiereguerremondiale\/wp-json\/wp\/v2\/media?parent=306"}],"curies":[{"name":"wp","href":"https:\/\/api.w.org\/{rel}","templated":true}]}}