{"id":304,"date":"2014-07-17T20:01:03","date_gmt":"2014-07-17T20:01:03","guid":{"rendered":"https:\/\/www.museedelaguerre.ca\/premiere-guerre-mondial\/?page_id=304"},"modified":"2015-10-08T13:19:04","modified_gmt":"2015-10-08T13:19:04","slug":"corps-de-sante-royal-canadien","status":"publish","type":"page","link":"https:\/\/www.museedelaguerre.ca\/premiereguerremondiale\/histoire\/la-vie-au-front\/medecine\/corps-de-sante-royal-canadien\/","title":{"rendered":"Corps m\u00e9dical de l\u2019arm\u00e9e canadienne"},"content":{"rendered":"<p class=\"excerpt\">Le Corps m\u00e9dical de l\u2019arm\u00e9e canadienne (CMAC) joua un r\u00f4le essentiel dans la survie des soldats. Fond\u00e9 en 1904, le Corps connut une expansion fulgurante de 1914 \u00e0 1918. Le nombre de bless\u00e9s dans les troupes canadiennes en France et en Belgique \u00e9tait si \u00e9lev\u00e9 que plus de la moiti\u00e9 des m\u00e9decins canadiens furent envoy\u00e9s outre-mer pour les soigner.<\/p>\n<h2>Unit\u00e9s m\u00e9dicales en M\u00e9diterran\u00e9e<\/h2>\n<p>En 1915, les unit\u00e9s m\u00e9dicales canadiennes se rendirent sur le front m\u00e9diterran\u00e9en pour soutenir les forces britanniques qui combattaient \u00e0 Gallipoli, \u00e0 Salonique et en \u00c9gypte. Le Corps m\u00e9dical de l\u2019arm\u00e9e canadienne mit sur pied dans la r\u00e9gion cinq h\u00f4pitaux militaires fixes dont le personnel m\u00e9dical travaillait dans des conditions particuli\u00e8rement difficiles, notamment des temp\u00e9ratures extr\u00eames et un acc\u00e8s limit\u00e9 aux fournitures. Pr\u00e8s de 1500 Canadiens servirent dans la r\u00e9gion de la M\u00e9diterran\u00e9e entre 1915 et 1917, s&rsquo;occupant principalement de patients bless\u00e9s au combat ou malades.<\/p>\n<h2>Une r\u00e9putation exceptionnelle<\/h2>\n<p>En tout, 21 453 hommes et femmes arbor\u00e8rent fi\u00e8rement l&rsquo;insigne du CMAC. Nombre de ces m\u00e9decins et brancardiers servirent \u00e0 proximit\u00e9 du front et le service m\u00e9dical subit 1325 pertes au cours de la guerre. Trois de ses membres furent d\u00e9cor\u00e9s de la Croix de Victoria pour service m\u00e9ritoire.<\/p>\n<p>Les terribles blessures subies au frond exigeaient du personnel m\u00e9dical qu&rsquo;il adapte ses proc\u00e9dures ou en cr\u00e9e de nouvelles, pour sauver des vies.<\/p>\n<h3>Poursuivez votre exploration avec ces sujets :<\/h3>\n<ul class=\"related\">\n<li><a href=\"\/premiereguerremondiale\/histoire\/les-gens\/en-uniforme\/les-infirmieres\/\">Les infirmi\u00e8res<\/a><\/li>\n<li><a href=\"\/premiereguerremondiale\/histoire\/les-gens\/en-uniforme\/les-terre-neuviens\/\">Les Terre-Neuviens<\/a><\/li>\n<li><a href=\"\/premiereguerremondiale\/histoire\/la-vie-au-front\/les-conditions-dans-les-tranchees\/medailles-et-decorations\/\">M\u00e9dailles et d\u00e9corations<\/a><\/li>\n<\/ul>\n","protected":false},"excerpt":{"rendered":"<p>Le Corps m\u00e9dical de l\u2019arm\u00e9e canadienne (CMAC) joua un r\u00f4le essentiel dans la survie des soldats. Fond\u00e9 en 1904, le Corps connut une expansion fulgurante de 1914 \u00e0 1918. Le nombre de bless\u00e9s dans les troupes canadiennes en France et en Belgique \u00e9tait si \u00e9lev\u00e9 que plus de la moiti\u00e9 des m\u00e9decins canadiens furent envoy\u00e9s [&hellip;]<\/p>\n","protected":false},"author":1,"featured_media":3213,"parent":302,"menu_order":0,"comment_status":"closed","ping_status":"closed","template":"single-history.php","meta":{"footnotes":""},"_links":{"self":[{"href":"https:\/\/www.museedelaguerre.ca\/premiereguerremondiale\/wp-json\/wp\/v2\/pages\/304"}],"collection":[{"href":"https:\/\/www.museedelaguerre.ca\/premiereguerremondiale\/wp-json\/wp\/v2\/pages"}],"about":[{"href":"https:\/\/www.museedelaguerre.ca\/premiereguerremondiale\/wp-json\/wp\/v2\/types\/page"}],"author":[{"embeddable":true,"href":"https:\/\/www.museedelaguerre.ca\/premiereguerremondiale\/wp-json\/wp\/v2\/users\/1"}],"replies":[{"embeddable":true,"href":"https:\/\/www.museedelaguerre.ca\/premiereguerremondiale\/wp-json\/wp\/v2\/comments?post=304"}],"version-history":[{"count":5,"href":"https:\/\/www.museedelaguerre.ca\/premiereguerremondiale\/wp-json\/wp\/v2\/pages\/304\/revisions"}],"predecessor-version":[{"id":3494,"href":"https:\/\/www.museedelaguerre.ca\/premiereguerremondiale\/wp-json\/wp\/v2\/pages\/304\/revisions\/3494"}],"up":[{"embeddable":true,"href":"https:\/\/www.museedelaguerre.ca\/premiereguerremondiale\/wp-json\/wp\/v2\/pages\/302"}],"wp:featuredmedia":[{"embeddable":true,"href":"https:\/\/www.museedelaguerre.ca\/premiereguerremondiale\/wp-json\/wp\/v2\/media\/3213"}],"wp:attachment":[{"href":"https:\/\/www.museedelaguerre.ca\/premiereguerremondiale\/wp-json\/wp\/v2\/media?parent=304"}],"curies":[{"name":"wp","href":"https:\/\/api.w.org\/{rel}","templated":true}]}}