{"id":302,"date":"2014-07-17T19:54:11","date_gmt":"2014-07-17T19:54:11","guid":{"rendered":"https:\/\/www.museedelaguerre.ca\/premiere-guerre-mondial\/?page_id=302"},"modified":"2015-10-08T12:26:14","modified_gmt":"2015-10-08T12:26:14","slug":"medecine","status":"publish","type":"page","link":"https:\/\/www.museedelaguerre.ca\/premiereguerremondiale\/histoire\/la-vie-au-front\/medecine\/","title":{"rendered":"M\u00e9decine"},"content":{"rendered":"<p>Le petit Corps m\u00e9dical de l\u2019arm\u00e9e canadienne grandit de fa\u00e7on exponentielle au cours de la guerre, embauchant nombre de professionnels de la sant\u00e9 canadiens pour le travail de guerre. Son personnel apprit les proc\u00e9dures et les techniques n\u00e9cessaires pour traiter un nombre et une diversit\u00e9 sans pr\u00e9c\u00e9dent de blessures.<\/p>\n","protected":false},"excerpt":{"rendered":"<p>Le petit Corps m\u00e9dical de l\u2019arm\u00e9e canadienne grandit de fa\u00e7on exponentielle au cours de la guerre, embauchant nombre de professionnels de la sant\u00e9 canadiens pour le travail de guerre. Son personnel apprit les proc\u00e9dures et les techniques n\u00e9cessaires pour traiter un nombre et une diversit\u00e9 sans pr\u00e9c\u00e9dent de blessures.<\/p>\n","protected":false},"author":1,"featured_media":298,"parent":244,"menu_order":2,"comment_status":"closed","ping_status":"closed","template":"listing-history.php","meta":{"footnotes":""},"_links":{"self":[{"href":"https:\/\/www.museedelaguerre.ca\/premiereguerremondiale\/wp-json\/wp\/v2\/pages\/302"}],"collection":[{"href":"https:\/\/www.museedelaguerre.ca\/premiereguerremondiale\/wp-json\/wp\/v2\/pages"}],"about":[{"href":"https:\/\/www.museedelaguerre.ca\/premiereguerremondiale\/wp-json\/wp\/v2\/types\/page"}],"author":[{"embeddable":true,"href":"https:\/\/www.museedelaguerre.ca\/premiereguerremondiale\/wp-json\/wp\/v2\/users\/1"}],"replies":[{"embeddable":true,"href":"https:\/\/www.museedelaguerre.ca\/premiereguerremondiale\/wp-json\/wp\/v2\/comments?post=302"}],"version-history":[{"count":2,"href":"https:\/\/www.museedelaguerre.ca\/premiereguerremondiale\/wp-json\/wp\/v2\/pages\/302\/revisions"}],"predecessor-version":[{"id":3491,"href":"https:\/\/www.museedelaguerre.ca\/premiereguerremondiale\/wp-json\/wp\/v2\/pages\/302\/revisions\/3491"}],"up":[{"embeddable":true,"href":"https:\/\/www.museedelaguerre.ca\/premiereguerremondiale\/wp-json\/wp\/v2\/pages\/244"}],"wp:featuredmedia":[{"embeddable":true,"href":"https:\/\/www.museedelaguerre.ca\/premiereguerremondiale\/wp-json\/wp\/v2\/media\/298"}],"wp:attachment":[{"href":"https:\/\/www.museedelaguerre.ca\/premiereguerremondiale\/wp-json\/wp\/v2\/media?parent=302"}],"curies":[{"name":"wp","href":"https:\/\/api.w.org\/{rel}","templated":true}]}}