{"id":3,"date":"2014-07-14T17:23:46","date_gmt":"2014-07-14T17:23:46","guid":{"rendered":"https:\/\/www.museedelaguerre.ca\/premiere-guerre-mondial\/?page_id=3"},"modified":"2014-08-13T14:18:39","modified_gmt":"2014-08-13T14:18:39","slug":"accueil","status":"publish","type":"page","link":"https:\/\/www.museedelaguerre.ca\/premiereguerremondiale\/","title":{"rendered":"Accueil"},"content":{"rendered":"<p>La contribution du Canada \u00e0 la Premi\u00e8re Guerre mondiale a certes ajout\u00e9 \u00e0 son autonomie et \u00e0 sa reconnaissance internationale, mais \u00e0 quels co\u00fbts\u202f?<\/p>\n","protected":false},"excerpt":{"rendered":"<p>La contribution du Canada \u00e0 la Premi\u00e8re Guerre mondiale a certes ajout\u00e9 \u00e0 son autonomie et \u00e0 sa reconnaissance internationale, mais \u00e0 quels co\u00fbts\u202f?<\/p>\n","protected":false},"author":1,"featured_media":985,"parent":0,"menu_order":0,"comment_status":"open","ping_status":"open","template":"home.php","meta":{"footnotes":""},"_links":{"self":[{"href":"https:\/\/www.museedelaguerre.ca\/premiereguerremondiale\/wp-json\/wp\/v2\/pages\/3"}],"collection":[{"href":"https:\/\/www.museedelaguerre.ca\/premiereguerremondiale\/wp-json\/wp\/v2\/pages"}],"about":[{"href":"https:\/\/www.museedelaguerre.ca\/premiereguerremondiale\/wp-json\/wp\/v2\/types\/page"}],"author":[{"embeddable":true,"href":"https:\/\/www.museedelaguerre.ca\/premiereguerremondiale\/wp-json\/wp\/v2\/users\/1"}],"replies":[{"embeddable":true,"href":"https:\/\/www.museedelaguerre.ca\/premiereguerremondiale\/wp-json\/wp\/v2\/comments?post=3"}],"version-history":[{"count":9,"href":"https:\/\/www.museedelaguerre.ca\/premiereguerremondiale\/wp-json\/wp\/v2\/pages\/3\/revisions"}],"predecessor-version":[{"id":2830,"href":"https:\/\/www.museedelaguerre.ca\/premiereguerremondiale\/wp-json\/wp\/v2\/pages\/3\/revisions\/2830"}],"wp:featuredmedia":[{"embeddable":true,"href":"https:\/\/www.museedelaguerre.ca\/premiereguerremondiale\/wp-json\/wp\/v2\/media\/985"}],"wp:attachment":[{"href":"https:\/\/www.museedelaguerre.ca\/premiereguerremondiale\/wp-json\/wp\/v2\/media?parent=3"}],"curies":[{"name":"wp","href":"https:\/\/api.w.org\/{rel}","templated":true}]}}