{"id":295,"date":"2014-07-17T19:20:12","date_gmt":"2014-07-17T19:20:12","guid":{"rendered":"https:\/\/www.museedelaguerre.ca\/premiere-guerre-mondial\/?page_id=295"},"modified":"2014-08-14T17:37:54","modified_gmt":"2014-08-14T17:37:54","slug":"lart-des-tranchees","status":"publish","type":"page","link":"https:\/\/www.museedelaguerre.ca\/premiereguerremondiale\/histoire\/la-vie-au-front\/la-culture-des-tranchees\/lart-des-tranchees\/","title":{"rendered":"L&rsquo;art des tranch\u00e9es"},"content":{"rendered":"<p class=\"excerpt\">Au cours de leurs temps libres au front, des soldats de talent cr\u00e9\u00e8rent des \u0153uvres d&rsquo;art des tranch\u00e9es \u00e0 partir de vestiges de la guerre tels que des balles et des douilles d&rsquo;obus jet\u00e9es. Cet \u00ab\u00a0art\u00a0\u00bb ne faisait pas partie du programme d&rsquo;art militaire officiel. Sa production \u00e9tait un passe-temps populaire et beaucoup de sp\u00e9cimens ont surv\u00e9cu \u00e0 la guerre.<\/p>\n<h2>La naissance de l&rsquo;art des tranch\u00e9es<\/h2>\n<p>Des soldats cr\u00e9aient des \u0153uvres d&rsquo;art des tranch\u00e9es au front et derri\u00e8re les lignes. Des civils d\u00e9plac\u00e9s et des travailleurs chinois augmentaient souvent leurs maigres gains en sculptant et en vendant de ces \u0153uvres. Comme il \u00e9tait ill\u00e9gal de se servir de biens de l&rsquo;\u00c9tat \u00e0 des fins personnelles, de nombreux artistes des tranch\u00e9es ne signaient pas leurs \u0153uvres, et une grande partie de cet art est donc anonyme.<\/p>\n<h2>Les soldats rapportent leurs \u0153uvres au pays<\/h2>\n<p>Les soldats consid\u00e9raient l&rsquo;art des tranch\u00e9es comme autant de souvenirs du service, et ils rapport\u00e8rent de nombreuses pi\u00e8ces au Canada apr\u00e8s la guerre, o\u00f9 elles furent conserv\u00e9es pendant des dizaines d&rsquo;ann\u00e9es dans des demeures familiales.<\/p>\n<p>Le Mus\u00e9e canadien de la guerre poss\u00e8de plus de 100 sp\u00e9cimens d&rsquo;artefacts de la Premi\u00e8re Guerre mondiale, et des dizaines d&rsquo;autres dans sa collection de la Seconde Guerre mondiale et de r\u00e9centes op\u00e9rations militaires.<\/p>\n<h3>Poursuivez votre exploration avec ces sujets :<\/h3>\n<ul class=\"related\">\n<li><a href=\"\/premiereguerremondiale\/histoire\/apres-la-guerre\/les-anciens-combattants\/rapatriement-et-demobilisation\/\">Rapatriement et d\u00e9mobilisation<\/a><\/li>\n<li><a href=\"\/premiereguerremondiale\/histoire\/apres-la-guerre\/histoire\/trophees-de-guerre\/\">Troph\u00e9es de guerre<\/a><\/li>\n<li><a href=\"\/premiereguerremondiale\/histoire\/la-vie-au-front\/derriere-les-lignes-de-front\/repos-et-loisirs\/\">Repos et loisirs<\/a><\/li>\n<\/ul>\n","protected":false},"excerpt":{"rendered":"<p>Au cours de leurs temps libres au front, des soldats de talent cr\u00e9\u00e8rent des \u0153uvres d&rsquo;art des tranch\u00e9es \u00e0 partir de vestiges de la guerre tels que des balles et des douilles d&rsquo;obus jet\u00e9es. Cet \u00ab\u00a0art\u00a0\u00bb ne faisait pas partie du programme d&rsquo;art militaire officiel. Sa production \u00e9tait un passe-temps populaire et beaucoup de sp\u00e9cimens [&hellip;]<\/p>\n","protected":false},"author":1,"featured_media":274,"parent":281,"menu_order":6,"comment_status":"open","ping_status":"open","template":"single-history.php","meta":{"footnotes":""},"_links":{"self":[{"href":"https:\/\/www.museedelaguerre.ca\/premiereguerremondiale\/wp-json\/wp\/v2\/pages\/295"}],"collection":[{"href":"https:\/\/www.museedelaguerre.ca\/premiereguerremondiale\/wp-json\/wp\/v2\/pages"}],"about":[{"href":"https:\/\/www.museedelaguerre.ca\/premiereguerremondiale\/wp-json\/wp\/v2\/types\/page"}],"author":[{"embeddable":true,"href":"https:\/\/www.museedelaguerre.ca\/premiereguerremondiale\/wp-json\/wp\/v2\/users\/1"}],"replies":[{"embeddable":true,"href":"https:\/\/www.museedelaguerre.ca\/premiereguerremondiale\/wp-json\/wp\/v2\/comments?post=295"}],"version-history":[{"count":3,"href":"https:\/\/www.museedelaguerre.ca\/premiereguerremondiale\/wp-json\/wp\/v2\/pages\/295\/revisions"}],"predecessor-version":[{"id":2946,"href":"https:\/\/www.museedelaguerre.ca\/premiereguerremondiale\/wp-json\/wp\/v2\/pages\/295\/revisions\/2946"}],"up":[{"embeddable":true,"href":"https:\/\/www.museedelaguerre.ca\/premiereguerremondiale\/wp-json\/wp\/v2\/pages\/281"}],"wp:featuredmedia":[{"embeddable":true,"href":"https:\/\/www.museedelaguerre.ca\/premiereguerremondiale\/wp-json\/wp\/v2\/media\/274"}],"wp:attachment":[{"href":"https:\/\/www.museedelaguerre.ca\/premiereguerremondiale\/wp-json\/wp\/v2\/media?parent=295"}],"curies":[{"name":"wp","href":"https:\/\/api.w.org\/{rel}","templated":true}]}}